{"id":20260,"date":"2022-07-20T14:39:48","date_gmt":"2022-06-29T08:49:27","guid":{"rendered":"https:\/\/www.strasser.co.at\/?post_type=product&#038;p=20260"},"modified":"2022-10-13T15:29:39","modified_gmt":"2022-10-13T13:29:39","slug":"magurit-fromat-042-profi","status":"publish","type":"product","link":"https:\/\/www.strasser.co.at\/de\/produkt\/magurit-fromat-042-profi\/","title":{"rendered":"VERKAUFT Magurit Fromat 042 Profi"},"content":{"rendered":"<p>robuste, ger\u00e4uscharme, hydraulisch angetriebene<br \/>\nMaschine mit senkrechtem Schneidhub, auch bei<br \/>\nsehr niedrigen Temperaturen erfolgen saubere<br \/>\nSchnitte, leicht zu reinigende<br \/>\nVoll-Edelstahlkonstruktion<br \/>\nSchneidma\u00dfe: max. LxBxH = 750x480x240 mm<br \/>\nErgebnis: Scheiben, Streifen oder faustgro\u00dfe St\u00fccke<br \/>\nLeistung: abh\u00e4ngig von Blockma\u00dfen, Schnittst\u00e4rken,<br \/>\nspezifischem Gewicht, Arbeitsablauf usw.<br \/>\nAusstattung:<br \/>\nPneumatische Hebevorrichtung<br \/>\nPneumatische Wagenandr\u00fcckung<br \/>\nEntnahmem\u00f6glichkeit in 200 lt. Standard-Wagen<br \/>\noder Magurit Schnecke<br \/>\n4 kW Hydraulik, 400 V- 50 Hz<br \/>\nca. 500 kg netto<br \/>\nQuermesserkopf &#8211; 5 Messer, 5 Quermesser<\/p>\n","protected":false},"excerpt":{"rendered":"<p>robuste, ger\u00e4uscharme, hydraulisch angetriebene Maschine mit senkrechtem Schneidhub, auch bei sehr niedrigen Temperaturen erfolgen saubere Schnitte, leicht zu reinigende Voll-Edelstahlkonstruktion Schneidma\u00dfe: max. LxBxH = 750x480x240 mm Ergebnis: Scheiben, Streifen oder faustgro\u00dfe St\u00fccke Leistung: abh\u00e4ngig von Blockma\u00dfen, Schnittst\u00e4rken, spezifischem Gewicht, Arbeitsablauf usw. Ausstattung: Pneumatische Hebevorrichtung Pneumatische Wagenandr\u00fcckung Entnahmem\u00f6glichkeit in 200 lt. Standard-Wagen oder Magurit Schnecke 4 &#8230; <a title=\"VERKAUFT Magurit Fromat 042 Profi\" class=\"read-more\" href=\"https:\/\/www.strasser.co.at\/de\/produkt\/magurit-fromat-042-profi\/\" aria-label=\"Mehr dazu unter VERKAUFT Magurit Fromat 042 Profi\">Weiterlesen<\/a><\/p>\n","protected":false},"featured_media":20264,"comment_status":"open","ping_status":"closed","template":"","meta":{"_acf_changed":false,"_crsspst_to_strasser-maschinench":false,"inline_featured_image":false},"product_cat":[92],"product_tag":[],"class_list":{"0":"post-20260","1":"product","2":"type-product","3":"status-publish","4":"has-post-thumbnail","6":"product_cat-verkauft","8":"first","9":"instock","10":"taxable","11":"shipping-taxable","12":"product-type-simple"},"acf":[],"_links":{"self":[{"href":"https:\/\/www.strasser.co.at\/de\/wp-json\/wp\/v2\/product\/20260","targetHints":{"allow":["GET"]}}],"collection":[{"href":"https:\/\/www.strasser.co.at\/de\/wp-json\/wp\/v2\/product"}],"about":[{"href":"https:\/\/www.strasser.co.at\/de\/wp-json\/wp\/v2\/types\/product"}],"replies":[{"embeddable":true,"href":"https:\/\/www.strasser.co.at\/de\/wp-json\/wp\/v2\/comments?post=20260"}],"wp:featuredmedia":[{"embeddable":true,"href":"https:\/\/www.strasser.co.at\/de\/wp-json\/wp\/v2\/media\/20264"}],"wp:attachment":[{"href":"https:\/\/www.strasser.co.at\/de\/wp-json\/wp\/v2\/media?parent=20260"}],"wp:term":[{"taxonomy":"product_cat","embeddable":true,"href":"https:\/\/www.strasser.co.at\/de\/wp-json\/wp\/v2\/product_cat?post=20260"},{"taxonomy":"product_tag","embeddable":true,"href":"https:\/\/www.strasser.co.at\/de\/wp-json\/wp\/v2\/product_tag?post=20260"}],"curies":[{"name":"wp","href":"https:\/\/api.w.org\/{rel}","templated":true}]}}