{"id":20515,"date":"2022-07-21T09:20:24","date_gmt":"2022-07-21T07:20:24","guid":{"rendered":"https:\/\/www.strasser.co.at\/?post_type=product&#038;p=20515"},"modified":"2024-06-28T11:21:25","modified_gmt":"2024-06-28T09:21:25","slug":"seydelmann-kutter-k40-ac-8-2","status":"publish","type":"product","link":"https:\/\/www.strasser.co.at\/de\/produkt\/seydelmann-kutter-k40-ac-8-2\/","title":{"rendered":"VERKAUFT: Seydelmann Kutter K40 AC-8"},"content":{"rendered":"<p>massiv aus Edelstahl rostfrei<br \/>\n40 L Sch\u00fcssel massiv aus Edelstahl rostfrei<br \/>\nstufenlos programmierbare Schneidg\u00e4nge<br \/>\nMischg\u00e4nge vor- und r\u00fcckw\u00e4rts<br \/>\n2 Sch\u00fcsselgeschwindigkeiten<br \/>\nAnzeige Command 500K &#8211; auf der Maschine montiert<br \/>\ninkl. 6 Kuttermesser, mit Zubeh\u00f6r, gebraucht<\/p>\n","protected":false},"excerpt":{"rendered":"<p>massiv aus Edelstahl rostfrei 40 L Sch\u00fcssel massiv aus Edelstahl rostfrei stufenlos programmierbare Schneidg\u00e4nge Mischg\u00e4nge vor- und r\u00fcckw\u00e4rts 2 Sch\u00fcsselgeschwindigkeiten Anzeige Command 500K &#8211; auf der Maschine montiert inkl. 6 Kuttermesser, mit Zubeh\u00f6r, gebraucht<\/p>\n","protected":false},"featured_media":26740,"comment_status":"open","ping_status":"closed","template":"","meta":{"_acf_changed":false,"_crsspst_to_strasser-maschinench":true,"inline_featured_image":false},"product_cat":[92],"product_tag":[],"class_list":{"0":"post-20515","1":"product","2":"type-product","3":"status-publish","4":"has-post-thumbnail","6":"product_cat-verkauft","8":"first","9":"instock","10":"taxable","11":"shipping-taxable","12":"product-type-simple"},"acf":[],"_links":{"self":[{"href":"https:\/\/www.strasser.co.at\/de\/wp-json\/wp\/v2\/product\/20515","targetHints":{"allow":["GET"]}}],"collection":[{"href":"https:\/\/www.strasser.co.at\/de\/wp-json\/wp\/v2\/product"}],"about":[{"href":"https:\/\/www.strasser.co.at\/de\/wp-json\/wp\/v2\/types\/product"}],"replies":[{"embeddable":true,"href":"https:\/\/www.strasser.co.at\/de\/wp-json\/wp\/v2\/comments?post=20515"}],"wp:featuredmedia":[{"embeddable":true,"href":"https:\/\/www.strasser.co.at\/de\/wp-json\/wp\/v2\/media\/26740"}],"wp:attachment":[{"href":"https:\/\/www.strasser.co.at\/de\/wp-json\/wp\/v2\/media?parent=20515"}],"wp:term":[{"taxonomy":"product_cat","embeddable":true,"href":"https:\/\/www.strasser.co.at\/de\/wp-json\/wp\/v2\/product_cat?post=20515"},{"taxonomy":"product_tag","embeddable":true,"href":"https:\/\/www.strasser.co.at\/de\/wp-json\/wp\/v2\/product_tag?post=20515"}],"curies":[{"name":"wp","href":"https:\/\/api.w.org\/{rel}","templated":true}]}}