{"id":20780,"date":"2022-08-02T12:46:17","date_gmt":"2022-08-02T10:46:17","guid":{"rendered":"https:\/\/www.strasser.co.at\/?post_type=product&#038;p=20780"},"modified":"2022-10-13T15:30:38","modified_gmt":"2022-10-13T13:30:38","slug":"multivac-vakuummaschine-c400","status":"publish","type":"product","link":"https:\/\/www.strasser.co.at\/de\/produkt\/multivac-vakuummaschine-c400\/","title":{"rendered":"VERKAUFT  Multivac Vakuummaschine C400"},"content":{"rendered":"<p>Baujahr 2013<br \/>\nDie fahrbare Multivac Standkammermaschine eignet<br \/>\nsich besonders f\u00fcr das Verpacken von gr\u00f6\u00dferen<br \/>\nProdukten.<\/p>\n","protected":false},"excerpt":{"rendered":"<p>Baujahr 2013 Die fahrbare Multivac Standkammermaschine eignet sich besonders f\u00fcr das Verpacken von gr\u00f6\u00dferen Produkten.<\/p>\n","protected":false},"featured_media":20783,"comment_status":"open","ping_status":"closed","template":"","meta":{"_acf_changed":false,"_crsspst_to_strasser-maschinench":false,"inline_featured_image":false},"product_cat":[92],"product_tag":[],"class_list":{"0":"post-20780","1":"product","2":"type-product","3":"status-publish","4":"has-post-thumbnail","6":"product_cat-verkauft","8":"first","9":"instock","10":"taxable","11":"shipping-taxable","12":"product-type-simple"},"acf":[],"_links":{"self":[{"href":"https:\/\/www.strasser.co.at\/de\/wp-json\/wp\/v2\/product\/20780","targetHints":{"allow":["GET"]}}],"collection":[{"href":"https:\/\/www.strasser.co.at\/de\/wp-json\/wp\/v2\/product"}],"about":[{"href":"https:\/\/www.strasser.co.at\/de\/wp-json\/wp\/v2\/types\/product"}],"replies":[{"embeddable":true,"href":"https:\/\/www.strasser.co.at\/de\/wp-json\/wp\/v2\/comments?post=20780"}],"wp:featuredmedia":[{"embeddable":true,"href":"https:\/\/www.strasser.co.at\/de\/wp-json\/wp\/v2\/media\/20783"}],"wp:attachment":[{"href":"https:\/\/www.strasser.co.at\/de\/wp-json\/wp\/v2\/media?parent=20780"}],"wp:term":[{"taxonomy":"product_cat","embeddable":true,"href":"https:\/\/www.strasser.co.at\/de\/wp-json\/wp\/v2\/product_cat?post=20780"},{"taxonomy":"product_tag","embeddable":true,"href":"https:\/\/www.strasser.co.at\/de\/wp-json\/wp\/v2\/product_tag?post=20780"}],"curies":[{"name":"wp","href":"https:\/\/api.w.org\/{rel}","templated":true}]}}