{"id":21095,"date":"2022-08-18T14:59:56","date_gmt":"2022-08-18T12:59:56","guid":{"rendered":"https:\/\/www.strasser.co.at\/?post_type=product&#038;p=21095"},"modified":"2022-11-23T08:19:28","modified_gmt":"2022-11-23T07:19:28","slug":"seydelmann-kutter-k206-u","status":"publish","type":"product","link":"https:\/\/www.strasser.co.at\/de\/produkt\/seydelmann-kutter-k206-u\/","title":{"rendered":"VERKAUFT Seydelmann Kutter K206 U"},"content":{"rendered":"<p>massiv aus Edelstahl rostfrei<br \/>\n200L Sch\u00fcssel massiv aus Edelstahl rostfrei<br \/>\n2 Geschwindigkeiten f\u00fcr Messer<br \/>\n2 Mischg\u00e4nge vorw\u00e4rts<br \/>\n2 Sch\u00fcsselgeschwindigkeiten<br \/>\nL\u00e4rmschutzdeckel<br \/>\nAuswerfer<br \/>\nBeladung f. 200 L Wagen<br \/>\nLeistung: 90 kW<br \/>\nDigitalanzeige DGA 33,<br \/>\ndigitale Anzeige f\u00fcr Temperatur, Laufzeit und Geschwindigkeit<br \/>\nin separatem Edelstahl Geh\u00e4use<br \/>\ninkl. 6 Kuttermesser, mit Zubeh\u00f6r, gebraucht<\/p>\n","protected":false},"excerpt":{"rendered":"<p>massiv aus Edelstahl rostfrei 200L Sch\u00fcssel massiv aus Edelstahl rostfrei 2 Geschwindigkeiten f\u00fcr Messer 2 Mischg\u00e4nge vorw\u00e4rts 2 Sch\u00fcsselgeschwindigkeiten L\u00e4rmschutzdeckel Auswerfer Beladung f. 200 L Wagen Leistung: 90 kW Digitalanzeige DGA 33, digitale Anzeige f\u00fcr Temperatur, Laufzeit und Geschwindigkeit in separatem Edelstahl Geh\u00e4use inkl. 6 Kuttermesser, mit Zubeh\u00f6r, gebraucht<\/p>\n","protected":false},"featured_media":21655,"comment_status":"closed","ping_status":"closed","template":"","meta":{"_acf_changed":false,"_crsspst_to_strasser-maschinench":false,"inline_featured_image":false},"product_cat":[92],"product_tag":[],"class_list":{"0":"post-21095","1":"product","2":"type-product","3":"status-publish","4":"has-post-thumbnail","6":"product_cat-verkauft","8":"first","9":"instock","10":"taxable","11":"shipping-taxable","12":"product-type-simple"},"acf":[],"_links":{"self":[{"href":"https:\/\/www.strasser.co.at\/de\/wp-json\/wp\/v2\/product\/21095","targetHints":{"allow":["GET"]}}],"collection":[{"href":"https:\/\/www.strasser.co.at\/de\/wp-json\/wp\/v2\/product"}],"about":[{"href":"https:\/\/www.strasser.co.at\/de\/wp-json\/wp\/v2\/types\/product"}],"replies":[{"embeddable":true,"href":"https:\/\/www.strasser.co.at\/de\/wp-json\/wp\/v2\/comments?post=21095"}],"wp:featuredmedia":[{"embeddable":true,"href":"https:\/\/www.strasser.co.at\/de\/wp-json\/wp\/v2\/media\/21655"}],"wp:attachment":[{"href":"https:\/\/www.strasser.co.at\/de\/wp-json\/wp\/v2\/media?parent=21095"}],"wp:term":[{"taxonomy":"product_cat","embeddable":true,"href":"https:\/\/www.strasser.co.at\/de\/wp-json\/wp\/v2\/product_cat?post=21095"},{"taxonomy":"product_tag","embeddable":true,"href":"https:\/\/www.strasser.co.at\/de\/wp-json\/wp\/v2\/product_tag?post=21095"}],"curies":[{"name":"wp","href":"https:\/\/api.w.org\/{rel}","templated":true}]}}