{"id":21123,"date":"2022-08-18T15:35:45","date_gmt":"2022-08-18T13:35:45","guid":{"rendered":"https:\/\/www.strasser.co.at\/?post_type=product&#038;p=21123"},"modified":"2024-10-21T15:13:40","modified_gmt":"2024-10-21T13:13:40","slug":"bastramat-850-c","status":"publish","type":"product","link":"https:\/\/www.strasser.co.at\/de\/produkt\/bastramat-850-c\/","title":{"rendered":"VERKAUFT Bastramat 850 C"},"content":{"rendered":"<p>Fl\u00fcssigrauchanlage zum R\u00f6ten, Trocknen,<br \/>\nR\u00e4uchern und Kochen<br \/>\nElektrobeheizung ca. 16 kW mit Steuerung MC500<br \/>\nKochraum-Inhalt: 1000 l<br \/>\nFassungsverm\u00f6gen: ca. 45 &#8211; 150 kg<br \/>\nje Kaliber und Art d. Ware<br \/>\nRauchstockl\u00e4nge: 800 mm<\/p>\n<p>inkl. 1 Stk. stapelbarer Rauch- und Kochsattenwagen<br \/>\nAu\u00dfenma\u00dfe Wagen: 830 x 700 x 1360 mm<br \/>\naus Chromnickelstahl<br \/>\ninkl. Sichtfenster in der T\u00fcr<\/p>\n<p>Preis ohne Lieferung + Montage<\/p>\n","protected":false},"excerpt":{"rendered":"<p>Fl\u00fcssigrauchanlage zum R\u00f6ten, Trocknen, R\u00e4uchern und Kochen Elektrobeheizung ca. 16 kW mit Steuerung MC500 Kochraum-Inhalt: 1000 l Fassungsverm\u00f6gen: ca. 45 &#8211; 150 kg je Kaliber und Art d. Ware Rauchstockl\u00e4nge: 800 mm inkl. 1 Stk. stapelbarer Rauch- und Kochsattenwagen Au\u00dfenma\u00dfe Wagen: 830 x 700 x 1360 mm aus Chromnickelstahl inkl. Sichtfenster in der T\u00fcr Preis &#8230; <a title=\"VERKAUFT Bastramat 850 C\" class=\"read-more\" href=\"https:\/\/www.strasser.co.at\/de\/produkt\/bastramat-850-c\/\" aria-label=\"Mehr dazu unter VERKAUFT Bastramat 850 C\">Weiterlesen<\/a><\/p>\n","protected":false},"featured_media":26905,"comment_status":"closed","ping_status":"closed","template":"","meta":{"_acf_changed":false,"_crsspst_to_strasser-maschinench":true,"inline_featured_image":false},"product_cat":[92],"product_tag":[],"class_list":{"0":"post-21123","1":"product","2":"type-product","3":"status-publish","4":"has-post-thumbnail","6":"product_cat-verkauft","8":"first","9":"instock","10":"taxable","11":"shipping-taxable","12":"product-type-simple"},"acf":[],"_links":{"self":[{"href":"https:\/\/www.strasser.co.at\/de\/wp-json\/wp\/v2\/product\/21123","targetHints":{"allow":["GET"]}}],"collection":[{"href":"https:\/\/www.strasser.co.at\/de\/wp-json\/wp\/v2\/product"}],"about":[{"href":"https:\/\/www.strasser.co.at\/de\/wp-json\/wp\/v2\/types\/product"}],"replies":[{"embeddable":true,"href":"https:\/\/www.strasser.co.at\/de\/wp-json\/wp\/v2\/comments?post=21123"}],"wp:featuredmedia":[{"embeddable":true,"href":"https:\/\/www.strasser.co.at\/de\/wp-json\/wp\/v2\/media\/26905"}],"wp:attachment":[{"href":"https:\/\/www.strasser.co.at\/de\/wp-json\/wp\/v2\/media?parent=21123"}],"wp:term":[{"taxonomy":"product_cat","embeddable":true,"href":"https:\/\/www.strasser.co.at\/de\/wp-json\/wp\/v2\/product_cat?post=21123"},{"taxonomy":"product_tag","embeddable":true,"href":"https:\/\/www.strasser.co.at\/de\/wp-json\/wp\/v2\/product_tag?post=21123"}],"curies":[{"name":"wp","href":"https:\/\/api.w.org\/{rel}","templated":true}]}}