{"id":21220,"date":"2022-08-24T13:55:10","date_gmt":"2022-08-24T11:55:10","guid":{"rendered":"https:\/\/www.strasser.co.at\/?post_type=product&#038;p=21220"},"modified":"2022-12-01T07:35:12","modified_gmt":"2022-12-01T06:35:12","slug":"henneken-vak-tumbler-cvm-600","status":"publish","type":"product","link":"https:\/\/www.strasser.co.at\/de\/produkt\/henneken-vak-tumbler-cvm-600\/","title":{"rendered":"VERKAUFT Henneken Vak. Tumbler CVM 600"},"content":{"rendered":"<p>Baujahr 2022<br \/>\nCombi Vakuumtumbler mit Hygienedesign<br \/>\nmit Stellf\u00fc\u00dfen<br \/>\nmit Vakuum; ohne K\u00fchlung<br \/>\nBeladevorrichtung rechts f\u00fcr 200L Kutterwagen<\/p>\n<p>Gesamtvolumen: 600 L<br \/>\nSpannung: 400 V, 50 Hz, 3 Phasen<br \/>\nGetriebe: 3,0 kW<br \/>\nFrequenzumr..: 3,0 kW<br \/>\nSchwenkgetriebe: 0,55 KW<br \/>\nDrehzahl: stufenlos; 3-20 Umdrehungen\/Minute<br \/>\nSchwenkvorr.: motorisch schwenkbar\u00a0 Winkel einstellbar<br \/>\nVakuumpumpe: eingebaute Busch Vak. Pumpe 0016, 0,55 kW\u00a0 Vakuum stufenlos einstellbar<br \/>\nWasserabscheider: eingebaut, mit automatischem Ablass<\/p>\n<p>Steuerung: Siemens Touch-Panel KTP 700, SPS S7\u00a0 montiert innerhalb des Maschinengeh\u00e4uses komplett programmierbar<br \/>\nSchutzart: IP 66<br \/>\nDeckel: motorisches \u00f6ffnen und schlie\u00dfen mittels Lineargetriebe 0,55 kW\u00a0 Beh\u00e4lter: \u00d8 950 x 700 mm \u00d6ffnung \u00d8 950 mm<br \/>\nInnen m. entnehmbaren Polterarm u. aufsetzbaren<br \/>\nMischrechen Abstreifergummi einfach abnehmbar ohne Werkzeug<\/p>\n","protected":false},"excerpt":{"rendered":"<p>Baujahr 2022 Combi Vakuumtumbler mit Hygienedesign mit Stellf\u00fc\u00dfen mit Vakuum; ohne K\u00fchlung Beladevorrichtung rechts f\u00fcr 200L Kutterwagen Gesamtvolumen: 600 L Spannung: 400 V, 50 Hz, 3 Phasen Getriebe: 3,0 kW Frequenzumr..: 3,0 kW Schwenkgetriebe: 0,55 KW Drehzahl: stufenlos; 3-20 Umdrehungen\/Minute Schwenkvorr.: motorisch schwenkbar\u00a0 Winkel einstellbar Vakuumpumpe: eingebaute Busch Vak. Pumpe 0016, 0,55 kW\u00a0 Vakuum stufenlos &#8230; <a title=\"VERKAUFT Henneken Vak. Tumbler CVM 600\" class=\"read-more\" href=\"https:\/\/www.strasser.co.at\/de\/produkt\/henneken-vak-tumbler-cvm-600\/\" aria-label=\"Mehr dazu unter VERKAUFT Henneken Vak. Tumbler CVM 600\">Weiterlesen<\/a><\/p>\n","protected":false},"featured_media":21223,"comment_status":"closed","ping_status":"closed","template":"","meta":{"_acf_changed":false,"_crsspst_to_strasser-maschinench":false,"inline_featured_image":false},"product_cat":[92],"product_tag":[],"class_list":{"0":"post-21220","1":"product","2":"type-product","3":"status-publish","4":"has-post-thumbnail","6":"product_cat-verkauft","8":"first","9":"instock","10":"taxable","11":"shipping-taxable","12":"product-type-simple"},"acf":[],"_links":{"self":[{"href":"https:\/\/www.strasser.co.at\/de\/wp-json\/wp\/v2\/product\/21220","targetHints":{"allow":["GET"]}}],"collection":[{"href":"https:\/\/www.strasser.co.at\/de\/wp-json\/wp\/v2\/product"}],"about":[{"href":"https:\/\/www.strasser.co.at\/de\/wp-json\/wp\/v2\/types\/product"}],"replies":[{"embeddable":true,"href":"https:\/\/www.strasser.co.at\/de\/wp-json\/wp\/v2\/comments?post=21220"}],"wp:featuredmedia":[{"embeddable":true,"href":"https:\/\/www.strasser.co.at\/de\/wp-json\/wp\/v2\/media\/21223"}],"wp:attachment":[{"href":"https:\/\/www.strasser.co.at\/de\/wp-json\/wp\/v2\/media?parent=21220"}],"wp:term":[{"taxonomy":"product_cat","embeddable":true,"href":"https:\/\/www.strasser.co.at\/de\/wp-json\/wp\/v2\/product_cat?post=21220"},{"taxonomy":"product_tag","embeddable":true,"href":"https:\/\/www.strasser.co.at\/de\/wp-json\/wp\/v2\/product_tag?post=21220"}],"curies":[{"name":"wp","href":"https:\/\/api.w.org\/{rel}","templated":true}]}}