{"id":21319,"date":"2022-08-31T08:14:52","date_gmt":"2022-08-31T06:14:52","guid":{"rendered":"https:\/\/www.strasser.co.at\/?post_type=product&#038;p=21319"},"modified":"2022-11-15T08:31:13","modified_gmt":"2022-11-15T07:31:13","slug":"seydelmann-kutter-k75-u","status":"publish","type":"product","link":"https:\/\/www.strasser.co.at\/de\/produkt\/seydelmann-kutter-k75-u\/","title":{"rendered":"VERKAUFT Seydelmann Kutter K75 U"},"content":{"rendered":"<p>massiv aus Edelstahl rostfrei<br \/>\n75L Sch\u00fcssel massiv aus Edelstahl rostfrei<br \/>\n2 Geschwindigkeiten f\u00fcr Messer<br \/>\n2 Mischg\u00e4nge vorw\u00e4rts<br \/>\n2 Sch\u00fcsselgeschwindigkeiten<br \/>\nLeistung: 21 kW<br \/>\nDigitalanzeige DGA 32,<br \/>\ndigitale Anzeige f\u00fcr Temperatur, Laufzeit und Geschwindigkeit<br \/>\nin separatem Edelstahl Geh\u00e4use<br \/>\ninkl. 6 Kuttermesser, mit Zubeh\u00f6r, gebraucht<\/p>\n","protected":false},"excerpt":{"rendered":"<p>massiv aus Edelstahl rostfrei 75L Sch\u00fcssel massiv aus Edelstahl rostfrei 2 Geschwindigkeiten f\u00fcr Messer 2 Mischg\u00e4nge vorw\u00e4rts 2 Sch\u00fcsselgeschwindigkeiten Leistung: 21 kW Digitalanzeige DGA 32, digitale Anzeige f\u00fcr Temperatur, Laufzeit und Geschwindigkeit in separatem Edelstahl Geh\u00e4use inkl. 6 Kuttermesser, mit Zubeh\u00f6r, gebraucht<\/p>\n","protected":false},"featured_media":0,"comment_status":"closed","ping_status":"closed","template":"","meta":{"_acf_changed":false,"_crsspst_to_strasser-maschinench":false,"inline_featured_image":false},"product_cat":[92],"product_tag":[],"class_list":{"0":"post-21319","1":"product","2":"type-product","3":"status-publish","5":"product_cat-verkauft","7":"first","8":"instock","9":"taxable","10":"shipping-taxable","11":"product-type-simple"},"acf":[],"_links":{"self":[{"href":"https:\/\/www.strasser.co.at\/de\/wp-json\/wp\/v2\/product\/21319","targetHints":{"allow":["GET"]}}],"collection":[{"href":"https:\/\/www.strasser.co.at\/de\/wp-json\/wp\/v2\/product"}],"about":[{"href":"https:\/\/www.strasser.co.at\/de\/wp-json\/wp\/v2\/types\/product"}],"replies":[{"embeddable":true,"href":"https:\/\/www.strasser.co.at\/de\/wp-json\/wp\/v2\/comments?post=21319"}],"wp:attachment":[{"href":"https:\/\/www.strasser.co.at\/de\/wp-json\/wp\/v2\/media?parent=21319"}],"wp:term":[{"taxonomy":"product_cat","embeddable":true,"href":"https:\/\/www.strasser.co.at\/de\/wp-json\/wp\/v2\/product_cat?post=21319"},{"taxonomy":"product_tag","embeddable":true,"href":"https:\/\/www.strasser.co.at\/de\/wp-json\/wp\/v2\/product_tag?post=21319"}],"curies":[{"name":"wp","href":"https:\/\/api.w.org\/{rel}","templated":true}]}}