{"id":21403,"date":"2022-09-08T09:58:46","date_gmt":"2022-09-08T07:58:46","guid":{"rendered":"https:\/\/www.strasser.co.at\/?post_type=product&#038;p=21403"},"modified":"2022-12-27T08:27:27","modified_gmt":"2022-12-27T07:27:27","slug":"ab-hamburgerformer-f1-6","status":"publish","type":"product","link":"https:\/\/www.strasser.co.at\/de\/produkt\/ab-hamburgerformer-f1-6\/","title":{"rendered":"AB HAMBURGERFORMER F1"},"content":{"rendered":"<p>kompakte, leistungsstarke Formmaschine<br \/>\nf\u00fcr Hamburger, Kaspresskn\u00f6del uvm.<br \/>\nbis zu 1000 St\u00fcck\/Stunde<br \/>\nF\u00f6rderband: 390 mm<br \/>\nTrichter 16 L \/ ca. 10 kg Fleisch<br \/>\nPatty Dicke 0-32mm einstellbar<br \/>\nPaddel und Trommel sind f\u00fcr<br \/>\ndie Reinigung leicht zu demontieren.<br \/>\nPapierzufuhr<br \/>\nGewicht: 57 kg<br \/>\ninkl. 1 Rundform, max. Formdurchmesser 130 mm<br \/>\nSonder- und Mehrfachformen auf Anfrage.<\/p>\n","protected":false},"excerpt":{"rendered":"<p>kompakte, leistungsstarke Formmaschine f\u00fcr Hamburger, Kaspresskn\u00f6del uvm. bis zu 1000 St\u00fcck\/Stunde F\u00f6rderband: 390 mm Trichter 16 L \/ ca. 10 kg Fleisch Patty Dicke 0-32mm einstellbar Paddel und Trommel sind f\u00fcr die Reinigung leicht zu demontieren. Papierzufuhr Gewicht: 57 kg inkl. 1 Rundform, max. Formdurchmesser 130 mm Sonder- und Mehrfachformen auf Anfrage.<\/p>\n","protected":false},"featured_media":0,"comment_status":"closed","ping_status":"closed","template":"","meta":{"_acf_changed":false,"_crsspst_to_strasser-maschinench":false,"inline_featured_image":false},"product_cat":[92],"product_tag":[],"class_list":{"0":"post-21403","1":"product","2":"type-product","3":"status-publish","5":"product_cat-verkauft","7":"first","8":"instock","9":"taxable","10":"shipping-taxable","11":"product-type-simple"},"acf":[],"_links":{"self":[{"href":"https:\/\/www.strasser.co.at\/de\/wp-json\/wp\/v2\/product\/21403","targetHints":{"allow":["GET"]}}],"collection":[{"href":"https:\/\/www.strasser.co.at\/de\/wp-json\/wp\/v2\/product"}],"about":[{"href":"https:\/\/www.strasser.co.at\/de\/wp-json\/wp\/v2\/types\/product"}],"replies":[{"embeddable":true,"href":"https:\/\/www.strasser.co.at\/de\/wp-json\/wp\/v2\/comments?post=21403"}],"wp:attachment":[{"href":"https:\/\/www.strasser.co.at\/de\/wp-json\/wp\/v2\/media?parent=21403"}],"wp:term":[{"taxonomy":"product_cat","embeddable":true,"href":"https:\/\/www.strasser.co.at\/de\/wp-json\/wp\/v2\/product_cat?post=21403"},{"taxonomy":"product_tag","embeddable":true,"href":"https:\/\/www.strasser.co.at\/de\/wp-json\/wp\/v2\/product_tag?post=21403"}],"curies":[{"name":"wp","href":"https:\/\/api.w.org\/{rel}","templated":true}]}}