{"id":21486,"date":"2022-09-20T11:15:09","date_gmt":"2022-09-20T09:15:09","guid":{"rendered":"https:\/\/www.strasser.co.at\/?post_type=product&#038;p=21486"},"modified":"2024-03-28T15:49:21","modified_gmt":"2024-03-28T14:49:21","slug":"bastra-rauch-kochsattenwagen","status":"publish","type":"product","link":"https:\/\/www.strasser.co.at\/de\/produkt\/bastra-rauch-kochsattenwagen\/","title":{"rendered":"VERKAUFT: Bastra Rauch- &#038; Kochsattenwagen"},"content":{"rendered":"<p>stapelbar<br \/>\naus Chromnickelstahl<br \/>\nmit 5 Auflagen f\u00fcr Rauchst\u00f6cke,<br \/>\nKochsatten und Fettauffangwanne.<br \/>\nRauchstockl\u00e4nge: 800 mm<br \/>\nAu\u00dfenma\u00dfe: 830 x 700 x 1360 mm<\/p>\n","protected":false},"excerpt":{"rendered":"<p>stapelbar aus Chromnickelstahl mit 5 Auflagen f\u00fcr Rauchst\u00f6cke, Kochsatten und Fettauffangwanne. Rauchstockl\u00e4nge: 800 mm Au\u00dfenma\u00dfe: 830 x 700 x 1360 mm<\/p>\n","protected":false},"featured_media":0,"comment_status":"closed","ping_status":"closed","template":"","meta":{"_acf_changed":false,"_crsspst_to_strasser-maschinench":true,"inline_featured_image":false},"product_cat":[92],"product_tag":[],"class_list":{"0":"post-21486","1":"product","2":"type-product","3":"status-publish","5":"product_cat-verkauft","7":"first","8":"instock","9":"taxable","10":"shipping-taxable","11":"product-type-simple"},"acf":[],"_links":{"self":[{"href":"https:\/\/www.strasser.co.at\/de\/wp-json\/wp\/v2\/product\/21486","targetHints":{"allow":["GET"]}}],"collection":[{"href":"https:\/\/www.strasser.co.at\/de\/wp-json\/wp\/v2\/product"}],"about":[{"href":"https:\/\/www.strasser.co.at\/de\/wp-json\/wp\/v2\/types\/product"}],"replies":[{"embeddable":true,"href":"https:\/\/www.strasser.co.at\/de\/wp-json\/wp\/v2\/comments?post=21486"}],"wp:attachment":[{"href":"https:\/\/www.strasser.co.at\/de\/wp-json\/wp\/v2\/media?parent=21486"}],"wp:term":[{"taxonomy":"product_cat","embeddable":true,"href":"https:\/\/www.strasser.co.at\/de\/wp-json\/wp\/v2\/product_cat?post=21486"},{"taxonomy":"product_tag","embeddable":true,"href":"https:\/\/www.strasser.co.at\/de\/wp-json\/wp\/v2\/product_tag?post=21486"}],"curies":[{"name":"wp","href":"https:\/\/api.w.org\/{rel}","templated":true}]}}