{"id":21530,"date":"2022-09-22T15:13:13","date_gmt":"2022-09-22T13:13:13","guid":{"rendered":"https:\/\/www.strasser.co.at\/?post_type=product&#038;p=21530"},"modified":"2023-08-21T13:46:29","modified_gmt":"2023-08-21T11:46:29","slug":"seydelmann-kutter-k206-dc-8-3","status":"publish","type":"product","link":"https:\/\/www.strasser.co.at\/de\/produkt\/seydelmann-kutter-k206-dc-8-3\/","title":{"rendered":"VERKAUFT Seydelmann Kutter K206 DC-8"},"content":{"rendered":"<p>zurzeit teilzerlegt<br \/>\nmassiv aus Edelstahl rostfrei<br \/>\n200 L Sch\u00fcssel massiv aus Edelstahl rostfrei<br \/>\n2 Sch\u00fcsselgeschwindigkeiten<br \/>\nHauptdeckel, hydraulisch bet\u00e4tigt<br \/>\nL\u00e4rmschutzdeckel, hydraulisch bet\u00e4tigt<br \/>\nHydraulischer Auswerfer rechts<br \/>\nBeladevorrichtung f\u00fcr BW200, hydraulisch, integriert<br \/>\nMicro 114, separat in Edelstahlgeh\u00e4use<br \/>\nEdelstahl Schaltschrank, separat von der Maschine<br \/>\n6 Kuttermesser gebraucht, mit Zubeh\u00f6r<\/p>\n","protected":false},"excerpt":{"rendered":"<p>zurzeit teilzerlegt massiv aus Edelstahl rostfrei 200 L Sch\u00fcssel massiv aus Edelstahl rostfrei 2 Sch\u00fcsselgeschwindigkeiten Hauptdeckel, hydraulisch bet\u00e4tigt L\u00e4rmschutzdeckel, hydraulisch bet\u00e4tigt Hydraulischer Auswerfer rechts Beladevorrichtung f\u00fcr BW200, hydraulisch, integriert Micro 114, separat in Edelstahlgeh\u00e4use Edelstahl Schaltschrank, separat von der Maschine 6 Kuttermesser gebraucht, mit Zubeh\u00f6r<\/p>\n","protected":false},"featured_media":23489,"comment_status":"closed","ping_status":"closed","template":"","meta":{"_acf_changed":false,"_crsspst_to_strasser-maschinench":false,"inline_featured_image":false},"product_cat":[92],"product_tag":[],"class_list":{"0":"post-21530","1":"product","2":"type-product","3":"status-publish","4":"has-post-thumbnail","6":"product_cat-verkauft","8":"first","9":"instock","10":"taxable","11":"shipping-taxable","12":"product-type-simple"},"acf":[],"_links":{"self":[{"href":"https:\/\/www.strasser.co.at\/de\/wp-json\/wp\/v2\/product\/21530","targetHints":{"allow":["GET"]}}],"collection":[{"href":"https:\/\/www.strasser.co.at\/de\/wp-json\/wp\/v2\/product"}],"about":[{"href":"https:\/\/www.strasser.co.at\/de\/wp-json\/wp\/v2\/types\/product"}],"replies":[{"embeddable":true,"href":"https:\/\/www.strasser.co.at\/de\/wp-json\/wp\/v2\/comments?post=21530"}],"wp:featuredmedia":[{"embeddable":true,"href":"https:\/\/www.strasser.co.at\/de\/wp-json\/wp\/v2\/media\/23489"}],"wp:attachment":[{"href":"https:\/\/www.strasser.co.at\/de\/wp-json\/wp\/v2\/media?parent=21530"}],"wp:term":[{"taxonomy":"product_cat","embeddable":true,"href":"https:\/\/www.strasser.co.at\/de\/wp-json\/wp\/v2\/product_cat?post=21530"},{"taxonomy":"product_tag","embeddable":true,"href":"https:\/\/www.strasser.co.at\/de\/wp-json\/wp\/v2\/product_tag?post=21530"}],"curies":[{"name":"wp","href":"https:\/\/api.w.org\/{rel}","templated":true}]}}