{"id":21641,"date":"2022-10-03T13:13:40","date_gmt":"2022-10-03T11:13:40","guid":{"rendered":"https:\/\/www.strasser.co.at\/?post_type=product&#038;p=21641"},"modified":"2023-09-07T13:26:42","modified_gmt":"2023-09-07T11:26:42","slug":"magurit-fromat-042","status":"publish","type":"product","link":"https:\/\/www.strasser.co.at\/de\/produkt\/magurit-fromat-042\/","title":{"rendered":"VERKAUFT: Magurit Fromat 042 profi"},"content":{"rendered":"<p>robuste, ger\u00e4uscharme, hydraulisch angetriebene Maschine mit<br \/>\nsenkrechtem Schneidhub, auch bei sehr niedrigen Temperaturen<br \/>\nerfolgen saubere Schnitte, f\u00fcr die gew\u00fcnschte St\u00fcckigkeit stehen<br \/>\nunterschiedliche Messerk\u00f6pfe zur Verf\u00fcgung, leicht zu reinigende<br \/>\nVoll-Edelstahlkonstruktion<\/p>\n<p>Schneidma\u00dfe:\u00a0 \u00a0max. L x B x H = 750 x 480 x 240 mm<br \/>\nErgebnis:\u00a0 \u00a0Scheiben, Streifen oder faustgro\u00dfe St\u00fccke<br \/>\nLeistung:\u00a0 \u00a0 abh\u00e4ngig von Blockma\u00dfen, Schnittst\u00e4rken,<br \/>\nspezifischem Gewicht, Arbeitsablauf usw.<br \/>\nAusstattung:\u00a0 \u00a0pneumatische Hebevorrichtung<br \/>\npneumatische Wagenandr\u00fcckung<br \/>\nEntnahmem\u00f6glichkeit in 200 lt. Standard-Wagen<br \/>\noder Magurit Schnecke<br \/>\nMotor:\u00a0 \u00a04 kW Hydraulik, 400 V &#8211; 50 Hz<br \/>\nGewicht:\u00a0 \u00a0ca. 490 kg netto<br \/>\nMa\u00dfe:\u00a0 \u00a0L x B x H = 1700 x 1100 x 1850 mm<br \/>\nMesser:\u00a0 \u00a03 Quermesser<\/p>\n","protected":false},"excerpt":{"rendered":"<p>robuste, ger\u00e4uscharme, hydraulisch angetriebene Maschine mit senkrechtem Schneidhub, auch bei sehr niedrigen Temperaturen erfolgen saubere Schnitte, f\u00fcr die gew\u00fcnschte St\u00fcckigkeit stehen unterschiedliche Messerk\u00f6pfe zur Verf\u00fcgung, leicht zu reinigende Voll-Edelstahlkonstruktion Schneidma\u00dfe:\u00a0 \u00a0max. L x B x H = 750 x 480 x 240 mm Ergebnis:\u00a0 \u00a0Scheiben, Streifen oder faustgro\u00dfe St\u00fccke Leistung:\u00a0 \u00a0 abh\u00e4ngig von Blockma\u00dfen, Schnittst\u00e4rken, &#8230; <a title=\"VERKAUFT: Magurit Fromat 042 profi\" class=\"read-more\" href=\"https:\/\/www.strasser.co.at\/de\/produkt\/magurit-fromat-042\/\" aria-label=\"Mehr dazu unter VERKAUFT: Magurit Fromat 042 profi\">Weiterlesen<\/a><\/p>\n","protected":false},"featured_media":24986,"comment_status":"closed","ping_status":"closed","template":"","meta":{"_acf_changed":false,"_crsspst_to_strasser-maschinench":false,"inline_featured_image":false},"product_cat":[92],"product_tag":[],"class_list":{"0":"post-21641","1":"product","2":"type-product","3":"status-publish","4":"has-post-thumbnail","6":"product_cat-verkauft","8":"first","9":"instock","10":"taxable","11":"shipping-taxable","12":"product-type-simple"},"acf":[],"_links":{"self":[{"href":"https:\/\/www.strasser.co.at\/de\/wp-json\/wp\/v2\/product\/21641","targetHints":{"allow":["GET"]}}],"collection":[{"href":"https:\/\/www.strasser.co.at\/de\/wp-json\/wp\/v2\/product"}],"about":[{"href":"https:\/\/www.strasser.co.at\/de\/wp-json\/wp\/v2\/types\/product"}],"replies":[{"embeddable":true,"href":"https:\/\/www.strasser.co.at\/de\/wp-json\/wp\/v2\/comments?post=21641"}],"wp:featuredmedia":[{"embeddable":true,"href":"https:\/\/www.strasser.co.at\/de\/wp-json\/wp\/v2\/media\/24986"}],"wp:attachment":[{"href":"https:\/\/www.strasser.co.at\/de\/wp-json\/wp\/v2\/media?parent=21641"}],"wp:term":[{"taxonomy":"product_cat","embeddable":true,"href":"https:\/\/www.strasser.co.at\/de\/wp-json\/wp\/v2\/product_cat?post=21641"},{"taxonomy":"product_tag","embeddable":true,"href":"https:\/\/www.strasser.co.at\/de\/wp-json\/wp\/v2\/product_tag?post=21641"}],"curies":[{"name":"wp","href":"https:\/\/api.w.org\/{rel}","templated":true}]}}