{"id":21688,"date":"2022-10-05T13:22:46","date_gmt":"2022-10-05T11:22:46","guid":{"rendered":"https:\/\/www.strasser.co.at\/?post_type=product&#038;p=21688"},"modified":"2022-11-08T14:34:54","modified_gmt":"2022-11-08T13:34:54","slug":"mainca-wolf-pm-70-400-v-3","status":"publish","type":"product","link":"https:\/\/www.strasser.co.at\/de\/produkt\/mainca-wolf-pm-70-400-v-3\/","title":{"rendered":"VERKAUFT Mainca Wolf PM 70 \/ 400 V"},"content":{"rendered":"<p>aus rostfreiem Edelstahl<br \/>\n70 mm Schneckengeh\u00e4use<br \/>\nGeh\u00e4use f\u00fcr 3 tlg. Schneidsatz<br \/>\n1 kW Leistung, 3 Ph., 400V, 50 Hz<br \/>\nkompletter Schneidsatz gebraucht &#8211; bestehend aus:<br \/>\n1 Vorschneider, 1 Ls m. 3 mm,<br \/>\n1 Wolfmesser, 1 Abst\u00fctzring<br \/>\nCE-Konform<\/p>\n","protected":false},"excerpt":{"rendered":"<p>aus rostfreiem Edelstahl 70 mm Schneckengeh\u00e4use Geh\u00e4use f\u00fcr 3 tlg. Schneidsatz 1 kW Leistung, 3 Ph., 400V, 50 Hz kompletter Schneidsatz gebraucht &#8211; bestehend aus: 1 Vorschneider, 1 Ls m. 3 mm, 1 Wolfmesser, 1 Abst\u00fctzring CE-Konform<\/p>\n","protected":false},"featured_media":11156,"comment_status":"closed","ping_status":"closed","template":"","meta":{"_acf_changed":false,"_crsspst_to_strasser-maschinench":false,"inline_featured_image":false},"product_cat":[92],"product_tag":[],"class_list":{"0":"post-21688","1":"product","2":"type-product","3":"status-publish","4":"has-post-thumbnail","6":"product_cat-verkauft","8":"first","9":"instock","10":"taxable","11":"shipping-taxable","12":"product-type-simple"},"acf":[],"_links":{"self":[{"href":"https:\/\/www.strasser.co.at\/de\/wp-json\/wp\/v2\/product\/21688","targetHints":{"allow":["GET"]}}],"collection":[{"href":"https:\/\/www.strasser.co.at\/de\/wp-json\/wp\/v2\/product"}],"about":[{"href":"https:\/\/www.strasser.co.at\/de\/wp-json\/wp\/v2\/types\/product"}],"replies":[{"embeddable":true,"href":"https:\/\/www.strasser.co.at\/de\/wp-json\/wp\/v2\/comments?post=21688"}],"wp:featuredmedia":[{"embeddable":true,"href":"https:\/\/www.strasser.co.at\/de\/wp-json\/wp\/v2\/media\/11156"}],"wp:attachment":[{"href":"https:\/\/www.strasser.co.at\/de\/wp-json\/wp\/v2\/media?parent=21688"}],"wp:term":[{"taxonomy":"product_cat","embeddable":true,"href":"https:\/\/www.strasser.co.at\/de\/wp-json\/wp\/v2\/product_cat?post=21688"},{"taxonomy":"product_tag","embeddable":true,"href":"https:\/\/www.strasser.co.at\/de\/wp-json\/wp\/v2\/product_tag?post=21688"}],"curies":[{"name":"wp","href":"https:\/\/api.w.org\/{rel}","templated":true}]}}