{"id":21721,"date":"2022-10-06T10:32:25","date_gmt":"2022-10-06T08:32:25","guid":{"rendered":"https:\/\/www.strasser.co.at\/?post_type=product&#038;p=21721"},"modified":"2022-10-31T08:28:20","modified_gmt":"2022-10-31T07:28:20","slug":"mado-bandsaege-mkb754","status":"publish","type":"product","link":"https:\/\/www.strasser.co.at\/de\/produkt\/mado-bandsaege-mkb754\/","title":{"rendered":"VERKAUFT Mado Bands\u00e4ge MKB754"},"content":{"rendered":"<p>&#8211; komplett mit Portionierer<br \/>\n&#8211; Knochenmehlbeh\u00e4lter<br \/>\n&#8211; abnehmbare Andr\u00fcckvorrichtung<br \/>\n&#8211; h\u00f6henverstellbarem Bandschutz und Motorbremse<br \/>\n&#8211; nichtrostende R\u00e4der und Motorbremse (VA)<br \/>\n&#8211; Schiebetisch<br \/>\n&#8211; Stromart: 400 V, 50 Hz, Drehstrom<br \/>\n&#8211; Leistung: 2,2 kW<br \/>\n&#8211; Absicherung: 16 A tr\u00e4ge<\/p>\n<p>Technische Daten:<br \/>\n&#8211; Bandl\u00e4nge: 3150 x 16 x 0,6 mm<br \/>\n&#8211; max. Schnittbreite: 400 mm<br \/>\n&#8211; max. Schnitth\u00f6he: 400 mm<br \/>\n&#8211; Tischgr\u00f6\u00dfe (BxT): 950 x 850 mm<br \/>\n&#8211; Stellfl\u00e4che (BxT): 980 x 900 mm<br \/>\n&#8211; Tischh\u00f6he: 900 mm<br \/>\n&#8211; Abm. HxBxT: 1860 x 980 x 910 mm<br \/>\n&#8211; Gewicht: ca. 230 kg<\/p>\n","protected":false},"excerpt":{"rendered":"<p>&#8211; komplett mit Portionierer &#8211; Knochenmehlbeh\u00e4lter &#8211; abnehmbare Andr\u00fcckvorrichtung &#8211; h\u00f6henverstellbarem Bandschutz und Motorbremse &#8211; nichtrostende R\u00e4der und Motorbremse (VA) &#8211; Schiebetisch &#8211; Stromart: 400 V, 50 Hz, Drehstrom &#8211; Leistung: 2,2 kW &#8211; Absicherung: 16 A tr\u00e4ge Technische Daten: &#8211; Bandl\u00e4nge: 3150 x 16 x 0,6 mm &#8211; max. Schnittbreite: 400 mm &#8211; max. &#8230; <a title=\"VERKAUFT Mado Bands\u00e4ge MKB754\" class=\"read-more\" href=\"https:\/\/www.strasser.co.at\/de\/produkt\/mado-bandsaege-mkb754\/\" aria-label=\"Mehr dazu unter VERKAUFT Mado Bands\u00e4ge MKB754\">Weiterlesen<\/a><\/p>\n","protected":false},"featured_media":21738,"comment_status":"closed","ping_status":"closed","template":"","meta":{"_acf_changed":false,"_crsspst_to_strasser-maschinench":false,"inline_featured_image":false},"product_cat":[92],"product_tag":[],"class_list":{"0":"post-21721","1":"product","2":"type-product","3":"status-publish","4":"has-post-thumbnail","6":"product_cat-verkauft","8":"first","9":"instock","10":"taxable","11":"shipping-taxable","12":"product-type-simple"},"acf":[],"_links":{"self":[{"href":"https:\/\/www.strasser.co.at\/de\/wp-json\/wp\/v2\/product\/21721","targetHints":{"allow":["GET"]}}],"collection":[{"href":"https:\/\/www.strasser.co.at\/de\/wp-json\/wp\/v2\/product"}],"about":[{"href":"https:\/\/www.strasser.co.at\/de\/wp-json\/wp\/v2\/types\/product"}],"replies":[{"embeddable":true,"href":"https:\/\/www.strasser.co.at\/de\/wp-json\/wp\/v2\/comments?post=21721"}],"wp:featuredmedia":[{"embeddable":true,"href":"https:\/\/www.strasser.co.at\/de\/wp-json\/wp\/v2\/media\/21738"}],"wp:attachment":[{"href":"https:\/\/www.strasser.co.at\/de\/wp-json\/wp\/v2\/media?parent=21721"}],"wp:term":[{"taxonomy":"product_cat","embeddable":true,"href":"https:\/\/www.strasser.co.at\/de\/wp-json\/wp\/v2\/product_cat?post=21721"},{"taxonomy":"product_tag","embeddable":true,"href":"https:\/\/www.strasser.co.at\/de\/wp-json\/wp\/v2\/product_tag?post=21721"}],"curies":[{"name":"wp","href":"https:\/\/api.w.org\/{rel}","templated":true}]}}