{"id":21745,"date":"2022-10-06T11:44:15","date_gmt":"2022-10-06T09:44:15","guid":{"rendered":"https:\/\/www.strasser.co.at\/?post_type=product&#038;p=21745"},"modified":"2022-11-09T07:36:12","modified_gmt":"2022-11-09T06:36:12","slug":"frey-fueller-f60","status":"publish","type":"product","link":"https:\/\/www.strasser.co.at\/de\/produkt\/frey-fueller-f60\/","title":{"rendered":"VERKAUFT Frey Vakuumf\u00fcllmaschine F-LINE F60"},"content":{"rendered":"<p>vollelektronische, kontinuierliche Vakuumf\u00fcllmaschine<br \/>\nzum GERADEAUSF\u00dcLLEN, PORTIONIEREN &amp; ABDREHEN<br \/>\nmit abnehmbaren Abdrehgetriebe ADG04<br \/>\nF\u00fcllleistung bis 2.900 kg \/ Std.<br \/>\nF\u00fclldruck 40 bar<br \/>\nMaschinengeh\u00e4use und F\u00fclltrichter<br \/>\nkomplett aus Edelstahl<br \/>\nF\u00fclltrichter teilbar 25\/90 Liter<br \/>\nPortionierbereich 5-100.000 g (5-999g in 0,1 g Schritten)<br \/>\nPortioniergeschwindigkeit max. 530 Port.\/Min.<br \/>\nTempo und Portionspausenl\u00e4nge stufenlos w\u00e4hlbar<br \/>\nDurchflussmessung, St\u00fcckz\u00e4hler, St\u00fcckzahlabschaltung<br \/>\nMasser\u00fccksaugung und Portionszugabe 1. Portion<br \/>\nSpeicher f\u00fcr 200 F\u00fcllprogramme,<br \/>\nElektronische Impulssteuerung f\u00fcr Clipmaschinen<br \/>\ndigital gesteuertes Vakuumsystem<br \/>\nVakuumpumpe 16m\u00b3<br \/>\nIndustrie PC Steuerung Touch<br \/>\nGesamtanschlusswert: max 4,2 KW<br \/>\nDrehstrom 400 Volt, 50 Hz<br \/>\ninkl. Darmhalteger\u00e4t DHGN<\/p>\n","protected":false},"excerpt":{"rendered":"<p>vollelektronische, kontinuierliche Vakuumf\u00fcllmaschine zum GERADEAUSF\u00dcLLEN, PORTIONIEREN &amp; ABDREHEN mit abnehmbaren Abdrehgetriebe ADG04 F\u00fcllleistung bis 2.900 kg \/ Std. F\u00fclldruck 40 bar Maschinengeh\u00e4use und F\u00fclltrichter komplett aus Edelstahl F\u00fclltrichter teilbar 25\/90 Liter Portionierbereich 5-100.000 g (5-999g in 0,1 g Schritten) Portioniergeschwindigkeit max. 530 Port.\/Min. Tempo und Portionspausenl\u00e4nge stufenlos w\u00e4hlbar Durchflussmessung, St\u00fcckz\u00e4hler, St\u00fcckzahlabschaltung Masser\u00fccksaugung und Portionszugabe 1. &#8230; <a title=\"VERKAUFT Frey Vakuumf\u00fcllmaschine F-LINE F60\" class=\"read-more\" href=\"https:\/\/www.strasser.co.at\/de\/produkt\/frey-fueller-f60\/\" aria-label=\"Mehr dazu unter VERKAUFT Frey Vakuumf\u00fcllmaschine F-LINE F60\">Weiterlesen<\/a><\/p>\n","protected":false},"featured_media":0,"comment_status":"closed","ping_status":"closed","template":"","meta":{"_acf_changed":false,"_crsspst_to_strasser-maschinench":false,"inline_featured_image":false},"product_cat":[92],"product_tag":[],"class_list":{"0":"post-21745","1":"product","2":"type-product","3":"status-publish","5":"product_cat-verkauft","7":"first","8":"instock","9":"taxable","10":"shipping-taxable","11":"product-type-simple"},"acf":[],"_links":{"self":[{"href":"https:\/\/www.strasser.co.at\/de\/wp-json\/wp\/v2\/product\/21745","targetHints":{"allow":["GET"]}}],"collection":[{"href":"https:\/\/www.strasser.co.at\/de\/wp-json\/wp\/v2\/product"}],"about":[{"href":"https:\/\/www.strasser.co.at\/de\/wp-json\/wp\/v2\/types\/product"}],"replies":[{"embeddable":true,"href":"https:\/\/www.strasser.co.at\/de\/wp-json\/wp\/v2\/comments?post=21745"}],"wp:attachment":[{"href":"https:\/\/www.strasser.co.at\/de\/wp-json\/wp\/v2\/media?parent=21745"}],"wp:term":[{"taxonomy":"product_cat","embeddable":true,"href":"https:\/\/www.strasser.co.at\/de\/wp-json\/wp\/v2\/product_cat?post=21745"},{"taxonomy":"product_tag","embeddable":true,"href":"https:\/\/www.strasser.co.at\/de\/wp-json\/wp\/v2\/product_tag?post=21745"}],"curies":[{"name":"wp","href":"https:\/\/api.w.org\/{rel}","templated":true}]}}