{"id":21750,"date":"2022-10-06T13:35:57","date_gmt":"2022-10-06T11:35:57","guid":{"rendered":"https:\/\/www.strasser.co.at\/?post_type=product&#038;p=21750"},"modified":"2023-07-04T09:40:10","modified_gmt":"2023-07-04T07:40:10","slug":"guenther-injektor-pi17","status":"publish","type":"product","link":"https:\/\/www.strasser.co.at\/de\/produkt\/guenther-injektor-pi17\/","title":{"rendered":"SOLD: G\u00fcnther Injektor PI17"},"content":{"rendered":"<p>&#8211; Nadelanzahl: 17<br \/>\n&#8211; Arbeitsbreite: 265 mm<br \/>\n&#8211; Arbeitshub: 180 mm<br \/>\n&#8211; 2 Nadelreihen<br \/>\n&#8211; Direkter mechanischer Antrieb f\u00fcr Nadelkopf<br \/>\nund Band oberhalb des P\u00f6kelraums<br \/>\n&#8211; Pr\u00e4zisionsnadelk\u00f6pfe mit Schnellwechsel-Nadel-<br \/>\nBr\u00fccken-System<br \/>\n&#8211; Mechanische Federung jeder einzelnen Nadel<br \/>\nf\u00fcr Produkte mit Knochen<br \/>\n&#8211; Vollst\u00e4ndige Trennung des gesamten Pumpenkreislaufs<br \/>\nvon allen elektromechanischen Komponenten<br \/>\n&#8211; Edelstahl-Kreiselpumpe<br \/>\n&#8211; Vorfiltersystem<br \/>\n&#8211; Spezialf\u00f6rderband aus Poly\u00e4thylen, einfach<br \/>\nherausnehmbar<br \/>\n&#8211; Stichbildver\u00e4nderung \u00fcber<br \/>\nmechanische Bandvorschubeinstellung<\/p>\n","protected":false},"excerpt":{"rendered":"<p>&#8211; Nadelanzahl: 17 &#8211; Arbeitsbreite: 265 mm &#8211; Arbeitshub: 180 mm &#8211; 2 Nadelreihen &#8211; Direkter mechanischer Antrieb f\u00fcr Nadelkopf und Band oberhalb des P\u00f6kelraums &#8211; Pr\u00e4zisionsnadelk\u00f6pfe mit Schnellwechsel-Nadel- Br\u00fccken-System &#8211; Mechanische Federung jeder einzelnen Nadel f\u00fcr Produkte mit Knochen &#8211; Vollst\u00e4ndige Trennung des gesamten Pumpenkreislaufs von allen elektromechanischen Komponenten &#8211; Edelstahl-Kreiselpumpe &#8211; Vorfiltersystem &#8211; &#8230; <a title=\"SOLD: G\u00fcnther Injektor PI17\" class=\"read-more\" href=\"https:\/\/www.strasser.co.at\/de\/produkt\/guenther-injektor-pi17\/\" aria-label=\"Mehr dazu unter SOLD: G\u00fcnther Injektor PI17\">Weiterlesen<\/a><\/p>\n","protected":false},"featured_media":22680,"comment_status":"closed","ping_status":"closed","template":"","meta":{"_acf_changed":false,"_crsspst_to_strasser-maschinench":false,"inline_featured_image":false},"product_cat":[92],"product_tag":[],"class_list":{"0":"post-21750","1":"product","2":"type-product","3":"status-publish","4":"has-post-thumbnail","6":"product_cat-verkauft","8":"first","9":"instock","10":"taxable","11":"shipping-taxable","12":"product-type-simple"},"acf":[],"_links":{"self":[{"href":"https:\/\/www.strasser.co.at\/de\/wp-json\/wp\/v2\/product\/21750","targetHints":{"allow":["GET"]}}],"collection":[{"href":"https:\/\/www.strasser.co.at\/de\/wp-json\/wp\/v2\/product"}],"about":[{"href":"https:\/\/www.strasser.co.at\/de\/wp-json\/wp\/v2\/types\/product"}],"replies":[{"embeddable":true,"href":"https:\/\/www.strasser.co.at\/de\/wp-json\/wp\/v2\/comments?post=21750"}],"wp:featuredmedia":[{"embeddable":true,"href":"https:\/\/www.strasser.co.at\/de\/wp-json\/wp\/v2\/media\/22680"}],"wp:attachment":[{"href":"https:\/\/www.strasser.co.at\/de\/wp-json\/wp\/v2\/media?parent=21750"}],"wp:term":[{"taxonomy":"product_cat","embeddable":true,"href":"https:\/\/www.strasser.co.at\/de\/wp-json\/wp\/v2\/product_cat?post=21750"},{"taxonomy":"product_tag","embeddable":true,"href":"https:\/\/www.strasser.co.at\/de\/wp-json\/wp\/v2\/product_tag?post=21750"}],"curies":[{"name":"wp","href":"https:\/\/api.w.org\/{rel}","templated":true}]}}