{"id":21776,"date":"2022-10-11T09:11:50","date_gmt":"2022-10-11T07:11:50","guid":{"rendered":"https:\/\/www.strasser.co.at\/?post_type=product&#038;p=21776"},"modified":"2023-10-12T11:54:38","modified_gmt":"2023-10-12T09:54:38","slug":"vakona-tumbler-esk-150","status":"publish","type":"product","link":"https:\/\/www.strasser.co.at\/de\/produkt\/vakona-tumbler-esk-150\/","title":{"rendered":"VERKAUFT: Vakona Tumbler ESK 150"},"content":{"rendered":"<p>Aussenfront aus Edelstahl rostfrei<br \/>\nVolumen des Beh\u00e4lters 150 L<br \/>\nF\u00fcllmenge 10 &#8211; 110 kg je nach Produkt<br \/>\nTouch-Screen Steuerung mit 99 Programmen<br \/>\nHochleistungs-Vakuumpumpe<br \/>\nkippbar zur vollst\u00e4ndigen Entleerung<br \/>\nMassierarm, abnehmbar<br \/>\nkomplett isolierten Beh\u00e4lter<br \/>\nleistungsstarkes K\u00fchlaggregat<br \/>\nstufenlos regelbar<br \/>\nfahrbar<br \/>\nCE-Konform<\/p>\n","protected":false},"excerpt":{"rendered":"<p>Aussenfront aus Edelstahl rostfrei Volumen des Beh\u00e4lters 150 L F\u00fcllmenge 10 &#8211; 110 kg je nach Produkt Touch-Screen Steuerung mit 99 Programmen Hochleistungs-Vakuumpumpe kippbar zur vollst\u00e4ndigen Entleerung Massierarm, abnehmbar komplett isolierten Beh\u00e4lter leistungsstarkes K\u00fchlaggregat stufenlos regelbar fahrbar CE-Konform<\/p>\n","protected":false},"featured_media":21883,"comment_status":"closed","ping_status":"closed","template":"","meta":{"_acf_changed":false,"_crsspst_to_strasser-maschinench":false,"inline_featured_image":false},"product_cat":[92],"product_tag":[],"class_list":{"0":"post-21776","1":"product","2":"type-product","3":"status-publish","4":"has-post-thumbnail","6":"product_cat-verkauft","8":"first","9":"instock","10":"taxable","11":"shipping-taxable","12":"product-type-simple"},"acf":[],"_links":{"self":[{"href":"https:\/\/www.strasser.co.at\/de\/wp-json\/wp\/v2\/product\/21776","targetHints":{"allow":["GET"]}}],"collection":[{"href":"https:\/\/www.strasser.co.at\/de\/wp-json\/wp\/v2\/product"}],"about":[{"href":"https:\/\/www.strasser.co.at\/de\/wp-json\/wp\/v2\/types\/product"}],"replies":[{"embeddable":true,"href":"https:\/\/www.strasser.co.at\/de\/wp-json\/wp\/v2\/comments?post=21776"}],"wp:featuredmedia":[{"embeddable":true,"href":"https:\/\/www.strasser.co.at\/de\/wp-json\/wp\/v2\/media\/21883"}],"wp:attachment":[{"href":"https:\/\/www.strasser.co.at\/de\/wp-json\/wp\/v2\/media?parent=21776"}],"wp:term":[{"taxonomy":"product_cat","embeddable":true,"href":"https:\/\/www.strasser.co.at\/de\/wp-json\/wp\/v2\/product_cat?post=21776"},{"taxonomy":"product_tag","embeddable":true,"href":"https:\/\/www.strasser.co.at\/de\/wp-json\/wp\/v2\/product_tag?post=21776"}],"curies":[{"name":"wp","href":"https:\/\/api.w.org\/{rel}","templated":true}]}}