{"id":21905,"date":"2022-10-19T10:28:58","date_gmt":"2022-10-19T08:28:58","guid":{"rendered":"https:\/\/www.strasser.co.at\/?post_type=product&#038;p=21905"},"modified":"2023-01-19T11:00:56","modified_gmt":"2023-01-19T10:00:56","slug":"mainca-kutter-cm-21","status":"publish","type":"product","link":"https:\/\/www.strasser.co.at\/de\/produkt\/mainca-kutter-cm-21\/","title":{"rendered":"VERKAUFT: Mainca Kutter CM 21"},"content":{"rendered":"<p>Aussenfront aus Edelstahl rostfrei<br \/>\n2 Schneidg\u00e4nge<br \/>\n2 Geschwindigkeiten f\u00fcr die Sch\u00fcssel<br \/>\ndigitale Anzeige f\u00fcr die Temperatur<br \/>\nMesser, gebraucht<\/p>\n","protected":false},"excerpt":{"rendered":"<p>Aussenfront aus Edelstahl rostfrei 2 Schneidg\u00e4nge 2 Geschwindigkeiten f\u00fcr die Sch\u00fcssel digitale Anzeige f\u00fcr die Temperatur Messer, gebraucht<\/p>\n","protected":false},"featured_media":0,"comment_status":"closed","ping_status":"closed","template":"","meta":{"_acf_changed":false,"_crsspst_to_strasser-maschinench":false,"inline_featured_image":false},"product_cat":[92],"product_tag":[],"class_list":{"0":"post-21905","1":"product","2":"type-product","3":"status-publish","5":"product_cat-verkauft","7":"first","8":"instock","9":"taxable","10":"shipping-taxable","11":"product-type-simple"},"acf":[],"_links":{"self":[{"href":"https:\/\/www.strasser.co.at\/de\/wp-json\/wp\/v2\/product\/21905","targetHints":{"allow":["GET"]}}],"collection":[{"href":"https:\/\/www.strasser.co.at\/de\/wp-json\/wp\/v2\/product"}],"about":[{"href":"https:\/\/www.strasser.co.at\/de\/wp-json\/wp\/v2\/types\/product"}],"replies":[{"embeddable":true,"href":"https:\/\/www.strasser.co.at\/de\/wp-json\/wp\/v2\/comments?post=21905"}],"wp:attachment":[{"href":"https:\/\/www.strasser.co.at\/de\/wp-json\/wp\/v2\/media?parent=21905"}],"wp:term":[{"taxonomy":"product_cat","embeddable":true,"href":"https:\/\/www.strasser.co.at\/de\/wp-json\/wp\/v2\/product_cat?post=21905"},{"taxonomy":"product_tag","embeddable":true,"href":"https:\/\/www.strasser.co.at\/de\/wp-json\/wp\/v2\/product_tag?post=21905"}],"curies":[{"name":"wp","href":"https:\/\/api.w.org\/{rel}","templated":true}]}}