{"id":21909,"date":"2022-10-19T14:54:53","date_gmt":"2022-10-19T12:54:53","guid":{"rendered":"https:\/\/www.strasser.co.at\/?post_type=product&#038;p=21909"},"modified":"2023-04-14T11:53:56","modified_gmt":"2023-04-14T09:53:56","slug":"intervac-vakuummaschine-inv20","status":"publish","type":"product","link":"https:\/\/www.strasser.co.at\/de\/produkt\/intervac-vakuummaschine-inv20\/","title":{"rendered":"VERKAUFT: Intervac Vakuummaschine INV20"},"content":{"rendered":"<p>Baujahr 2020<br \/>\nKammergr\u00f6\u00dfe 54 x 50 cm<br \/>\n2 Schwei\u00dfleisten mit je 50 cm<br \/>\nR\u00fcckbegasung<br \/>\nProgrammsteuerung<br \/>\nBusch Vakuumpumpe 063m\u00b3<br \/>\nel. Anschluss 1,5 kW \/ 400 V \/ 3 Ph<\/p>\n","protected":false},"excerpt":{"rendered":"<p>Baujahr 2020 Kammergr\u00f6\u00dfe 54 x 50 cm 2 Schwei\u00dfleisten mit je 50 cm R\u00fcckbegasung Programmsteuerung Busch Vakuumpumpe 063m\u00b3 el. Anschluss 1,5 kW \/ 400 V \/ 3 Ph<\/p>\n","protected":false},"featured_media":0,"comment_status":"closed","ping_status":"closed","template":"","meta":{"_acf_changed":false,"_crsspst_to_strasser-maschinench":false,"inline_featured_image":false},"product_cat":[92],"product_tag":[],"class_list":{"0":"post-21909","1":"product","2":"type-product","3":"status-publish","5":"product_cat-verkauft","7":"first","8":"instock","9":"taxable","10":"shipping-taxable","11":"product-type-simple"},"acf":[],"_links":{"self":[{"href":"https:\/\/www.strasser.co.at\/de\/wp-json\/wp\/v2\/product\/21909","targetHints":{"allow":["GET"]}}],"collection":[{"href":"https:\/\/www.strasser.co.at\/de\/wp-json\/wp\/v2\/product"}],"about":[{"href":"https:\/\/www.strasser.co.at\/de\/wp-json\/wp\/v2\/types\/product"}],"replies":[{"embeddable":true,"href":"https:\/\/www.strasser.co.at\/de\/wp-json\/wp\/v2\/comments?post=21909"}],"wp:attachment":[{"href":"https:\/\/www.strasser.co.at\/de\/wp-json\/wp\/v2\/media?parent=21909"}],"wp:term":[{"taxonomy":"product_cat","embeddable":true,"href":"https:\/\/www.strasser.co.at\/de\/wp-json\/wp\/v2\/product_cat?post=21909"},{"taxonomy":"product_tag","embeddable":true,"href":"https:\/\/www.strasser.co.at\/de\/wp-json\/wp\/v2\/product_tag?post=21909"}],"curies":[{"name":"wp","href":"https:\/\/api.w.org\/{rel}","templated":true}]}}