{"id":21945,"date":"2022-10-20T13:01:16","date_gmt":"2022-10-20T11:01:16","guid":{"rendered":"https:\/\/www.strasser.co.at\/?post_type=product&#038;p=21945"},"modified":"2022-11-11T11:29:48","modified_gmt":"2022-11-11T10:29:48","slug":"kolbe-bandsaege-k260","status":"publish","type":"product","link":"https:\/\/www.strasser.co.at\/de\/produkt\/kolbe-bandsaege-k260\/","title":{"rendered":"Kolbe Bands\u00e4ge K260"},"content":{"rendered":"<p>platzsparende, leistungsstarke Stands\u00e4ge<br \/>\nBJ 2020<br \/>\n&#8211; Pr\u00e4zise S\u00e4gebandf\u00fchrung<br \/>\n&#8211; Rostfreie Laufr\u00e4der<br \/>\n&#8211; Portionieranschlag<br \/>\n&#8211; Gewicht ca. 120 kg<\/p>\n","protected":false},"excerpt":{"rendered":"<p>platzsparende, leistungsstarke Stands\u00e4ge BJ 2020 &#8211; Pr\u00e4zise S\u00e4gebandf\u00fchrung &#8211; Rostfreie Laufr\u00e4der &#8211; Portionieranschlag &#8211; Gewicht ca. 120 kg<\/p>\n","protected":false},"featured_media":0,"comment_status":"closed","ping_status":"closed","template":"","meta":{"_acf_changed":false,"_crsspst_to_strasser-maschinench":false,"inline_featured_image":false},"product_cat":[92],"product_tag":[],"class_list":{"0":"post-21945","1":"product","2":"type-product","3":"status-publish","5":"product_cat-verkauft","7":"first","8":"instock","9":"taxable","10":"shipping-taxable","11":"product-type-simple"},"acf":[],"_links":{"self":[{"href":"https:\/\/www.strasser.co.at\/de\/wp-json\/wp\/v2\/product\/21945","targetHints":{"allow":["GET"]}}],"collection":[{"href":"https:\/\/www.strasser.co.at\/de\/wp-json\/wp\/v2\/product"}],"about":[{"href":"https:\/\/www.strasser.co.at\/de\/wp-json\/wp\/v2\/types\/product"}],"replies":[{"embeddable":true,"href":"https:\/\/www.strasser.co.at\/de\/wp-json\/wp\/v2\/comments?post=21945"}],"wp:attachment":[{"href":"https:\/\/www.strasser.co.at\/de\/wp-json\/wp\/v2\/media?parent=21945"}],"wp:term":[{"taxonomy":"product_cat","embeddable":true,"href":"https:\/\/www.strasser.co.at\/de\/wp-json\/wp\/v2\/product_cat?post=21945"},{"taxonomy":"product_tag","embeddable":true,"href":"https:\/\/www.strasser.co.at\/de\/wp-json\/wp\/v2\/product_tag?post=21945"}],"curies":[{"name":"wp","href":"https:\/\/api.w.org\/{rel}","templated":true}]}}