{"id":21956,"date":"2022-10-20T14:00:19","date_gmt":"2022-10-20T12:00:19","guid":{"rendered":"https:\/\/www.strasser.co.at\/?post_type=product&#038;p=21956"},"modified":"2022-10-31T12:35:37","modified_gmt":"2022-10-31T11:35:37","slug":"winterthaler-spuelmaschine-uf-xl","status":"publish","type":"product","link":"https:\/\/www.strasser.co.at\/de\/produkt\/winterthaler-spuelmaschine-uf-xl\/","title":{"rendered":"VERKAUFT Winterthaler Sp\u00fclmaschine UF-XL"},"content":{"rendered":"<p>Die ideale Sp\u00fclmaschine f\u00fcr Gl\u00e4ser, Besteck, und Geschirr<br \/>\noder perfekt geeignet als Bistrosp\u00fclmaschine.<br \/>\n&#8211; sauberes Sp\u00fclergebnis \u00fcber lange Zeit<br \/>\n&#8211; einfache Bedienung<br \/>\n&#8211; hohes Ma\u00df an Sauberkeit und Hygiene<br \/>\n&#8211; energiesparend<\/p>\n","protected":false},"excerpt":{"rendered":"<p>Die ideale Sp\u00fclmaschine f\u00fcr Gl\u00e4ser, Besteck, und Geschirr oder perfekt geeignet als Bistrosp\u00fclmaschine. &#8211; sauberes Sp\u00fclergebnis \u00fcber lange Zeit &#8211; einfache Bedienung &#8211; hohes Ma\u00df an Sauberkeit und Hygiene &#8211; energiesparend<\/p>\n","protected":false},"featured_media":0,"comment_status":"closed","ping_status":"closed","template":"","meta":{"_acf_changed":false,"_crsspst_to_strasser-maschinench":false,"inline_featured_image":false},"product_cat":[92],"product_tag":[],"class_list":{"0":"post-21956","1":"product","2":"type-product","3":"status-publish","5":"product_cat-verkauft","7":"first","8":"instock","9":"taxable","10":"shipping-taxable","11":"product-type-simple"},"acf":[],"_links":{"self":[{"href":"https:\/\/www.strasser.co.at\/de\/wp-json\/wp\/v2\/product\/21956","targetHints":{"allow":["GET"]}}],"collection":[{"href":"https:\/\/www.strasser.co.at\/de\/wp-json\/wp\/v2\/product"}],"about":[{"href":"https:\/\/www.strasser.co.at\/de\/wp-json\/wp\/v2\/types\/product"}],"replies":[{"embeddable":true,"href":"https:\/\/www.strasser.co.at\/de\/wp-json\/wp\/v2\/comments?post=21956"}],"wp:attachment":[{"href":"https:\/\/www.strasser.co.at\/de\/wp-json\/wp\/v2\/media?parent=21956"}],"wp:term":[{"taxonomy":"product_cat","embeddable":true,"href":"https:\/\/www.strasser.co.at\/de\/wp-json\/wp\/v2\/product_cat?post=21956"},{"taxonomy":"product_tag","embeddable":true,"href":"https:\/\/www.strasser.co.at\/de\/wp-json\/wp\/v2\/product_tag?post=21956"}],"curies":[{"name":"wp","href":"https:\/\/api.w.org\/{rel}","templated":true}]}}