{"id":22080,"date":"2022-11-02T10:45:48","date_gmt":"2022-11-02T09:45:48","guid":{"rendered":"https:\/\/www.strasser.co.at\/?post_type=product&#038;p=22080"},"modified":"2023-05-22T14:14:24","modified_gmt":"2023-05-22T12:14:24","slug":"seydelmann-kutter-k60dc-8","status":"publish","type":"product","link":"https:\/\/www.strasser.co.at\/de\/produkt\/seydelmann-kutter-k60dc-8\/","title":{"rendered":"VERKAUFT Seydelmann Kutter K60DC-8"},"content":{"rendered":"<p>weitgehend massiv aus Edelstahl rostfrei<br \/>\nSch\u00fcssel aus Edelstahl rostfrei<br \/>\n6 stufenlos vorprogrammierbare Messergeschwindigkeiten<br \/>\ndavon 4 Schneidg\u00e4nge<br \/>\nund 2 Mischg\u00e4nge vorw\u00e4rts<br \/>\n2 R\u00fcckw\u00e4rtsmischg\u00e4nge<br \/>\n2 unabh\u00e4ngige Sch\u00fcsselgeschwindigkeiten<br \/>\nL\u00e4rmschutzdeckel<br \/>\nMicro 12 Steuerung separat von der Maschine,<br \/>\n40 kW Leistung<br \/>\nEdelstahl Schaltschrank, separat von der Maschine<br \/>\n6 Kuttermesser Typ K, mit Zubeh\u00f6r<br \/>\nCE-Konform<\/p>\n","protected":false},"excerpt":{"rendered":"<p>weitgehend massiv aus Edelstahl rostfrei Sch\u00fcssel aus Edelstahl rostfrei 6 stufenlos vorprogrammierbare Messergeschwindigkeiten davon 4 Schneidg\u00e4nge und 2 Mischg\u00e4nge vorw\u00e4rts 2 R\u00fcckw\u00e4rtsmischg\u00e4nge 2 unabh\u00e4ngige Sch\u00fcsselgeschwindigkeiten L\u00e4rmschutzdeckel Micro 12 Steuerung separat von der Maschine, 40 kW Leistung Edelstahl Schaltschrank, separat von der Maschine 6 Kuttermesser Typ K, mit Zubeh\u00f6r CE-Konform<\/p>\n","protected":false},"featured_media":22180,"comment_status":"closed","ping_status":"closed","template":"","meta":{"_acf_changed":false,"_crsspst_to_strasser-maschinench":false,"inline_featured_image":false},"product_cat":[92],"product_tag":[],"class_list":{"0":"post-22080","1":"product","2":"type-product","3":"status-publish","4":"has-post-thumbnail","6":"product_cat-verkauft","8":"first","9":"instock","10":"taxable","11":"shipping-taxable","12":"product-type-simple"},"acf":[],"_links":{"self":[{"href":"https:\/\/www.strasser.co.at\/de\/wp-json\/wp\/v2\/product\/22080","targetHints":{"allow":["GET"]}}],"collection":[{"href":"https:\/\/www.strasser.co.at\/de\/wp-json\/wp\/v2\/product"}],"about":[{"href":"https:\/\/www.strasser.co.at\/de\/wp-json\/wp\/v2\/types\/product"}],"replies":[{"embeddable":true,"href":"https:\/\/www.strasser.co.at\/de\/wp-json\/wp\/v2\/comments?post=22080"}],"wp:featuredmedia":[{"embeddable":true,"href":"https:\/\/www.strasser.co.at\/de\/wp-json\/wp\/v2\/media\/22180"}],"wp:attachment":[{"href":"https:\/\/www.strasser.co.at\/de\/wp-json\/wp\/v2\/media?parent=22080"}],"wp:term":[{"taxonomy":"product_cat","embeddable":true,"href":"https:\/\/www.strasser.co.at\/de\/wp-json\/wp\/v2\/product_cat?post=22080"},{"taxonomy":"product_tag","embeddable":true,"href":"https:\/\/www.strasser.co.at\/de\/wp-json\/wp\/v2\/product_tag?post=22080"}],"curies":[{"name":"wp","href":"https:\/\/api.w.org\/{rel}","templated":true}]}}