{"id":22145,"date":"2022-11-08T13:27:30","date_gmt":"2022-11-08T12:27:30","guid":{"rendered":"https:\/\/www.strasser.co.at\/?post_type=product&#038;p=22145"},"modified":"2024-10-08T10:17:05","modified_gmt":"2024-10-08T08:17:05","slug":"henneken-injektor-hpi-300-eco","status":"publish","type":"product","link":"https:\/\/www.strasser.co.at\/de\/produkt\/henneken-injektor-hpi-300-eco\/","title":{"rendered":"Verkauft: Henneken Injektor HPI 300 Eco \/ 24 NADELN"},"content":{"rendered":"<p>mit Einfachinjektionskopf f\u00fcr 24 Nadeln<br \/>\nStabile Konstruktion komplett aus Edelstahl und<br \/>\nLebensmittel-zugelassenen Kunststoffen<\/p>\n<p>Arbeitsbreite: 300 mm<br \/>\nHubh\u00f6he: 200 mm<br \/>\nKammvorschub: Vorzug: 16 mm<br \/>\nKammabstreifer und Kamm leicht zu entnehmen<br \/>\nNadeln: 24 St\u00fcck, 4mm,<br \/>\nLakekopf ohne Schl\u00e4uche<br \/>\nNadelfederung: Einzelnadelfederung,<br \/>\nLakeflussunterbrechung beim Federn<br \/>\nFederblock leicht und komplett abzuklappen<br \/>\n=&gt; alle Nadeln k\u00f6nnen leicht entnommen werden<br \/>\nAntrieb: Getriebemotor SEW 1,1 kW<br \/>\n400V, 50Hz, 3 Phasen<br \/>\nNadelkopf und Kamm werden synchron \u00fcber<br \/>\neinen Getriebemotor angetrieben<br \/>\nTakte: 49 Hub\/min<br \/>\nDurchlaufh\u00f6he: 180 mm<br \/>\nPumpe: Edelstahl Kreiselpumpe 0.9 kW<br \/>\n400V, 50Hz, 3 Phasen<br \/>\nDruckbereich: 0,5 &#8211; 4 bar<br \/>\nAbstreifer: Lakefluss wird \u00fcber Zentralventil geregelt<br \/>\nAbstreifpunkt einstellbar<br \/>\nSteuerung: per Folientastatur<br \/>\nElektrik im Schaltkasten im Maschinengeh\u00e4use<br \/>\nReinigung: Arbeitsbereich leicht zug\u00e4nglich<br \/>\nKamm leicht und komplett zu entnehmen<br \/>\nFederblock leicht und komplett abzuklappen<br \/>\n=&gt; alle Nadeln k\u00f6nnen leicht entnommen werden<br \/>\nSchutzart: IP 66<\/p>\n","protected":false},"excerpt":{"rendered":"<p>mit Einfachinjektionskopf f\u00fcr 24 Nadeln Stabile Konstruktion komplett aus Edelstahl und Lebensmittel-zugelassenen Kunststoffen Arbeitsbreite: 300 mm Hubh\u00f6he: 200 mm Kammvorschub: Vorzug: 16 mm Kammabstreifer und Kamm leicht zu entnehmen Nadeln: 24 St\u00fcck, 4mm, Lakekopf ohne Schl\u00e4uche Nadelfederung: Einzelnadelfederung, Lakeflussunterbrechung beim Federn Federblock leicht und komplett abzuklappen =&gt; alle Nadeln k\u00f6nnen leicht entnommen werden Antrieb: Getriebemotor &#8230; <a title=\"Verkauft: Henneken Injektor HPI 300 Eco \/ 24 NADELN\" class=\"read-more\" href=\"https:\/\/www.strasser.co.at\/de\/produkt\/henneken-injektor-hpi-300-eco\/\" aria-label=\"Mehr dazu unter Verkauft: Henneken Injektor HPI 300 Eco \/ 24 NADELN\">Weiterlesen<\/a><\/p>\n","protected":false},"featured_media":11366,"comment_status":"closed","ping_status":"closed","template":"","meta":{"_acf_changed":false,"_crsspst_to_strasser-maschinench":true,"inline_featured_image":false},"product_cat":[92],"product_tag":[],"class_list":{"0":"post-22145","1":"product","2":"type-product","3":"status-publish","4":"has-post-thumbnail","6":"product_cat-verkauft","8":"first","9":"instock","10":"taxable","11":"shipping-taxable","12":"product-type-simple"},"acf":[],"_links":{"self":[{"href":"https:\/\/www.strasser.co.at\/de\/wp-json\/wp\/v2\/product\/22145","targetHints":{"allow":["GET"]}}],"collection":[{"href":"https:\/\/www.strasser.co.at\/de\/wp-json\/wp\/v2\/product"}],"about":[{"href":"https:\/\/www.strasser.co.at\/de\/wp-json\/wp\/v2\/types\/product"}],"replies":[{"embeddable":true,"href":"https:\/\/www.strasser.co.at\/de\/wp-json\/wp\/v2\/comments?post=22145"}],"wp:featuredmedia":[{"embeddable":true,"href":"https:\/\/www.strasser.co.at\/de\/wp-json\/wp\/v2\/media\/11366"}],"wp:attachment":[{"href":"https:\/\/www.strasser.co.at\/de\/wp-json\/wp\/v2\/media?parent=22145"}],"wp:term":[{"taxonomy":"product_cat","embeddable":true,"href":"https:\/\/www.strasser.co.at\/de\/wp-json\/wp\/v2\/product_cat?post=22145"},{"taxonomy":"product_tag","embeddable":true,"href":"https:\/\/www.strasser.co.at\/de\/wp-json\/wp\/v2\/product_tag?post=22145"}],"curies":[{"name":"wp","href":"https:\/\/api.w.org\/{rel}","templated":true}]}}