{"id":22274,"date":"2022-11-17T15:31:25","date_gmt":"2022-11-17T14:31:25","guid":{"rendered":"https:\/\/www.strasser.co.at\/?post_type=product&#038;p=22274"},"modified":"2023-01-19T15:39:27","modified_gmt":"2023-01-19T14:39:27","slug":"seydelmann-winkelwolf-ad114-4","status":"publish","type":"product","link":"https:\/\/www.strasser.co.at\/de\/produkt\/seydelmann-winkelwolf-ad114-4\/","title":{"rendered":"VERKAUFT: Seydelmann Winkelwolf AD114"},"content":{"rendered":"<p>weitgehend massiv aus Edelstahl rostfrei<br \/>\n2-tourige Arbeitsschnecke<br \/>\n2-tourige Zubringerschnecke<br \/>\nmit 114 mm Lochscheibendurchmesser<br \/>\nca. 7\/9 kW Leistung<br \/>\nDrehstrommotor IP 55 vollkommen geschlossen<br \/>\nSchaltgeh\u00e4use eingebaut<br \/>\nca. 100 L Trichter mit verriegeltem Schutzgitter<br \/>\nseparater, zweitouriger Zubringermotor, 1,2 kW<br \/>\nseparat schaltbar<br \/>\nkonische extra weite Zubringerschnecke, 2-tourig<br \/>\nrechtwinkelig zur Arbeitsschnecke<br \/>\nSchneckengeh\u00e4use massiv rostfrei<br \/>\nmit geh\u00e4rteten Lauffl\u00e4chen<br \/>\nMaschinenst\u00e4nder unten geschlossen<br \/>\nSchneckenaussto\u00dfer<br \/>\nFederunterst\u00fctung f\u00fcr Schutzgitter<br \/>\n400V, 3 Ph, 50 Hz<br \/>\nkompletter Schneidsatz bestehend aus:<br \/>\n1 Vorschneider, 1 Fahnenmesser,<br \/>\n1 Zirkularmesser,<br \/>\nje 1 Lochscheibe mit 3, 8 und 13 mm<br \/>\nCE-Konform<\/p>\n","protected":false},"excerpt":{"rendered":"<p>weitgehend massiv aus Edelstahl rostfrei 2-tourige Arbeitsschnecke 2-tourige Zubringerschnecke mit 114 mm Lochscheibendurchmesser ca. 7\/9 kW Leistung Drehstrommotor IP 55 vollkommen geschlossen Schaltgeh\u00e4use eingebaut ca. 100 L Trichter mit verriegeltem Schutzgitter separater, zweitouriger Zubringermotor, 1,2 kW separat schaltbar konische extra weite Zubringerschnecke, 2-tourig rechtwinkelig zur Arbeitsschnecke Schneckengeh\u00e4use massiv rostfrei mit geh\u00e4rteten Lauffl\u00e4chen Maschinenst\u00e4nder unten geschlossen &#8230; <a title=\"VERKAUFT: Seydelmann Winkelwolf AD114\" class=\"read-more\" href=\"https:\/\/www.strasser.co.at\/de\/produkt\/seydelmann-winkelwolf-ad114-4\/\" aria-label=\"Mehr dazu unter VERKAUFT: Seydelmann Winkelwolf AD114\">Weiterlesen<\/a><\/p>\n","protected":false},"featured_media":22289,"comment_status":"closed","ping_status":"closed","template":"","meta":{"_acf_changed":false,"_crsspst_to_strasser-maschinench":false,"inline_featured_image":false},"product_cat":[92],"product_tag":[],"class_list":{"0":"post-22274","1":"product","2":"type-product","3":"status-publish","4":"has-post-thumbnail","6":"product_cat-verkauft","8":"first","9":"instock","10":"taxable","11":"shipping-taxable","12":"product-type-simple"},"acf":[],"_links":{"self":[{"href":"https:\/\/www.strasser.co.at\/de\/wp-json\/wp\/v2\/product\/22274","targetHints":{"allow":["GET"]}}],"collection":[{"href":"https:\/\/www.strasser.co.at\/de\/wp-json\/wp\/v2\/product"}],"about":[{"href":"https:\/\/www.strasser.co.at\/de\/wp-json\/wp\/v2\/types\/product"}],"replies":[{"embeddable":true,"href":"https:\/\/www.strasser.co.at\/de\/wp-json\/wp\/v2\/comments?post=22274"}],"wp:featuredmedia":[{"embeddable":true,"href":"https:\/\/www.strasser.co.at\/de\/wp-json\/wp\/v2\/media\/22289"}],"wp:attachment":[{"href":"https:\/\/www.strasser.co.at\/de\/wp-json\/wp\/v2\/media?parent=22274"}],"wp:term":[{"taxonomy":"product_cat","embeddable":true,"href":"https:\/\/www.strasser.co.at\/de\/wp-json\/wp\/v2\/product_cat?post=22274"},{"taxonomy":"product_tag","embeddable":true,"href":"https:\/\/www.strasser.co.at\/de\/wp-json\/wp\/v2\/product_tag?post=22274"}],"curies":[{"name":"wp","href":"https:\/\/api.w.org\/{rel}","templated":true}]}}