{"id":22301,"date":"2022-11-18T10:45:20","date_gmt":"2022-11-18T09:45:20","guid":{"rendered":"https:\/\/www.strasser.co.at\/?post_type=product&#038;p=22301"},"modified":"2023-11-20T15:02:53","modified_gmt":"2023-11-20T14:02:53","slug":"k-g-wetter-kutter-sm-90","status":"publish","type":"product","link":"https:\/\/www.strasser.co.at\/de\/produkt\/k-g-wetter-kutter-sm-90\/","title":{"rendered":"VERKAUFT: K +G Wetter Kutter SM 90"},"content":{"rendered":"<p>Aussenfront aus Edelstahl rostfrei<br \/>\n90 L Sch\u00fcssel aus Edelstahl<br \/>\n2 Geschwindigkeiten f\u00fcr die Messer<br \/>\n2 Mischg\u00e4nge vorw\u00e4rts<br \/>\n2 Mischg\u00e4nge r\u00fcckw\u00e4rts<br \/>\n2 Sch\u00fcsselgeschwindigkeiten<br \/>\n400V, 50 Hz, 3Ph.<br \/>\nDigitalanzeige<br \/>\nL\u00e4rmschutzdeckel<br \/>\n6 Kuttermesser gebraucht<\/p>\n","protected":false},"excerpt":{"rendered":"<p>Aussenfront aus Edelstahl rostfrei 90 L Sch\u00fcssel aus Edelstahl 2 Geschwindigkeiten f\u00fcr die Messer 2 Mischg\u00e4nge vorw\u00e4rts 2 Mischg\u00e4nge r\u00fcckw\u00e4rts 2 Sch\u00fcsselgeschwindigkeiten 400V, 50 Hz, 3Ph. Digitalanzeige L\u00e4rmschutzdeckel 6 Kuttermesser gebraucht<\/p>\n","protected":false},"featured_media":24050,"comment_status":"closed","ping_status":"closed","template":"","meta":{"_acf_changed":false,"_crsspst_to_strasser-maschinench":false,"inline_featured_image":false},"product_cat":[92],"product_tag":[],"class_list":{"0":"post-22301","1":"product","2":"type-product","3":"status-publish","4":"has-post-thumbnail","6":"product_cat-verkauft","8":"first","9":"instock","10":"taxable","11":"shipping-taxable","12":"product-type-simple"},"acf":[],"_links":{"self":[{"href":"https:\/\/www.strasser.co.at\/de\/wp-json\/wp\/v2\/product\/22301","targetHints":{"allow":["GET"]}}],"collection":[{"href":"https:\/\/www.strasser.co.at\/de\/wp-json\/wp\/v2\/product"}],"about":[{"href":"https:\/\/www.strasser.co.at\/de\/wp-json\/wp\/v2\/types\/product"}],"replies":[{"embeddable":true,"href":"https:\/\/www.strasser.co.at\/de\/wp-json\/wp\/v2\/comments?post=22301"}],"wp:featuredmedia":[{"embeddable":true,"href":"https:\/\/www.strasser.co.at\/de\/wp-json\/wp\/v2\/media\/24050"}],"wp:attachment":[{"href":"https:\/\/www.strasser.co.at\/de\/wp-json\/wp\/v2\/media?parent=22301"}],"wp:term":[{"taxonomy":"product_cat","embeddable":true,"href":"https:\/\/www.strasser.co.at\/de\/wp-json\/wp\/v2\/product_cat?post=22301"},{"taxonomy":"product_tag","embeddable":true,"href":"https:\/\/www.strasser.co.at\/de\/wp-json\/wp\/v2\/product_tag?post=22301"}],"curies":[{"name":"wp","href":"https:\/\/api.w.org\/{rel}","templated":true}]}}