{"id":22439,"date":"2022-11-30T11:52:31","date_gmt":"2022-11-30T10:52:31","guid":{"rendered":"https:\/\/www.strasser.co.at\/?post_type=product&#038;p=22439"},"modified":"2023-01-13T09:58:29","modified_gmt":"2023-01-13T08:58:29","slug":"seydelmann-kutter-k90-dc-8","status":"publish","type":"product","link":"https:\/\/www.strasser.co.at\/de\/produkt\/seydelmann-kutter-k90-dc-8\/","title":{"rendered":"VERKAUFT Seydelmann Kutter K90 DC-8"},"content":{"rendered":"<p>weitgehend massiv aus Edelstahl rostfrei<br \/>\n90 L Sch\u00fcssel aus Edelstahl rostfrei<br \/>\nstufenlos regelbare Messergeschwindigkeiten<br \/>\nje 2 Mischg\u00e4nge vorw\u00e4rts und r\u00fcckw\u00e4rts<br \/>\n2 Sch\u00fcsselgeschwindigkeiten<br \/>\nL\u00e4rmschutzdeckel<br \/>\nAuswerfer<br \/>\nDigitalanzeige separat<br \/>\nca. 60 kW, 400V, 50 Hz<br \/>\nSchaltschrank separat<br \/>\n6 Kuttermesser gebraucht, mit Zubeh\u00f6r<\/p>\n","protected":false},"excerpt":{"rendered":"<p>weitgehend massiv aus Edelstahl rostfrei 90 L Sch\u00fcssel aus Edelstahl rostfrei stufenlos regelbare Messergeschwindigkeiten je 2 Mischg\u00e4nge vorw\u00e4rts und r\u00fcckw\u00e4rts 2 Sch\u00fcsselgeschwindigkeiten L\u00e4rmschutzdeckel Auswerfer Digitalanzeige separat ca. 60 kW, 400V, 50 Hz Schaltschrank separat 6 Kuttermesser gebraucht, mit Zubeh\u00f6r<\/p>\n","protected":false},"featured_media":0,"comment_status":"closed","ping_status":"closed","template":"","meta":{"_acf_changed":false,"_crsspst_to_strasser-maschinench":false,"inline_featured_image":false},"product_cat":[92],"product_tag":[],"class_list":{"0":"post-22439","1":"product","2":"type-product","3":"status-publish","5":"product_cat-verkauft","7":"first","8":"instock","9":"taxable","10":"shipping-taxable","11":"product-type-simple"},"acf":[],"_links":{"self":[{"href":"https:\/\/www.strasser.co.at\/de\/wp-json\/wp\/v2\/product\/22439","targetHints":{"allow":["GET"]}}],"collection":[{"href":"https:\/\/www.strasser.co.at\/de\/wp-json\/wp\/v2\/product"}],"about":[{"href":"https:\/\/www.strasser.co.at\/de\/wp-json\/wp\/v2\/types\/product"}],"replies":[{"embeddable":true,"href":"https:\/\/www.strasser.co.at\/de\/wp-json\/wp\/v2\/comments?post=22439"}],"wp:attachment":[{"href":"https:\/\/www.strasser.co.at\/de\/wp-json\/wp\/v2\/media?parent=22439"}],"wp:term":[{"taxonomy":"product_cat","embeddable":true,"href":"https:\/\/www.strasser.co.at\/de\/wp-json\/wp\/v2\/product_cat?post=22439"},{"taxonomy":"product_tag","embeddable":true,"href":"https:\/\/www.strasser.co.at\/de\/wp-json\/wp\/v2\/product_tag?post=22439"}],"curies":[{"name":"wp","href":"https:\/\/api.w.org\/{rel}","templated":true}]}}