{"id":22445,"date":"2022-11-30T12:36:59","date_gmt":"2022-11-30T11:36:59","guid":{"rendered":"https:\/\/www.strasser.co.at\/?post_type=product&#038;p=22445"},"modified":"2023-02-09T10:47:52","modified_gmt":"2023-02-09T09:47:52","slug":"seydelmann-tischkutter-20-l","status":"publish","type":"product","link":"https:\/\/www.strasser.co.at\/de\/produkt\/seydelmann-tischkutter-20-l\/","title":{"rendered":"VERKAUFT: Seydelmann Tischkutter 20 L"},"content":{"rendered":"<p>Aussenfront aus Edelstahl rostfrei<br \/>\n20 L Sch\u00fcssel aus Edelstahl<br \/>\n2 Schneidg\u00e4nge<br \/>\n2 Sch\u00fcsselgeschwindigkeiten<br \/>\nL\u00e4rmschutzdeckel<br \/>\nDGA 32 Digitalanzeige angebaut<br \/>\n6 Kuttermesser gebraucht, mit Zubeh\u00f6r<br \/>\nmit Edelstahluntertisch<\/p>\n","protected":false},"excerpt":{"rendered":"<p>Aussenfront aus Edelstahl rostfrei 20 L Sch\u00fcssel aus Edelstahl 2 Schneidg\u00e4nge 2 Sch\u00fcsselgeschwindigkeiten L\u00e4rmschutzdeckel DGA 32 Digitalanzeige angebaut 6 Kuttermesser gebraucht, mit Zubeh\u00f6r mit Edelstahluntertisch<\/p>\n","protected":false},"featured_media":23559,"comment_status":"closed","ping_status":"closed","template":"","meta":{"_acf_changed":false,"_crsspst_to_strasser-maschinench":false,"inline_featured_image":false},"product_cat":[92],"product_tag":[],"class_list":{"0":"post-22445","1":"product","2":"type-product","3":"status-publish","4":"has-post-thumbnail","6":"product_cat-verkauft","8":"first","9":"instock","10":"taxable","11":"shipping-taxable","12":"product-type-simple"},"acf":[],"_links":{"self":[{"href":"https:\/\/www.strasser.co.at\/de\/wp-json\/wp\/v2\/product\/22445","targetHints":{"allow":["GET"]}}],"collection":[{"href":"https:\/\/www.strasser.co.at\/de\/wp-json\/wp\/v2\/product"}],"about":[{"href":"https:\/\/www.strasser.co.at\/de\/wp-json\/wp\/v2\/types\/product"}],"replies":[{"embeddable":true,"href":"https:\/\/www.strasser.co.at\/de\/wp-json\/wp\/v2\/comments?post=22445"}],"wp:featuredmedia":[{"embeddable":true,"href":"https:\/\/www.strasser.co.at\/de\/wp-json\/wp\/v2\/media\/23559"}],"wp:attachment":[{"href":"https:\/\/www.strasser.co.at\/de\/wp-json\/wp\/v2\/media?parent=22445"}],"wp:term":[{"taxonomy":"product_cat","embeddable":true,"href":"https:\/\/www.strasser.co.at\/de\/wp-json\/wp\/v2\/product_cat?post=22445"},{"taxonomy":"product_tag","embeddable":true,"href":"https:\/\/www.strasser.co.at\/de\/wp-json\/wp\/v2\/product_tag?post=22445"}],"curies":[{"name":"wp","href":"https:\/\/api.w.org\/{rel}","templated":true}]}}