{"id":22469,"date":"2022-11-30T14:32:27","date_gmt":"2022-11-30T13:32:27","guid":{"rendered":"https:\/\/www.strasser.co.at\/?post_type=product&#038;p=22469"},"modified":"2023-04-21T10:57:54","modified_gmt":"2023-04-21T08:57:54","slug":"westfalia-mengmaschine-typ-ma-200-d","status":"publish","type":"product","link":"https:\/\/www.strasser.co.at\/de\/produkt\/westfalia-mengmaschine-typ-ma-200-d\/","title":{"rendered":"VERKAUFT: Westfalia Mengmaschine Typ MA 200 D"},"content":{"rendered":"<p>weitgehend aus Edelstahl rostfrei<br \/>\nmit ausfahrbarem kippbaren Bottich<br \/>\nBottich, passend f\u00fcr Aufnahme Normbeladung BW200<br \/>\nInhalt: 200l<\/p>\n<p>Abmessung: Breite ca. 880 mm<br \/>\nTiefe ca. 1500 mm<br \/>\nBottichh\u00f6he gekippt ca. 700 mm<br \/>\nBottichh\u00f6he im Stand ca. 855 mm<\/p>\n<p>F\u00fcllmenge: Dauerwurstmasse<br \/>\nfrisch ca. 100 kg<br \/>\ngefroren ca. 60 kg<br \/>\nBr\u00fchwurstmasse ca. 160 kg<\/p>\n<p>Spannung: 3 x 400 u. N.<br \/>\nLeistung: 1,5 \/ 0,37 kW<br \/>\nStromaufnahme: 3,4 \/ 1,1 A<br \/>\nDrehzahl: 1415 \/ 920 1\/min<br \/>\nFrequenz: 50 Hz<\/p>\n","protected":false},"excerpt":{"rendered":"<p>weitgehend aus Edelstahl rostfrei mit ausfahrbarem kippbaren Bottich Bottich, passend f\u00fcr Aufnahme Normbeladung BW200 Inhalt: 200l Abmessung: Breite ca. 880 mm Tiefe ca. 1500 mm Bottichh\u00f6he gekippt ca. 700 mm Bottichh\u00f6he im Stand ca. 855 mm F\u00fcllmenge: Dauerwurstmasse frisch ca. 100 kg gefroren ca. 60 kg Br\u00fchwurstmasse ca. 160 kg Spannung: 3 x 400 u. &#8230; <a title=\"VERKAUFT: Westfalia Mengmaschine Typ MA 200 D\" class=\"read-more\" href=\"https:\/\/www.strasser.co.at\/de\/produkt\/westfalia-mengmaschine-typ-ma-200-d\/\" aria-label=\"Mehr dazu unter VERKAUFT: Westfalia Mengmaschine Typ MA 200 D\">Weiterlesen<\/a><\/p>\n","protected":false},"featured_media":24033,"comment_status":"closed","ping_status":"closed","template":"","meta":{"_acf_changed":false,"_crsspst_to_strasser-maschinench":false,"inline_featured_image":false},"product_cat":[92],"product_tag":[],"class_list":{"0":"post-22469","1":"product","2":"type-product","3":"status-publish","4":"has-post-thumbnail","6":"product_cat-verkauft","8":"first","9":"instock","10":"taxable","11":"shipping-taxable","12":"product-type-simple"},"acf":[],"_links":{"self":[{"href":"https:\/\/www.strasser.co.at\/de\/wp-json\/wp\/v2\/product\/22469","targetHints":{"allow":["GET"]}}],"collection":[{"href":"https:\/\/www.strasser.co.at\/de\/wp-json\/wp\/v2\/product"}],"about":[{"href":"https:\/\/www.strasser.co.at\/de\/wp-json\/wp\/v2\/types\/product"}],"replies":[{"embeddable":true,"href":"https:\/\/www.strasser.co.at\/de\/wp-json\/wp\/v2\/comments?post=22469"}],"wp:featuredmedia":[{"embeddable":true,"href":"https:\/\/www.strasser.co.at\/de\/wp-json\/wp\/v2\/media\/24033"}],"wp:attachment":[{"href":"https:\/\/www.strasser.co.at\/de\/wp-json\/wp\/v2\/media?parent=22469"}],"wp:term":[{"taxonomy":"product_cat","embeddable":true,"href":"https:\/\/www.strasser.co.at\/de\/wp-json\/wp\/v2\/product_cat?post=22469"},{"taxonomy":"product_tag","embeddable":true,"href":"https:\/\/www.strasser.co.at\/de\/wp-json\/wp\/v2\/product_tag?post=22469"}],"curies":[{"name":"wp","href":"https:\/\/api.w.org\/{rel}","templated":true}]}}