{"id":23056,"date":"2022-12-30T09:51:09","date_gmt":"2022-12-30T08:51:09","guid":{"rendered":"https:\/\/www.strasser.co.at\/?post_type=product&#038;p=23056"},"modified":"2023-02-01T09:00:37","modified_gmt":"2023-02-01T08:00:37","slug":"winterhalter-spuelmaschine-2","status":"publish","type":"product","link":"https:\/\/www.strasser.co.at\/de\/produkt\/winterhalter-spuelmaschine-2\/","title":{"rendered":"VERKAUFT: Winterhalter Sp\u00fclmaschine"},"content":{"rendered":"<p>Aussenfront aus Edelstahl rostfrei<br \/>\nDie ideale Sp\u00fclmaschine f\u00fcr Gl\u00e4ser, Besteck und<br \/>\nGeschirr oder perfekt geeignet als Bistrosp\u00fclmaschine<br \/>\neinfache Bedienung<br \/>\n9.5 kW, 400 V, 50 Hz<\/p>\n","protected":false},"excerpt":{"rendered":"<p>Aussenfront aus Edelstahl rostfrei Die ideale Sp\u00fclmaschine f\u00fcr Gl\u00e4ser, Besteck und Geschirr oder perfekt geeignet als Bistrosp\u00fclmaschine einfache Bedienung 9.5 kW, 400 V, 50 Hz<\/p>\n","protected":false},"featured_media":0,"comment_status":"closed","ping_status":"closed","template":"","meta":{"_acf_changed":false,"_crsspst_to_strasser-maschinench":false,"inline_featured_image":false},"product_cat":[92],"product_tag":[],"class_list":{"0":"post-23056","1":"product","2":"type-product","3":"status-publish","5":"product_cat-verkauft","7":"first","8":"instock","9":"taxable","10":"shipping-taxable","11":"product-type-simple"},"acf":[],"_links":{"self":[{"href":"https:\/\/www.strasser.co.at\/de\/wp-json\/wp\/v2\/product\/23056","targetHints":{"allow":["GET"]}}],"collection":[{"href":"https:\/\/www.strasser.co.at\/de\/wp-json\/wp\/v2\/product"}],"about":[{"href":"https:\/\/www.strasser.co.at\/de\/wp-json\/wp\/v2\/types\/product"}],"replies":[{"embeddable":true,"href":"https:\/\/www.strasser.co.at\/de\/wp-json\/wp\/v2\/comments?post=23056"}],"wp:attachment":[{"href":"https:\/\/www.strasser.co.at\/de\/wp-json\/wp\/v2\/media?parent=23056"}],"wp:term":[{"taxonomy":"product_cat","embeddable":true,"href":"https:\/\/www.strasser.co.at\/de\/wp-json\/wp\/v2\/product_cat?post=23056"},{"taxonomy":"product_tag","embeddable":true,"href":"https:\/\/www.strasser.co.at\/de\/wp-json\/wp\/v2\/product_tag?post=23056"}],"curies":[{"name":"wp","href":"https:\/\/api.w.org\/{rel}","templated":true}]}}