{"id":23201,"date":"2023-01-13T07:15:58","date_gmt":"2023-01-13T06:13:57","guid":{"rendered":"https:\/\/www.strasser.co.at\/?post_type=product&#038;p=23201"},"modified":"2023-02-15T12:50:34","modified_gmt":"2023-02-15T11:50:34","slug":"seydelmann-kutter-k96h-ac-8","status":"publish","type":"product","link":"https:\/\/www.strasser.co.at\/de\/produkt\/seydelmann-kutter-k96h-ac-8\/","title":{"rendered":"VERKAUFT: Seydelmann Kutter K96H AC-8"},"content":{"rendered":"<p>8 stufenlos vorprogrammierbare Messergeschwindigkeiten<br \/>\n6 Vorw\u00e4rts \/ 2 R\u00fcckw\u00e4rts oder 8 Vorw\u00e4rts Mischg\u00e4nge<br \/>\n2 Sch\u00fcsselgeschwindigkeiten<br \/>\nweitgehend massiv rostfrei<br \/>\n90 Liter Sch\u00fcssel aus rostfreiem Stahl<br \/>\nauswuchtbarer Messerkopf<br \/>\nWasserablassschraube<br \/>\nElektrobremse<br \/>\nKreuzschalter mit Bedienpult<br \/>\nL\u00e4rmschutzdeckel<br \/>\n60 kW Leistung, 400 V, 50 Hz<br \/>\nSchaltschrank rostfrei separat<br \/>\nCommand 1000 mit 5 mtr. Verbindungskabel<br \/>\nhydraulischer Messerdeckel<br \/>\nElektroproduktauswerfer hydraulisch, rechts<br \/>\nauswuchtbarer Messerkopf mit 6 Messern, gebraucht<\/p>\n","protected":false},"excerpt":{"rendered":"<p>8 stufenlos vorprogrammierbare Messergeschwindigkeiten 6 Vorw\u00e4rts \/ 2 R\u00fcckw\u00e4rts oder 8 Vorw\u00e4rts Mischg\u00e4nge 2 Sch\u00fcsselgeschwindigkeiten weitgehend massiv rostfrei 90 Liter Sch\u00fcssel aus rostfreiem Stahl auswuchtbarer Messerkopf Wasserablassschraube Elektrobremse Kreuzschalter mit Bedienpult L\u00e4rmschutzdeckel 60 kW Leistung, 400 V, 50 Hz Schaltschrank rostfrei separat Command 1000 mit 5 mtr. Verbindungskabel hydraulischer Messerdeckel Elektroproduktauswerfer hydraulisch, rechts auswuchtbarer Messerkopf &#8230; <a title=\"VERKAUFT: Seydelmann Kutter K96H AC-8\" class=\"read-more\" href=\"https:\/\/www.strasser.co.at\/de\/produkt\/seydelmann-kutter-k96h-ac-8\/\" aria-label=\"Mehr dazu unter VERKAUFT: Seydelmann Kutter K96H AC-8\">Weiterlesen<\/a><\/p>\n","protected":false},"featured_media":23470,"comment_status":"closed","ping_status":"closed","template":"","meta":{"_acf_changed":false,"_crsspst_to_strasser-maschinench":false,"inline_featured_image":false},"product_cat":[92],"product_tag":[],"class_list":{"0":"post-23201","1":"product","2":"type-product","3":"status-publish","4":"has-post-thumbnail","6":"product_cat-verkauft","8":"first","9":"instock","10":"taxable","11":"shipping-taxable","12":"product-type-simple"},"acf":[],"_links":{"self":[{"href":"https:\/\/www.strasser.co.at\/de\/wp-json\/wp\/v2\/product\/23201","targetHints":{"allow":["GET"]}}],"collection":[{"href":"https:\/\/www.strasser.co.at\/de\/wp-json\/wp\/v2\/product"}],"about":[{"href":"https:\/\/www.strasser.co.at\/de\/wp-json\/wp\/v2\/types\/product"}],"replies":[{"embeddable":true,"href":"https:\/\/www.strasser.co.at\/de\/wp-json\/wp\/v2\/comments?post=23201"}],"wp:featuredmedia":[{"embeddable":true,"href":"https:\/\/www.strasser.co.at\/de\/wp-json\/wp\/v2\/media\/23470"}],"wp:attachment":[{"href":"https:\/\/www.strasser.co.at\/de\/wp-json\/wp\/v2\/media?parent=23201"}],"wp:term":[{"taxonomy":"product_cat","embeddable":true,"href":"https:\/\/www.strasser.co.at\/de\/wp-json\/wp\/v2\/product_cat?post=23201"},{"taxonomy":"product_tag","embeddable":true,"href":"https:\/\/www.strasser.co.at\/de\/wp-json\/wp\/v2\/product_tag?post=23201"}],"curies":[{"name":"wp","href":"https:\/\/api.w.org\/{rel}","templated":true}]}}