{"id":23340,"date":"2023-01-26T07:50:59","date_gmt":"2023-01-26T06:50:59","guid":{"rendered":"https:\/\/www.strasser.co.at\/?post_type=product&#038;p=23340"},"modified":"2023-10-18T11:04:00","modified_gmt":"2023-10-18T09:04:00","slug":"ab-filetiermaschine-tp-12","status":"publish","type":"product","link":"https:\/\/www.strasser.co.at\/de\/produkt\/ab-filetiermaschine-tp-12\/","title":{"rendered":"VERKAUFT: AB Filetiermaschine TP 12"},"content":{"rendered":"<p>kompaktes Tischger\u00e4t<br \/>\nvollst\u00e4ndig aus Edelstahl gefertigt<br \/>\nperfekter und sicherer Schnitt von max. 45mm Dicke von<br \/>\nH\u00e4hnchen ohne Knochen, Putenbrust, kleine Rindfleischst\u00fccke<br \/>\nund Speck in 4 \/ 5 Scheiben<br \/>\nProduktionsgeschwindigkeit: bis zu 7 Br\u00fcste pro Minute<br \/>\neinfache Bedienung<br \/>\naktive Sicherheitssysteme<br \/>\nMotor: 115 V \/ 60 Hz<br \/>\nGewicht: 39 Kg<br \/>\ninkl. Schneidsatz TP 523 mit 2 Klingen und somit 3 Schnitten<\/p>\n","protected":false},"excerpt":{"rendered":"<p>kompaktes Tischger\u00e4t vollst\u00e4ndig aus Edelstahl gefertigt perfekter und sicherer Schnitt von max. 45mm Dicke von H\u00e4hnchen ohne Knochen, Putenbrust, kleine Rindfleischst\u00fccke und Speck in 4 \/ 5 Scheiben Produktionsgeschwindigkeit: bis zu 7 Br\u00fcste pro Minute einfache Bedienung aktive Sicherheitssysteme Motor: 115 V \/ 60 Hz Gewicht: 39 Kg inkl. Schneidsatz TP 523 mit 2 Klingen &#8230; <a title=\"VERKAUFT: AB Filetiermaschine TP 12\" class=\"read-more\" href=\"https:\/\/www.strasser.co.at\/de\/produkt\/ab-filetiermaschine-tp-12\/\" aria-label=\"Mehr dazu unter VERKAUFT: AB Filetiermaschine TP 12\">Weiterlesen<\/a><\/p>\n","protected":false},"featured_media":23366,"comment_status":"closed","ping_status":"closed","template":"","meta":{"_acf_changed":false,"_crsspst_to_strasser-maschinench":false,"inline_featured_image":false},"product_cat":[92],"product_tag":[],"class_list":{"0":"post-23340","1":"product","2":"type-product","3":"status-publish","4":"has-post-thumbnail","6":"product_cat-verkauft","8":"first","9":"instock","10":"taxable","11":"shipping-taxable","12":"product-type-simple"},"acf":[],"_links":{"self":[{"href":"https:\/\/www.strasser.co.at\/de\/wp-json\/wp\/v2\/product\/23340","targetHints":{"allow":["GET"]}}],"collection":[{"href":"https:\/\/www.strasser.co.at\/de\/wp-json\/wp\/v2\/product"}],"about":[{"href":"https:\/\/www.strasser.co.at\/de\/wp-json\/wp\/v2\/types\/product"}],"replies":[{"embeddable":true,"href":"https:\/\/www.strasser.co.at\/de\/wp-json\/wp\/v2\/comments?post=23340"}],"wp:featuredmedia":[{"embeddable":true,"href":"https:\/\/www.strasser.co.at\/de\/wp-json\/wp\/v2\/media\/23366"}],"wp:attachment":[{"href":"https:\/\/www.strasser.co.at\/de\/wp-json\/wp\/v2\/media?parent=23340"}],"wp:term":[{"taxonomy":"product_cat","embeddable":true,"href":"https:\/\/www.strasser.co.at\/de\/wp-json\/wp\/v2\/product_cat?post=23340"},{"taxonomy":"product_tag","embeddable":true,"href":"https:\/\/www.strasser.co.at\/de\/wp-json\/wp\/v2\/product_tag?post=23340"}],"curies":[{"name":"wp","href":"https:\/\/api.w.org\/{rel}","templated":true}]}}