{"id":23765,"date":"2023-02-21T06:57:29","date_gmt":"2023-02-21T05:57:29","guid":{"rendered":"https:\/\/www.strasser.co.at\/?post_type=product&#038;p=23765"},"modified":"2025-12-04T13:05:32","modified_gmt":"2025-12-04T12:05:32","slug":"gaser-panieranlage-mini","status":"publish","type":"product","link":"https:\/\/www.strasser.co.at\/de\/produkt\/gaser-panieranlage-mini\/","title":{"rendered":"Gaser Panieranlage Mini"},"content":{"rendered":"<p>Panieranlage f\u00fcr ca. 2.000 &#8211; 3.000 St\u00fcck \/ Stunde<br \/>\nEdelstahlkonstruktion, fahrbar<br \/>\nvariable Geschwindigkeit von 9 &#8211; 15 m \/ Minute<br \/>\nstufenlos regelbar<br \/>\nNutzbreite: 150 mm<br \/>\nElektrobetrieb (Einphasenstrom 220 V)<br \/>\nelek. Anschluss: kW 0,37 | V 230 | Hz 60-60<br \/>\nAbblasvorrichtung f\u00fcr Nasspanade<br \/>\nAuflage f\u00fcr Tabletts am Auslauf<br \/>\nvollst\u00e4ndig zerlegbar f\u00fcr die Reinigung<br \/>\nAbmessungen: 1440x500x1100 mm<\/p>\n","protected":false},"excerpt":{"rendered":"<p>Panieranlage f\u00fcr ca. 2.000 &#8211; 3.000 St\u00fcck \/ Stunde Edelstahlkonstruktion, fahrbar variable Geschwindigkeit von 9 &#8211; 15 m \/ Minute stufenlos regelbar Nutzbreite: 150 mm Elektrobetrieb (Einphasenstrom 220 V) elek. Anschluss: kW 0,37 | V 230 | Hz 60-60 Abblasvorrichtung f\u00fcr Nasspanade Auflage f\u00fcr Tabletts am Auslauf vollst\u00e4ndig zerlegbar f\u00fcr die Reinigung Abmessungen: 1440x500x1100 mm<\/p>\n","protected":false},"featured_media":30266,"comment_status":"closed","ping_status":"closed","template":"","meta":{"_acf_changed":false,"_crsspst_to_strasser-maschinench":true,"inline_featured_image":false},"product_cat":[212],"product_tag":[],"class_list":{"0":"post-23765","1":"product","2":"type-product","3":"status-publish","4":"has-post-thumbnail","6":"product_cat-panieranlagen","8":"first","9":"instock","10":"taxable","11":"shipping-taxable","12":"product-type-simple"},"acf":[],"_links":{"self":[{"href":"https:\/\/www.strasser.co.at\/de\/wp-json\/wp\/v2\/product\/23765","targetHints":{"allow":["GET"]}}],"collection":[{"href":"https:\/\/www.strasser.co.at\/de\/wp-json\/wp\/v2\/product"}],"about":[{"href":"https:\/\/www.strasser.co.at\/de\/wp-json\/wp\/v2\/types\/product"}],"replies":[{"embeddable":true,"href":"https:\/\/www.strasser.co.at\/de\/wp-json\/wp\/v2\/comments?post=23765"}],"wp:featuredmedia":[{"embeddable":true,"href":"https:\/\/www.strasser.co.at\/de\/wp-json\/wp\/v2\/media\/30266"}],"wp:attachment":[{"href":"https:\/\/www.strasser.co.at\/de\/wp-json\/wp\/v2\/media?parent=23765"}],"wp:term":[{"taxonomy":"product_cat","embeddable":true,"href":"https:\/\/www.strasser.co.at\/de\/wp-json\/wp\/v2\/product_cat?post=23765"},{"taxonomy":"product_tag","embeddable":true,"href":"https:\/\/www.strasser.co.at\/de\/wp-json\/wp\/v2\/product_tag?post=23765"}],"curies":[{"name":"wp","href":"https:\/\/api.w.org\/{rel}","templated":true}]}}