{"id":24016,"date":"2023-04-04T11:23:26","date_gmt":"2023-04-04T09:23:26","guid":{"rendered":"https:\/\/www.strasser.co.at\/?post_type=product&#038;p=24016"},"modified":"2024-02-19T14:25:57","modified_gmt":"2024-02-19T13:25:57","slug":"knoedelformband-kfb-1-reg","status":"publish","type":"product","link":"https:\/\/www.strasser.co.at\/de\/produkt\/knoedelformband-kfb-1-reg\/","title":{"rendered":"VERKAUFT: Kn\u00f6delformband KFB 1-REG"},"content":{"rendered":"<p>zum elektrischen Rundformen von vorportionierten Kn\u00f6deln<br \/>\nund Kartoffelkl\u00f6\u00dfen<\/p>\n<p>&#8211; Mindestdurchmesser ca. 55 mm<br \/>\n&#8211; Motorgeschwindigkeit elektronisch stufenlos regelbar,<br \/>\n(Frequenzumrichter)<br \/>\n&#8211; fahrbare Maschine, mit 4 CNS-Lenkrollen,<br \/>\ndavon 2 feststellbar<br \/>\n&#8211; Edelstahl rostfrei und Spezialkunststoff<br \/>\n&#8211; Abmessungen: 1.600 x 400 x 850 mm, h\u00f6henverstellbar<br \/>\n&#8211; el. Anschluss: 230 V Wechselstrom, 0,37 kW, Schukostecker<br \/>\n&#8211; inkl. 1 x Schiene 80 mm und Band passend<br \/>\n&#8211; inkl. 2 x H\u00f6henanschlag f\u00fcr Tunnel<\/p>\n","protected":false},"excerpt":{"rendered":"<p>zum elektrischen Rundformen von vorportionierten Kn\u00f6deln und Kartoffelkl\u00f6\u00dfen &#8211; Mindestdurchmesser ca. 55 mm &#8211; Motorgeschwindigkeit elektronisch stufenlos regelbar, (Frequenzumrichter) &#8211; fahrbare Maschine, mit 4 CNS-Lenkrollen, davon 2 feststellbar &#8211; Edelstahl rostfrei und Spezialkunststoff &#8211; Abmessungen: 1.600 x 400 x 850 mm, h\u00f6henverstellbar &#8211; el. Anschluss: 230 V Wechselstrom, 0,37 kW, Schukostecker &#8211; inkl. 1 x &#8230; <a title=\"VERKAUFT: Kn\u00f6delformband KFB 1-REG\" class=\"read-more\" href=\"https:\/\/www.strasser.co.at\/de\/produkt\/knoedelformband-kfb-1-reg\/\" aria-label=\"Mehr dazu unter VERKAUFT: Kn\u00f6delformband KFB 1-REG\">Weiterlesen<\/a><\/p>\n","protected":false},"featured_media":24804,"comment_status":"closed","ping_status":"closed","template":"","meta":{"_acf_changed":false,"_crsspst_to_strasser-maschinench":false,"inline_featured_image":false},"product_cat":[92],"product_tag":[],"class_list":{"0":"post-24016","1":"product","2":"type-product","3":"status-publish","4":"has-post-thumbnail","6":"product_cat-verkauft","8":"first","9":"instock","10":"taxable","11":"shipping-taxable","12":"product-type-simple"},"acf":[],"_links":{"self":[{"href":"https:\/\/www.strasser.co.at\/de\/wp-json\/wp\/v2\/product\/24016","targetHints":{"allow":["GET"]}}],"collection":[{"href":"https:\/\/www.strasser.co.at\/de\/wp-json\/wp\/v2\/product"}],"about":[{"href":"https:\/\/www.strasser.co.at\/de\/wp-json\/wp\/v2\/types\/product"}],"replies":[{"embeddable":true,"href":"https:\/\/www.strasser.co.at\/de\/wp-json\/wp\/v2\/comments?post=24016"}],"wp:featuredmedia":[{"embeddable":true,"href":"https:\/\/www.strasser.co.at\/de\/wp-json\/wp\/v2\/media\/24804"}],"wp:attachment":[{"href":"https:\/\/www.strasser.co.at\/de\/wp-json\/wp\/v2\/media?parent=24016"}],"wp:term":[{"taxonomy":"product_cat","embeddable":true,"href":"https:\/\/www.strasser.co.at\/de\/wp-json\/wp\/v2\/product_cat?post=24016"},{"taxonomy":"product_tag","embeddable":true,"href":"https:\/\/www.strasser.co.at\/de\/wp-json\/wp\/v2\/product_tag?post=24016"}],"curies":[{"name":"wp","href":"https:\/\/api.w.org\/{rel}","templated":true}]}}