{"id":24068,"date":"2023-04-05T15:22:37","date_gmt":"2023-04-05T13:22:37","guid":{"rendered":"https:\/\/www.strasser.co.at\/?post_type=product&#038;p=24068"},"modified":"2024-06-12T11:08:29","modified_gmt":"2024-06-12T09:08:29","slug":"rex-kutter-45-114","status":"publish","type":"product","link":"https:\/\/www.strasser.co.at\/de\/produkt\/rex-kutter-45-114\/","title":{"rendered":"VERKAUFT REX Kutter 45\/114"},"content":{"rendered":"<p>wie vom Kunden &#8211; defekt<br \/>\nmassiv aus Edelstahl rostfrei<br \/>\n45-Liter-Sch\u00fcssel aus rostfreiem Stahl<br \/>\nSchallschutzdeckel<br \/>\nstufenlos regelbar<br \/>\n1 Mischgeschwindigkeit, vorw\u00e4rts<br \/>\n1 R\u00fchrgeschwindigkeit, r\u00fcckw\u00e4rts<br \/>\n3 Sch\u00fcsselgeschwindigkeiten<br \/>\ndigitale Anzeige<br \/>\nKutter 16 kW Leistung<br \/>\n4 Kuttermesser, gebraucht, mit Zubeh\u00f6r<br \/>\n114 mm Fleischwolfgeh\u00e4use, rostfreier Stahl<br \/>\n1 Drehzahl<br \/>\nFleischwolfsatz komplett gebraucht<\/p>\n","protected":false},"excerpt":{"rendered":"<p>wie vom Kunden &#8211; defekt massiv aus Edelstahl rostfrei 45-Liter-Sch\u00fcssel aus rostfreiem Stahl Schallschutzdeckel stufenlos regelbar 1 Mischgeschwindigkeit, vorw\u00e4rts 1 R\u00fchrgeschwindigkeit, r\u00fcckw\u00e4rts 3 Sch\u00fcsselgeschwindigkeiten digitale Anzeige Kutter 16 kW Leistung 4 Kuttermesser, gebraucht, mit Zubeh\u00f6r 114 mm Fleischwolfgeh\u00e4use, rostfreier Stahl 1 Drehzahl Fleischwolfsatz komplett gebraucht<\/p>\n","protected":false},"featured_media":24069,"comment_status":"closed","ping_status":"closed","template":"","meta":{"_acf_changed":false,"_crsspst_to_strasser-maschinench":true,"inline_featured_image":false},"product_cat":[92],"product_tag":[],"class_list":{"0":"post-24068","1":"product","2":"type-product","3":"status-publish","4":"has-post-thumbnail","6":"product_cat-verkauft","8":"first","9":"instock","10":"taxable","11":"shipping-taxable","12":"product-type-simple"},"acf":[],"_links":{"self":[{"href":"https:\/\/www.strasser.co.at\/de\/wp-json\/wp\/v2\/product\/24068","targetHints":{"allow":["GET"]}}],"collection":[{"href":"https:\/\/www.strasser.co.at\/de\/wp-json\/wp\/v2\/product"}],"about":[{"href":"https:\/\/www.strasser.co.at\/de\/wp-json\/wp\/v2\/types\/product"}],"replies":[{"embeddable":true,"href":"https:\/\/www.strasser.co.at\/de\/wp-json\/wp\/v2\/comments?post=24068"}],"wp:featuredmedia":[{"embeddable":true,"href":"https:\/\/www.strasser.co.at\/de\/wp-json\/wp\/v2\/media\/24069"}],"wp:attachment":[{"href":"https:\/\/www.strasser.co.at\/de\/wp-json\/wp\/v2\/media?parent=24068"}],"wp:term":[{"taxonomy":"product_cat","embeddable":true,"href":"https:\/\/www.strasser.co.at\/de\/wp-json\/wp\/v2\/product_cat?post=24068"},{"taxonomy":"product_tag","embeddable":true,"href":"https:\/\/www.strasser.co.at\/de\/wp-json\/wp\/v2\/product_tag?post=24068"}],"curies":[{"name":"wp","href":"https:\/\/api.w.org\/{rel}","templated":true}]}}