{"id":24119,"date":"2023-04-12T10:55:28","date_gmt":"2023-04-12T08:55:28","guid":{"rendered":"https:\/\/www.strasser.co.at\/?post_type=product&#038;p=24119"},"modified":"2023-08-17T13:53:09","modified_gmt":"2023-08-17T11:53:09","slug":"henkovac-vakuummaschine-m1","status":"publish","type":"product","link":"https:\/\/www.strasser.co.at\/de\/produkt\/henkovac-vakuummaschine-m1\/","title":{"rendered":"VERKAUFT Henkovac Vakuummaschine M1"},"content":{"rendered":"<p>weitgehend massiv aus Edelstahl rostfrei<br \/>\nKammerabmessungen: 440 x 420 x 220 mm<br \/>\nMaschinenabmessungen: 665 x 640 x 1020 mm<br \/>\n2 Schwei\u00dfl\u00e4ngen: \u00e1 420 mm<br \/>\nDoppel- oder Trennschwei\u00dfung<br \/>\n1 Programm<br \/>\nBusch Vakuumpumpe 21 m3<br \/>\n230 V \/ 1 Ph \/ 50 Hz<\/p>\n","protected":false},"excerpt":{"rendered":"<p>weitgehend massiv aus Edelstahl rostfrei Kammerabmessungen: 440 x 420 x 220 mm Maschinenabmessungen: 665 x 640 x 1020 mm 2 Schwei\u00dfl\u00e4ngen: \u00e1 420 mm Doppel- oder Trennschwei\u00dfung 1 Programm Busch Vakuumpumpe 21 m3 230 V \/ 1 Ph \/ 50 Hz<\/p>\n","protected":false},"featured_media":24629,"comment_status":"closed","ping_status":"closed","template":"","meta":{"_acf_changed":false,"_crsspst_to_strasser-maschinench":false,"inline_featured_image":false},"product_cat":[92],"product_tag":[],"class_list":{"0":"post-24119","1":"product","2":"type-product","3":"status-publish","4":"has-post-thumbnail","6":"product_cat-verkauft","8":"first","9":"instock","10":"taxable","11":"shipping-taxable","12":"product-type-simple"},"acf":[],"_links":{"self":[{"href":"https:\/\/www.strasser.co.at\/de\/wp-json\/wp\/v2\/product\/24119","targetHints":{"allow":["GET"]}}],"collection":[{"href":"https:\/\/www.strasser.co.at\/de\/wp-json\/wp\/v2\/product"}],"about":[{"href":"https:\/\/www.strasser.co.at\/de\/wp-json\/wp\/v2\/types\/product"}],"replies":[{"embeddable":true,"href":"https:\/\/www.strasser.co.at\/de\/wp-json\/wp\/v2\/comments?post=24119"}],"wp:featuredmedia":[{"embeddable":true,"href":"https:\/\/www.strasser.co.at\/de\/wp-json\/wp\/v2\/media\/24629"}],"wp:attachment":[{"href":"https:\/\/www.strasser.co.at\/de\/wp-json\/wp\/v2\/media?parent=24119"}],"wp:term":[{"taxonomy":"product_cat","embeddable":true,"href":"https:\/\/www.strasser.co.at\/de\/wp-json\/wp\/v2\/product_cat?post=24119"},{"taxonomy":"product_tag","embeddable":true,"href":"https:\/\/www.strasser.co.at\/de\/wp-json\/wp\/v2\/product_tag?post=24119"}],"curies":[{"name":"wp","href":"https:\/\/api.w.org\/{rel}","templated":true}]}}