{"id":24270,"date":"2023-04-27T14:54:00","date_gmt":"2023-04-27T12:52:53","guid":{"rendered":"https:\/\/www.strasser.co.at\/?post_type=product&#038;p=24270"},"modified":"2023-12-06T11:03:16","modified_gmt":"2023-12-06T10:03:16","slug":"vakona-vak-kuehl-tumbler-esk-220-stl-2","status":"publish","type":"product","link":"https:\/\/www.strasser.co.at\/de\/produkt\/vakona-vak-kuehl-tumbler-esk-220-stl-2\/","title":{"rendered":"Verkauft: Vakona Vak. K\u00fchl Tumbler ESK 220 STL"},"content":{"rendered":"<p>Beh\u00e4lter, Maschienenschrank und Gestell<br \/>\nkomplett aus Edelstahl<br \/>\nVolumen des Beh\u00e4lters 220 L<br \/>\nF\u00fcllmenge: ca. 20 &#8211; 150 kg<br \/>\nTouch-Screen Steuerung mit 99 Programmen<br \/>\nVakuumsystem inklusive Hochleistungs-Vakuumpumpe,<br \/>\nvollautomatische, programmierbare Bel\u00fcftungszyklen,<br \/>\nSterilfilter zur Entkeimung der Bel\u00fcftungsluft,<br \/>\nhygienischer automatischer Wasserabscheider<br \/>\nUmdrehungsgeschwindigkeit des Armes<br \/>\nstufenlos regelbar von 3-25 upm<br \/>\nDirektk\u00fchlsystem mit leistungsstarkem K\u00fchlaggregat,<br \/>\nW\u00e4rmetauscher im Doppelmantelbeh\u00e4lter<br \/>\nkomplett aus Edelstahl<br \/>\nelektrisches stufenloses Schwenken des Beh\u00e4lters<br \/>\nzur Entleerung der Maschine<br \/>\nmanuelles \u00d6ffnen und Schlie\u00dfen des<br \/>\nDeckels mit Bedienerhilfe<br \/>\nEdelstahl-Massierarm, inkl. Abstreifer<br \/>\nmit Druckknopfsystem<br \/>\nfahrbar<br \/>\n400V, 50 Hz, 16 A<br \/>\nCE-Konform<\/p>\n","protected":false},"excerpt":{"rendered":"<p>Beh\u00e4lter, Maschienenschrank und Gestell komplett aus Edelstahl Volumen des Beh\u00e4lters 220 L F\u00fcllmenge: ca. 20 &#8211; 150 kg Touch-Screen Steuerung mit 99 Programmen Vakuumsystem inklusive Hochleistungs-Vakuumpumpe, vollautomatische, programmierbare Bel\u00fcftungszyklen, Sterilfilter zur Entkeimung der Bel\u00fcftungsluft, hygienischer automatischer Wasserabscheider Umdrehungsgeschwindigkeit des Armes stufenlos regelbar von 3-25 upm Direktk\u00fchlsystem mit leistungsstarkem K\u00fchlaggregat, W\u00e4rmetauscher im Doppelmantelbeh\u00e4lter komplett aus Edelstahl &#8230; <a title=\"Verkauft: Vakona Vak. K\u00fchl Tumbler ESK 220 STL\" class=\"read-more\" href=\"https:\/\/www.strasser.co.at\/de\/produkt\/vakona-vak-kuehl-tumbler-esk-220-stl-2\/\" aria-label=\"Mehr dazu unter Verkauft: Vakona Vak. K\u00fchl Tumbler ESK 220 STL\">Weiterlesen<\/a><\/p>\n","protected":false},"featured_media":24271,"comment_status":"closed","ping_status":"closed","template":"","meta":{"_acf_changed":false,"_crsspst_to_strasser-maschinench":false,"inline_featured_image":false},"product_cat":[92],"product_tag":[],"class_list":{"0":"post-24270","1":"product","2":"type-product","3":"status-publish","4":"has-post-thumbnail","6":"product_cat-verkauft","8":"first","9":"instock","10":"taxable","11":"shipping-taxable","12":"product-type-simple"},"acf":[],"_links":{"self":[{"href":"https:\/\/www.strasser.co.at\/de\/wp-json\/wp\/v2\/product\/24270","targetHints":{"allow":["GET"]}}],"collection":[{"href":"https:\/\/www.strasser.co.at\/de\/wp-json\/wp\/v2\/product"}],"about":[{"href":"https:\/\/www.strasser.co.at\/de\/wp-json\/wp\/v2\/types\/product"}],"replies":[{"embeddable":true,"href":"https:\/\/www.strasser.co.at\/de\/wp-json\/wp\/v2\/comments?post=24270"}],"wp:featuredmedia":[{"embeddable":true,"href":"https:\/\/www.strasser.co.at\/de\/wp-json\/wp\/v2\/media\/24271"}],"wp:attachment":[{"href":"https:\/\/www.strasser.co.at\/de\/wp-json\/wp\/v2\/media?parent=24270"}],"wp:term":[{"taxonomy":"product_cat","embeddable":true,"href":"https:\/\/www.strasser.co.at\/de\/wp-json\/wp\/v2\/product_cat?post=24270"},{"taxonomy":"product_tag","embeddable":true,"href":"https:\/\/www.strasser.co.at\/de\/wp-json\/wp\/v2\/product_tag?post=24270"}],"curies":[{"name":"wp","href":"https:\/\/api.w.org\/{rel}","templated":true}]}}