{"id":24292,"date":"2023-04-28T07:53:49","date_gmt":"2023-04-28T05:53:49","guid":{"rendered":"https:\/\/www.strasser.co.at\/?post_type=product&#038;p=24292"},"modified":"2023-05-26T11:42:26","modified_gmt":"2023-05-26T09:42:26","slug":"treif-wuerfelschneider-felix-ce","status":"publish","type":"product","link":"https:\/\/www.strasser.co.at\/de\/produkt\/treif-wuerfelschneider-felix-ce\/","title":{"rendered":"VERKAUFT: Treif W\u00fcrfelschneider Felix CE"},"content":{"rendered":"<p>&#8211; exzellente Schneidergebnisse<br \/>\n&#8211; ideal geeignet f\u00fcr Fleisch, Wurst, Speck , Schinken,<br \/>\nGem\u00fcse, Obst, K\u00e4se und Fisch<br \/>\n&#8211; schonend und formgenaue Schnitte<br \/>\n&#8211; kompakt und platzsparend<br \/>\n&#8211; inkl. 6 x 6 Gattern<br \/>\n&#8211; inkl. 8 x 8 Gattern<br \/>\n&#8211; Gewicht ca. 180 kg<\/p>\n","protected":false},"excerpt":{"rendered":"<p>&#8211; exzellente Schneidergebnisse &#8211; ideal geeignet f\u00fcr Fleisch, Wurst, Speck , Schinken, Gem\u00fcse, Obst, K\u00e4se und Fisch &#8211; schonend und formgenaue Schnitte &#8211; kompakt und platzsparend &#8211; inkl. 6 x 6 Gattern &#8211; inkl. 8 x 8 Gattern &#8211; Gewicht ca. 180 kg<\/p>\n","protected":false},"featured_media":24293,"comment_status":"closed","ping_status":"closed","template":"","meta":{"_acf_changed":false,"_crsspst_to_strasser-maschinench":false,"inline_featured_image":false},"product_cat":[92],"product_tag":[],"class_list":{"0":"post-24292","1":"product","2":"type-product","3":"status-publish","4":"has-post-thumbnail","6":"product_cat-verkauft","8":"first","9":"instock","10":"taxable","11":"shipping-taxable","12":"product-type-simple"},"acf":[],"_links":{"self":[{"href":"https:\/\/www.strasser.co.at\/de\/wp-json\/wp\/v2\/product\/24292","targetHints":{"allow":["GET"]}}],"collection":[{"href":"https:\/\/www.strasser.co.at\/de\/wp-json\/wp\/v2\/product"}],"about":[{"href":"https:\/\/www.strasser.co.at\/de\/wp-json\/wp\/v2\/types\/product"}],"replies":[{"embeddable":true,"href":"https:\/\/www.strasser.co.at\/de\/wp-json\/wp\/v2\/comments?post=24292"}],"wp:featuredmedia":[{"embeddable":true,"href":"https:\/\/www.strasser.co.at\/de\/wp-json\/wp\/v2\/media\/24293"}],"wp:attachment":[{"href":"https:\/\/www.strasser.co.at\/de\/wp-json\/wp\/v2\/media?parent=24292"}],"wp:term":[{"taxonomy":"product_cat","embeddable":true,"href":"https:\/\/www.strasser.co.at\/de\/wp-json\/wp\/v2\/product_cat?post=24292"},{"taxonomy":"product_tag","embeddable":true,"href":"https:\/\/www.strasser.co.at\/de\/wp-json\/wp\/v2\/product_tag?post=24292"}],"curies":[{"name":"wp","href":"https:\/\/api.w.org\/{rel}","templated":true}]}}