{"id":24389,"date":"2023-05-22T11:31:21","date_gmt":"2023-05-22T09:31:21","guid":{"rendered":"https:\/\/www.strasser.co.at\/?post_type=product&#038;p=24389"},"modified":"2023-09-19T17:37:46","modified_gmt":"2023-09-19T15:37:46","slug":"seydelmann-kutter-k90-dc-6-3","status":"publish","type":"product","link":"https:\/\/www.strasser.co.at\/de\/produkt\/seydelmann-kutter-k90-dc-6-3\/","title":{"rendered":"VERKAUFT: Seydelmann Kutter K60 U"},"content":{"rendered":"<p>massiv aus Edelstahl rostfrei<br \/>\n60 L Sch\u00fcssel massiv aus Edelstahl rostfrei<br \/>\nBedienung \u00fcber Kniehebelschalter<br \/>\n2 Mischg\u00e4nge<br \/>\n2 Sch\u00fcsselg\u00e4nge<br \/>\n2 Messergeschwindigkeiten<br \/>\ndigitale Anzeige<br \/>\nL\u00e4rmschutzdeckel<br \/>\nSchaltschrank integriert<br \/>\ninkl. 6 Kuttermesser, gebraucht<\/p>\n","protected":false},"excerpt":{"rendered":"<p>massiv aus Edelstahl rostfrei 60 L Sch\u00fcssel massiv aus Edelstahl rostfrei Bedienung \u00fcber Kniehebelschalter 2 Mischg\u00e4nge 2 Sch\u00fcsselg\u00e4nge 2 Messergeschwindigkeiten digitale Anzeige L\u00e4rmschutzdeckel Schaltschrank integriert inkl. 6 Kuttermesser, gebraucht<\/p>\n","protected":false},"featured_media":24394,"comment_status":"closed","ping_status":"closed","template":"","meta":{"_acf_changed":false,"_crsspst_to_strasser-maschinench":false,"inline_featured_image":false},"product_cat":[92],"product_tag":[],"class_list":{"0":"post-24389","1":"product","2":"type-product","3":"status-publish","4":"has-post-thumbnail","6":"product_cat-verkauft","8":"first","9":"instock","10":"taxable","11":"shipping-taxable","12":"product-type-simple"},"acf":[],"_links":{"self":[{"href":"https:\/\/www.strasser.co.at\/de\/wp-json\/wp\/v2\/product\/24389","targetHints":{"allow":["GET"]}}],"collection":[{"href":"https:\/\/www.strasser.co.at\/de\/wp-json\/wp\/v2\/product"}],"about":[{"href":"https:\/\/www.strasser.co.at\/de\/wp-json\/wp\/v2\/types\/product"}],"replies":[{"embeddable":true,"href":"https:\/\/www.strasser.co.at\/de\/wp-json\/wp\/v2\/comments?post=24389"}],"wp:featuredmedia":[{"embeddable":true,"href":"https:\/\/www.strasser.co.at\/de\/wp-json\/wp\/v2\/media\/24394"}],"wp:attachment":[{"href":"https:\/\/www.strasser.co.at\/de\/wp-json\/wp\/v2\/media?parent=24389"}],"wp:term":[{"taxonomy":"product_cat","embeddable":true,"href":"https:\/\/www.strasser.co.at\/de\/wp-json\/wp\/v2\/product_cat?post=24389"},{"taxonomy":"product_tag","embeddable":true,"href":"https:\/\/www.strasser.co.at\/de\/wp-json\/wp\/v2\/product_tag?post=24389"}],"curies":[{"name":"wp","href":"https:\/\/api.w.org\/{rel}","templated":true}]}}