{"id":24445,"date":"2023-05-23T13:16:08","date_gmt":"2023-05-23T11:16:08","guid":{"rendered":"https:\/\/www.strasser.co.at\/?post_type=product&#038;p=24445"},"modified":"2023-06-29T12:44:04","modified_gmt":"2023-06-29T10:44:04","slug":"kitzinger-spiracon-kistenwaschanlage","status":"publish","type":"product","link":"https:\/\/www.strasser.co.at\/de\/produkt\/kitzinger-spiracon-kistenwaschanlage\/","title":{"rendered":"VERKAUFT: Kitzinger Spiracon Kistenwaschanlage"},"content":{"rendered":"<p><strong>1. Zone Hauptwaschzone:<\/strong><br \/>\n&#8211; mit einer Kreiselpumpe mit 2,2 kW<br \/>\n(900l\/min bei ca. 1bar) auf insgesamt<br \/>\n60 Edelstahld\u00fcsen verteilt, die eine<br \/>\ngr\u00fcndliche Reinigung von allen 4 Seiten<br \/>\nerm\u00f6glichen. Durch einen Plattenfilter<br \/>\nwird die Waschlauge st\u00e4ndig gereinigt<br \/>\nund kontinuierlich gefiltert.<br \/>\n&#8211; Tankvolumen 360 l<br \/>\n&#8211; Heizleistung von 10 kW<br \/>\n&#8211; Waschtemperatur in der Hauptwaschzone 50-55\u00b0 Celsius<\/p>\n<p>Der Kistentransport vollzieht sich \u00fcber eine Spirale<br \/>\n(KITZINGER Gebrauchsmuster), dadurch erfolgt eine<br \/>\nexakte Kistenvereinzelung und ein ungehinderter Aufprall<br \/>\nder Waschlauge von der Unterseite in Verbindung mit<br \/>\nleichter Kistenschr\u00e4gstellung zur verbesserten Reinigung aller<br \/>\nSeiten.<\/p>\n<p><strong>2. Zone Klarsp\u00fclbereich:<\/strong><br \/>\n&#8211; mit Frischwasser werden die in der Maschine gereinigten<br \/>\nProdukte von allen Seiten gr\u00fcndlich abgespr\u00fcht.<br \/>\nDas Frischwasser muss mind. 40\u00b0C warm zur Maschine<br \/>\ngef\u00fchrt werden und wird in der Anlage auf ca. 80\u00b0C erhitzt.<br \/>\nSt\u00fcndlich werden ca. 300l ben\u00f6tigt.<\/p>\n<p><strong>Technische Daten:<\/strong><br \/>\nMaschinennennleistung: 150 Stk. 60\/40<br \/>\nGesamtl\u00e4nge Grundmaschine: 2000 mm<br \/>\nmit Ein- und Auslaufblech: 3000 mm<br \/>\nMaschinenbreite: 820 mm<br \/>\nMaschinenh\u00f6he: 1500 mm<br \/>\nDurchlaufbreite Waschtunnel: bis 630 mm (einstellbar)<br \/>\nDurchlaufh\u00f6he Waschtunnel: 430 mm<br \/>\nHeizleistung gesamt: Bad 10 kW, Boiler 10 kW<\/p>\n<p>Das Geh\u00e4use ist komplett verschwei\u00dft und besteht<br \/>\nausschlie\u00dflich aus rostfreiem Edelstahl. Der Unterbau<br \/>\nist weitgehend aus 3 mm Blech gefertigt und damit<br \/>\nsehr langlebig.<\/p>\n<p><strong>Die Maschine hat folgende Anschl\u00fcsse:<\/strong><br \/>\n&#8211; Frischwasser mit mind. 40\u00b0C 3\/4&#8243;,<br \/>\n&#8211; Flie\u00dfdruck mind. 1, max. 6 bar \u00fcber Schlauchanschluss,<br \/>\n&#8211; Verbrauch ca. 300 l\/h,<br \/>\nWICHTIG: die Maschine ben\u00f6tigt warmes Frischwasser,<br \/>\nAnschluss 1\/2&#8243; oder 3\/4&#8243;<br \/>\n&#8211; Elektrizit\u00e4t 24 kW, 400 V, 50 Hz<br \/>\n&#8211; Abwasser DN 50 in Bodenablauf oder Rinne<br \/>\nin Maschinenn\u00e4he unterhalb des Maschinentanks mit Standrohr<br \/>\n&#8211; mit Hauptschalter<br \/>\n&#8211; leistungsstarke Kreiselpumpe<br \/>\n&#8211; Anlage auf Edelstahlrollen<br \/>\n&#8211; einlaufseitige Schr\u00e4ge<br \/>\n&#8211; auslaufseitige Schr\u00e4ge zur R\u00fcckf\u00fchrung von Wasser auf<br \/>\nden Kistenboden<br \/>\ninkl. 1-Mann Bedienung<\/p>\n","protected":false},"excerpt":{"rendered":"<p>1. Zone Hauptwaschzone: &#8211; mit einer Kreiselpumpe mit 2,2 kW (900l\/min bei ca. 1bar) auf insgesamt 60 Edelstahld\u00fcsen verteilt, die eine gr\u00fcndliche Reinigung von allen 4 Seiten erm\u00f6glichen. Durch einen Plattenfilter wird die Waschlauge st\u00e4ndig gereinigt und kontinuierlich gefiltert. &#8211; Tankvolumen 360 l &#8211; Heizleistung von 10 kW &#8211; Waschtemperatur in der Hauptwaschzone 50-55\u00b0 Celsius &#8230; <a title=\"VERKAUFT: Kitzinger Spiracon Kistenwaschanlage\" class=\"read-more\" href=\"https:\/\/www.strasser.co.at\/de\/produkt\/kitzinger-spiracon-kistenwaschanlage\/\" aria-label=\"Mehr dazu unter VERKAUFT: Kitzinger Spiracon Kistenwaschanlage\">Weiterlesen<\/a><\/p>\n","protected":false},"featured_media":24554,"comment_status":"closed","ping_status":"closed","template":"","meta":{"_acf_changed":false,"_crsspst_to_strasser-maschinench":false,"inline_featured_image":false},"product_cat":[92],"product_tag":[],"class_list":{"0":"post-24445","1":"product","2":"type-product","3":"status-publish","4":"has-post-thumbnail","6":"product_cat-verkauft","8":"first","9":"instock","10":"taxable","11":"shipping-taxable","12":"product-type-simple"},"acf":[],"_links":{"self":[{"href":"https:\/\/www.strasser.co.at\/de\/wp-json\/wp\/v2\/product\/24445","targetHints":{"allow":["GET"]}}],"collection":[{"href":"https:\/\/www.strasser.co.at\/de\/wp-json\/wp\/v2\/product"}],"about":[{"href":"https:\/\/www.strasser.co.at\/de\/wp-json\/wp\/v2\/types\/product"}],"replies":[{"embeddable":true,"href":"https:\/\/www.strasser.co.at\/de\/wp-json\/wp\/v2\/comments?post=24445"}],"wp:featuredmedia":[{"embeddable":true,"href":"https:\/\/www.strasser.co.at\/de\/wp-json\/wp\/v2\/media\/24554"}],"wp:attachment":[{"href":"https:\/\/www.strasser.co.at\/de\/wp-json\/wp\/v2\/media?parent=24445"}],"wp:term":[{"taxonomy":"product_cat","embeddable":true,"href":"https:\/\/www.strasser.co.at\/de\/wp-json\/wp\/v2\/product_cat?post=24445"},{"taxonomy":"product_tag","embeddable":true,"href":"https:\/\/www.strasser.co.at\/de\/wp-json\/wp\/v2\/product_tag?post=24445"}],"curies":[{"name":"wp","href":"https:\/\/api.w.org\/{rel}","templated":true}]}}