{"id":24503,"date":"2023-06-05T15:00:45","date_gmt":"2023-06-05T13:00:45","guid":{"rendered":"https:\/\/www.strasser.co.at\/?post_type=product&#038;p=24503"},"modified":"2023-06-14T08:17:44","modified_gmt":"2023-06-14T06:17:44","slug":"henkovac-vakuummaschine-e303","status":"publish","type":"product","link":"https:\/\/www.strasser.co.at\/de\/produkt\/henkovac-vakuummaschine-e303\/","title":{"rendered":"Henkovac Vakuummaschine E303"},"content":{"rendered":"<p>Standmodell fahrbar mit Busch Vakuumpumpe 100 m\u00b3<br \/>\nweitgehend massiv aus Edelstahl rostfrei<br \/>\nDeckel aus Edelstahl<br \/>\nKammergr\u00f6\u00dfe: 805 x 605 mm<br \/>\nProdukth\u00f6he max.: 210 mm<br \/>\nSchwei\u00dfl\u00e4nge: 1 x 780\/520 mm<br \/>\nMaschinenabmessungen: 940 x 870 x 1140 mm<br \/>\nDoppel- oder Trennschwei\u00dfung<br \/>\nmit Begasung<br \/>\n10 Programmzeitsteuerung<br \/>\nZykluszeit 25 &#8211; 35 sec<br \/>\nSchutz IP65<br \/>\nSpannung 400 V \/ 3 Ph. \/ 50 Hz<\/p>\n","protected":false},"excerpt":{"rendered":"<p>Standmodell fahrbar mit Busch Vakuumpumpe 100 m\u00b3 weitgehend massiv aus Edelstahl rostfrei Deckel aus Edelstahl Kammergr\u00f6\u00dfe: 805 x 605 mm Produkth\u00f6he max.: 210 mm Schwei\u00dfl\u00e4nge: 1 x 780\/520 mm Maschinenabmessungen: 940 x 870 x 1140 mm Doppel- oder Trennschwei\u00dfung mit Begasung 10 Programmzeitsteuerung Zykluszeit 25 &#8211; 35 sec Schutz IP65 Spannung 400 V \/ 3 &#8230; <a title=\"Henkovac Vakuummaschine E303\" class=\"read-more\" href=\"https:\/\/www.strasser.co.at\/de\/produkt\/henkovac-vakuummaschine-e303\/\" aria-label=\"Mehr dazu unter Henkovac Vakuummaschine E303\">Weiterlesen<\/a><\/p>\n","protected":false},"featured_media":24507,"comment_status":"closed","ping_status":"closed","template":"","meta":{"_acf_changed":false,"_crsspst_to_strasser-maschinench":false,"inline_featured_image":false},"product_cat":[92],"product_tag":[],"class_list":{"0":"post-24503","1":"product","2":"type-product","3":"status-publish","4":"has-post-thumbnail","6":"product_cat-verkauft","8":"first","9":"instock","10":"taxable","11":"shipping-taxable","12":"product-type-simple"},"acf":[],"_links":{"self":[{"href":"https:\/\/www.strasser.co.at\/de\/wp-json\/wp\/v2\/product\/24503","targetHints":{"allow":["GET"]}}],"collection":[{"href":"https:\/\/www.strasser.co.at\/de\/wp-json\/wp\/v2\/product"}],"about":[{"href":"https:\/\/www.strasser.co.at\/de\/wp-json\/wp\/v2\/types\/product"}],"replies":[{"embeddable":true,"href":"https:\/\/www.strasser.co.at\/de\/wp-json\/wp\/v2\/comments?post=24503"}],"wp:featuredmedia":[{"embeddable":true,"href":"https:\/\/www.strasser.co.at\/de\/wp-json\/wp\/v2\/media\/24507"}],"wp:attachment":[{"href":"https:\/\/www.strasser.co.at\/de\/wp-json\/wp\/v2\/media?parent=24503"}],"wp:term":[{"taxonomy":"product_cat","embeddable":true,"href":"https:\/\/www.strasser.co.at\/de\/wp-json\/wp\/v2\/product_cat?post=24503"},{"taxonomy":"product_tag","embeddable":true,"href":"https:\/\/www.strasser.co.at\/de\/wp-json\/wp\/v2\/product_tag?post=24503"}],"curies":[{"name":"wp","href":"https:\/\/api.w.org\/{rel}","templated":true}]}}