{"id":24574,"date":"2023-06-19T14:07:13","date_gmt":"2023-06-19T12:07:13","guid":{"rendered":"https:\/\/www.strasser.co.at\/?post_type=product&#038;p=24574"},"modified":"2024-04-12T08:54:52","modified_gmt":"2024-04-12T06:54:52","slug":"bastra-rauchanlage-elektro","status":"publish","type":"product","link":"https:\/\/www.strasser.co.at\/de\/produkt\/bastra-rauchanlage-elektro\/","title":{"rendered":"VERKAUFT: Bastra Rauchanlage Elektro"},"content":{"rendered":"<p>Rauchanlage f\u00fcr Spie\u00dfe 85 cm<br \/>\nGlimmraucherzeuger in der T\u00fcr<br \/>\nK\u00fchlung<br \/>\nFS 800 Steuerung<br \/>\nDusche extern<br \/>\nohne Lieferung und Aufstellung<\/p>\n","protected":false},"excerpt":{"rendered":"<p>Rauchanlage f\u00fcr Spie\u00dfe 85 cm Glimmraucherzeuger in der T\u00fcr K\u00fchlung FS 800 Steuerung Dusche extern ohne Lieferung und Aufstellung<\/p>\n","protected":false},"featured_media":24922,"comment_status":"closed","ping_status":"closed","template":"","meta":{"_acf_changed":false,"_crsspst_to_strasser-maschinench":false,"inline_featured_image":false},"product_cat":[92],"product_tag":[],"class_list":{"0":"post-24574","1":"product","2":"type-product","3":"status-publish","4":"has-post-thumbnail","6":"product_cat-verkauft","8":"first","9":"instock","10":"taxable","11":"shipping-taxable","12":"product-type-simple"},"acf":[],"_links":{"self":[{"href":"https:\/\/www.strasser.co.at\/de\/wp-json\/wp\/v2\/product\/24574","targetHints":{"allow":["GET"]}}],"collection":[{"href":"https:\/\/www.strasser.co.at\/de\/wp-json\/wp\/v2\/product"}],"about":[{"href":"https:\/\/www.strasser.co.at\/de\/wp-json\/wp\/v2\/types\/product"}],"replies":[{"embeddable":true,"href":"https:\/\/www.strasser.co.at\/de\/wp-json\/wp\/v2\/comments?post=24574"}],"wp:featuredmedia":[{"embeddable":true,"href":"https:\/\/www.strasser.co.at\/de\/wp-json\/wp\/v2\/media\/24922"}],"wp:attachment":[{"href":"https:\/\/www.strasser.co.at\/de\/wp-json\/wp\/v2\/media?parent=24574"}],"wp:term":[{"taxonomy":"product_cat","embeddable":true,"href":"https:\/\/www.strasser.co.at\/de\/wp-json\/wp\/v2\/product_cat?post=24574"},{"taxonomy":"product_tag","embeddable":true,"href":"https:\/\/www.strasser.co.at\/de\/wp-json\/wp\/v2\/product_tag?post=24574"}],"curies":[{"name":"wp","href":"https:\/\/api.w.org\/{rel}","templated":true}]}}