{"id":24595,"date":"2023-09-19T10:45:23","date_gmt":"2023-09-19T08:45:23","guid":{"rendered":"https:\/\/www.strasser.co.at\/?post_type=product&#038;p=24595"},"modified":"2025-11-24T10:12:50","modified_gmt":"2025-11-24T09:12:50","slug":"magurit-fromat-053","status":"publish","type":"product","link":"https:\/\/www.strasser.co.at\/de\/produkt\/magurit-fromat-053\/","title":{"rendered":"Magurit Fromat 053"},"content":{"rendered":"<div>robuste, ger\u00e4uscharme, hydraulisch angetriebene Maschine mit<\/div>\n<div>senkrechtem Schneidhub, auch bei sehr niedrigen Temperaturen<\/div>\n<div>erfolgen saubere Schnitte, f\u00fcr die gew\u00fcnschte St\u00fcckigkeit stehen<\/div>\n<div>unterschiedliche Messerk\u00f6pfe zur Verf\u00fcgung, leicht zu reinigende<\/div>\n<div>Voll-Edelstahlkonstruktion<\/div>\n<div><\/div>\n<div>Schneidma\u00dfe: max. B x H x L = 480 x 250 mm x L\u00e4nge unbegrenzt<\/div>\n<div>Ergebnis: Scheiben, Streifen oder faustgro\u00dfe St\u00fccke<\/div>\n<div>Leistung: abh\u00e4ngig von Blockma\u00dfen, Schnittst\u00e4rken,<\/div>\n<div>spezifischem Gewicht,<\/div>\n<div>Arbeitsablauf usw.<\/div>\n<div>Ausstattung: Haltevorrichtung<\/div>\n<div>pneumatische Wagenandr\u00fcckung<\/div>\n<div>Entnahmem\u00f6glichkeit in 200 lt. Standard-Wagen<\/div>\n<div>oder Magurit Schnecke<\/div>\n<div>Motor: 5,5 kW, 400 V &#8211; 50 Hz<\/div>\n<div>Gewicht: ca.\u00a0 825 kg netto<\/div>\n<div>Ma\u00dfe: L x B x H = 2670 x 1300 x 2200 mm<\/div>\n","protected":false},"excerpt":{"rendered":"<p>robuste, ger\u00e4uscharme, hydraulisch angetriebene Maschine mit senkrechtem Schneidhub, auch bei sehr niedrigen Temperaturen erfolgen saubere Schnitte, f\u00fcr die gew\u00fcnschte St\u00fcckigkeit stehen unterschiedliche Messerk\u00f6pfe zur Verf\u00fcgung, leicht zu reinigende Voll-Edelstahlkonstruktion Schneidma\u00dfe: max. B x H x L = 480 x 250 mm x L\u00e4nge unbegrenzt Ergebnis: Scheiben, Streifen oder faustgro\u00dfe St\u00fccke Leistung: abh\u00e4ngig von Blockma\u00dfen, Schnittst\u00e4rken, &#8230; <a title=\"Magurit Fromat 053\" class=\"read-more\" href=\"https:\/\/www.strasser.co.at\/de\/produkt\/magurit-fromat-053\/\" aria-label=\"Mehr dazu unter Magurit Fromat 053\">Weiterlesen<\/a><\/p>\n","protected":false},"featured_media":24602,"comment_status":"closed","ping_status":"closed","template":"","meta":{"_acf_changed":false,"_crsspst_to_strasser-maschinench":true,"inline_featured_image":false},"product_cat":[104],"product_tag":[],"class_list":{"0":"post-24595","1":"product","2":"type-product","3":"status-publish","4":"has-post-thumbnail","6":"product_cat-gefrierfleischschneider","8":"first","9":"instock","10":"taxable","11":"shipping-taxable","12":"product-type-simple"},"acf":[],"_links":{"self":[{"href":"https:\/\/www.strasser.co.at\/de\/wp-json\/wp\/v2\/product\/24595","targetHints":{"allow":["GET"]}}],"collection":[{"href":"https:\/\/www.strasser.co.at\/de\/wp-json\/wp\/v2\/product"}],"about":[{"href":"https:\/\/www.strasser.co.at\/de\/wp-json\/wp\/v2\/types\/product"}],"replies":[{"embeddable":true,"href":"https:\/\/www.strasser.co.at\/de\/wp-json\/wp\/v2\/comments?post=24595"}],"wp:featuredmedia":[{"embeddable":true,"href":"https:\/\/www.strasser.co.at\/de\/wp-json\/wp\/v2\/media\/24602"}],"wp:attachment":[{"href":"https:\/\/www.strasser.co.at\/de\/wp-json\/wp\/v2\/media?parent=24595"}],"wp:term":[{"taxonomy":"product_cat","embeddable":true,"href":"https:\/\/www.strasser.co.at\/de\/wp-json\/wp\/v2\/product_cat?post=24595"},{"taxonomy":"product_tag","embeddable":true,"href":"https:\/\/www.strasser.co.at\/de\/wp-json\/wp\/v2\/product_tag?post=24595"}],"curies":[{"name":"wp","href":"https:\/\/api.w.org\/{rel}","templated":true}]}}