{"id":24671,"date":"2023-06-30T11:21:37","date_gmt":"2023-06-30T09:21:37","guid":{"rendered":"https:\/\/www.strasser.co.at\/?post_type=product&#038;p=24671"},"modified":"2023-07-07T08:20:26","modified_gmt":"2023-07-07T06:20:26","slug":"magurit-fromat-042-profi-2","status":"publish","type":"product","link":"https:\/\/www.strasser.co.at\/de\/produkt\/magurit-fromat-042-profi-2\/","title":{"rendered":"Magurit Fromat 042 Profi"},"content":{"rendered":"<div>robuste, ger\u00e4uscharme, hydraulisch angetriebene Maschine mit<\/div>\n<div>senkrechtem Schneidhub, auch bei sehr niedrigen Temperaturen<\/div>\n<div>erfolgen saubere Schnitte, f\u00fcr die gew\u00fcnschte St\u00fcckigkeit stehen<\/div>\n<div>unterschiedliche Messerk\u00f6pfe zur Verf\u00fcgung, leicht zu reinigende<\/div>\n<div>Voll-Edelstahlkonstruktion<\/div>\n<div><\/div>\n<div>Schneidma\u00dfe: max. L x B x H = 750 x 480 x 240 mm<\/div>\n<div>Ergebnis: Scheiben, Streifen oder faustgro\u00dfe St\u00fccke<\/div>\n<div>Leistung: abh\u00e4ngig von Blockma\u00dfen, Schnittst\u00e4rken, spezifischem Gewicht,<\/div>\n<div>Arbeitsablauf usw.<\/div>\n<div>Ausstattung: pneumatische Hebevorrichtung<\/div>\n<div>pneumatische Wagenandr\u00fcckung<\/div>\n<div>Entnahmem\u00f6glichkeit in 200 lt. Standard-Wagen<\/div>\n<div>oder Magurit Schnecke<\/div>\n<div>Motor: 4 kW Hydraulik, 400 V &#8211; 50 Hz<\/div>\n<div>Gewicht: ca.\u00a0 490 kg netto<\/div>\n<div>Ma\u00dfe: L x B x H = 1700 x 1100 x 1850 mm<\/div>\n<div>inkl. Quermesserkopf, 5 Messer, 5 Quermesser Nr. 22-069<\/div>\n","protected":false},"excerpt":{"rendered":"<p>robuste, ger\u00e4uscharme, hydraulisch angetriebene Maschine mit senkrechtem Schneidhub, auch bei sehr niedrigen Temperaturen erfolgen saubere Schnitte, f\u00fcr die gew\u00fcnschte St\u00fcckigkeit stehen unterschiedliche Messerk\u00f6pfe zur Verf\u00fcgung, leicht zu reinigende Voll-Edelstahlkonstruktion Schneidma\u00dfe: max. L x B x H = 750 x 480 x 240 mm Ergebnis: Scheiben, Streifen oder faustgro\u00dfe St\u00fccke Leistung: abh\u00e4ngig von Blockma\u00dfen, Schnittst\u00e4rken, spezifischem &#8230; <a title=\"Magurit Fromat 042 Profi\" class=\"read-more\" href=\"https:\/\/www.strasser.co.at\/de\/produkt\/magurit-fromat-042-profi-2\/\" aria-label=\"Mehr dazu unter Magurit Fromat 042 Profi\">Weiterlesen<\/a><\/p>\n","protected":false},"featured_media":24672,"comment_status":"closed","ping_status":"closed","template":"","meta":{"_acf_changed":false,"_crsspst_to_strasser-maschinench":false,"inline_featured_image":false},"product_cat":[92],"product_tag":[],"class_list":{"0":"post-24671","1":"product","2":"type-product","3":"status-publish","4":"has-post-thumbnail","6":"product_cat-verkauft","8":"first","9":"instock","10":"taxable","11":"shipping-taxable","12":"product-type-simple"},"acf":[],"_links":{"self":[{"href":"https:\/\/www.strasser.co.at\/de\/wp-json\/wp\/v2\/product\/24671","targetHints":{"allow":["GET"]}}],"collection":[{"href":"https:\/\/www.strasser.co.at\/de\/wp-json\/wp\/v2\/product"}],"about":[{"href":"https:\/\/www.strasser.co.at\/de\/wp-json\/wp\/v2\/types\/product"}],"replies":[{"embeddable":true,"href":"https:\/\/www.strasser.co.at\/de\/wp-json\/wp\/v2\/comments?post=24671"}],"wp:featuredmedia":[{"embeddable":true,"href":"https:\/\/www.strasser.co.at\/de\/wp-json\/wp\/v2\/media\/24672"}],"wp:attachment":[{"href":"https:\/\/www.strasser.co.at\/de\/wp-json\/wp\/v2\/media?parent=24671"}],"wp:term":[{"taxonomy":"product_cat","embeddable":true,"href":"https:\/\/www.strasser.co.at\/de\/wp-json\/wp\/v2\/product_cat?post=24671"},{"taxonomy":"product_tag","embeddable":true,"href":"https:\/\/www.strasser.co.at\/de\/wp-json\/wp\/v2\/product_tag?post=24671"}],"curies":[{"name":"wp","href":"https:\/\/api.w.org\/{rel}","templated":true}]}}