{"id":24720,"date":"2023-07-11T15:30:22","date_gmt":"2023-07-11T13:28:52","guid":{"rendered":"https:\/\/www.strasser.co.at\/?post_type=product&#038;p=24720"},"modified":"2023-11-27T11:58:08","modified_gmt":"2023-11-27T10:58:08","slug":"frey-fueller-kompakta-2-30-ltr-c60h","status":"publish","type":"product","link":"https:\/\/www.strasser.co.at\/de\/produkt\/frey-fueller-kompakta-2-30-ltr-c60h\/","title":{"rendered":"Verkauft: Frey F\u00fcller Kompakta 2\/30 Ltr. C60H"},"content":{"rendered":"<p>Vollelektronisch gesteuerter F\u00fcll- und Portionierautomat<br \/>\ngeeignet f\u00fcr alle Wurstsorten<br \/>\nzum Geradeausf\u00fcllen, Portionieren und Abdrehen<br \/>\nmit C60H Steuerung und Speicher f\u00fcr 99 F\u00fcllprogramme<br \/>\nTempo, Abdrehzahl und Pausenl\u00e4nge stufenlos einstellbar<br \/>\nF\u00fcllstandsanzeige, St\u00fcckz\u00e4hler, St\u00fcckzahlabschaltung<br \/>\nPortionszugabe 1. Portion<br \/>\nPortionierbereich 5 &#8211; 10.000 g<br \/>\nPortioniergeschwindigkeit bis 250 Port.\/Min<br \/>\nF\u00fcll-Zylinder mit 30 ltr. Inhalt<br \/>\nNirosta massiv mit Gleitbelag<br \/>\nKolben hochwertiger verschlei\u00dffester Kunststoff<br \/>\nAnschlusswert: 3,3 kW<br \/>\nDrehstrom: 400V \/ 50Hz<br \/>\nStandardzubeh\u00f6r<br \/>\nohne Darmhaltevorrichtung<\/p>\n","protected":false},"excerpt":{"rendered":"<p>Vollelektronisch gesteuerter F\u00fcll- und Portionierautomat geeignet f\u00fcr alle Wurstsorten zum Geradeausf\u00fcllen, Portionieren und Abdrehen mit C60H Steuerung und Speicher f\u00fcr 99 F\u00fcllprogramme Tempo, Abdrehzahl und Pausenl\u00e4nge stufenlos einstellbar F\u00fcllstandsanzeige, St\u00fcckz\u00e4hler, St\u00fcckzahlabschaltung Portionszugabe 1. Portion Portionierbereich 5 &#8211; 10.000 g Portioniergeschwindigkeit bis 250 Port.\/Min F\u00fcll-Zylinder mit 30 ltr. Inhalt Nirosta massiv mit Gleitbelag Kolben hochwertiger verschlei\u00dffester &#8230; <a title=\"Verkauft: Frey F\u00fcller Kompakta 2\/30 Ltr. C60H\" class=\"read-more\" href=\"https:\/\/www.strasser.co.at\/de\/produkt\/frey-fueller-kompakta-2-30-ltr-c60h\/\" aria-label=\"Mehr dazu unter Verkauft: Frey F\u00fcller Kompakta 2\/30 Ltr. C60H\">Weiterlesen<\/a><\/p>\n","protected":false},"featured_media":0,"comment_status":"closed","ping_status":"closed","template":"","meta":{"_acf_changed":false,"_crsspst_to_strasser-maschinench":false,"inline_featured_image":false},"product_cat":[92],"product_tag":[],"class_list":{"0":"post-24720","1":"product","2":"type-product","3":"status-publish","5":"product_cat-verkauft","7":"first","8":"instock","9":"taxable","10":"shipping-taxable","11":"product-type-simple"},"acf":[],"_links":{"self":[{"href":"https:\/\/www.strasser.co.at\/de\/wp-json\/wp\/v2\/product\/24720","targetHints":{"allow":["GET"]}}],"collection":[{"href":"https:\/\/www.strasser.co.at\/de\/wp-json\/wp\/v2\/product"}],"about":[{"href":"https:\/\/www.strasser.co.at\/de\/wp-json\/wp\/v2\/types\/product"}],"replies":[{"embeddable":true,"href":"https:\/\/www.strasser.co.at\/de\/wp-json\/wp\/v2\/comments?post=24720"}],"wp:attachment":[{"href":"https:\/\/www.strasser.co.at\/de\/wp-json\/wp\/v2\/media?parent=24720"}],"wp:term":[{"taxonomy":"product_cat","embeddable":true,"href":"https:\/\/www.strasser.co.at\/de\/wp-json\/wp\/v2\/product_cat?post=24720"},{"taxonomy":"product_tag","embeddable":true,"href":"https:\/\/www.strasser.co.at\/de\/wp-json\/wp\/v2\/product_tag?post=24720"}],"curies":[{"name":"wp","href":"https:\/\/api.w.org\/{rel}","templated":true}]}}