{"id":24743,"date":"2023-07-12T14:01:40","date_gmt":"2023-07-12T12:01:40","guid":{"rendered":"https:\/\/www.strasser.co.at\/?post_type=product&#038;p=24743"},"modified":"2025-01-20T11:17:57","modified_gmt":"2025-01-20T10:17:57","slug":"seydelmann-mischer-mr-1800","status":"publish","type":"product","link":"https:\/\/www.strasser.co.at\/de\/produkt\/seydelmann-mischer-mr-1800\/","title":{"rendered":"Seydelmann Mischer MR 1800"},"content":{"rendered":"<p>weitgehend massiv rostfrei<br \/>\n2 Mischachsen, unabh\u00e4ngig voneinander,<br \/>\nvorw\u00e4rts und r\u00fcckw\u00e4rts, schnell und langsam<br \/>\nlaufend schaltbar<br \/>\nTrichterinhalt 1800 Liter<br \/>\nMischkapazit\u00e4t 400-1200 kg<br \/>\n2 Mischmotoren 2-tourig, 6,5\/8 kW<br \/>\nSchaltschrank eingebaut<br \/>\nSchaltwippe<br \/>\n20 kW, 400V, 50Hz<br \/>\n6-10 bar<br \/>\nSteuerung AutoCommand in sep.<br \/>\nrostfreiem Geh\u00e4use.<br \/>\nBedienungsb\u00fchne rechtsseitig aus<br \/>\nrostfreiem Stahl<br \/>\n4 Erh\u00f6hungsf\u00fc\u00dfe f\u00fcr Unterfahrh\u00f6he passend zu BW200L<br \/>\n2 Trichterausl\u00e4ufe pneumatisch<br \/>\nmit Mastbeladung f\u00fcr BW 200 L<\/p>\n","protected":false},"excerpt":{"rendered":"<p>weitgehend massiv rostfrei 2 Mischachsen, unabh\u00e4ngig voneinander, vorw\u00e4rts und r\u00fcckw\u00e4rts, schnell und langsam laufend schaltbar Trichterinhalt 1800 Liter Mischkapazit\u00e4t 400-1200 kg 2 Mischmotoren 2-tourig, 6,5\/8 kW Schaltschrank eingebaut Schaltwippe 20 kW, 400V, 50Hz 6-10 bar Steuerung AutoCommand in sep. rostfreiem Geh\u00e4use. Bedienungsb\u00fchne rechtsseitig aus rostfreiem Stahl 4 Erh\u00f6hungsf\u00fc\u00dfe f\u00fcr Unterfahrh\u00f6he passend zu BW200L 2 Trichterausl\u00e4ufe &#8230; <a title=\"Seydelmann Mischer MR 1800\" class=\"read-more\" href=\"https:\/\/www.strasser.co.at\/de\/produkt\/seydelmann-mischer-mr-1800\/\" aria-label=\"Mehr dazu unter Seydelmann Mischer MR 1800\">Weiterlesen<\/a><\/p>\n","protected":false},"featured_media":25576,"comment_status":"closed","ping_status":"closed","template":"","meta":{"_acf_changed":false,"_crsspst_to_strasser-maschinench":false,"inline_featured_image":false},"product_cat":[209],"product_tag":[],"class_list":{"0":"post-24743","1":"product","2":"type-product","3":"status-publish","4":"has-post-thumbnail","6":"product_cat-mischer","8":"first","9":"instock","10":"taxable","11":"shipping-taxable","12":"product-type-simple"},"acf":[],"_links":{"self":[{"href":"https:\/\/www.strasser.co.at\/de\/wp-json\/wp\/v2\/product\/24743","targetHints":{"allow":["GET"]}}],"collection":[{"href":"https:\/\/www.strasser.co.at\/de\/wp-json\/wp\/v2\/product"}],"about":[{"href":"https:\/\/www.strasser.co.at\/de\/wp-json\/wp\/v2\/types\/product"}],"replies":[{"embeddable":true,"href":"https:\/\/www.strasser.co.at\/de\/wp-json\/wp\/v2\/comments?post=24743"}],"wp:featuredmedia":[{"embeddable":true,"href":"https:\/\/www.strasser.co.at\/de\/wp-json\/wp\/v2\/media\/25576"}],"wp:attachment":[{"href":"https:\/\/www.strasser.co.at\/de\/wp-json\/wp\/v2\/media?parent=24743"}],"wp:term":[{"taxonomy":"product_cat","embeddable":true,"href":"https:\/\/www.strasser.co.at\/de\/wp-json\/wp\/v2\/product_cat?post=24743"},{"taxonomy":"product_tag","embeddable":true,"href":"https:\/\/www.strasser.co.at\/de\/wp-json\/wp\/v2\/product_tag?post=24743"}],"curies":[{"name":"wp","href":"https:\/\/api.w.org\/{rel}","templated":true}]}}