{"id":24780,"date":"2023-07-17T15:23:25","date_gmt":"2023-07-17T13:23:25","guid":{"rendered":"https:\/\/www.strasser.co.at\/?post_type=product&#038;p=24780"},"modified":"2023-08-01T15:19:35","modified_gmt":"2023-08-01T13:19:35","slug":"henneken-lakemischer-hvm-400-l-2","status":"publish","type":"product","link":"https:\/\/www.strasser.co.at\/de\/produkt\/henneken-lakemischer-hvm-400-l-2\/","title":{"rendered":"VERKAUFT Henneken Lakemischer HVM 400 L"},"content":{"rendered":"<p>Volumen 400 l<br \/>\nohne K\u00fchlung<br \/>\nmit leistungsstarker, selbstsaugender<br \/>\nKreiselpumpe<br \/>\nmit Ein-Aus-Schalter f\u00fcr Pumpe<br \/>\nPumpengeh\u00e4use und Rotor in Edelstahl<br \/>\nMotor mit Edelstahlhaube abgedeckt<br \/>\nPumpenleistung 1,85 kW<br \/>\nAnsaugleitung: \u00d8 40 mm<br \/>\nDruckseite: \u00d8 40 mm<br \/>\nAnsaugtrichter mit Strahlpumpensystem (Venturi)<br \/>\nmit 3 St\u00fcck druckfesten Schieberventilen zum<br \/>\n\u00d6ffnen und Schlie\u00dfen des Ansaugtrichters<br \/>\n\u00d6ffnen und Schlie\u00dfen des Mischkreislaufes<br \/>\n\u00d6ffnen und Schlie\u00dfen f\u00fcr Solef\u00fchrung-Injektor<br \/>\nTrockenlaufschutz (Str\u00f6mungssensor)<br \/>\nAuf R\u00e4dern, fahrbar anstatt Stellf\u00fc\u00dfe<\/p>\n<p>&nbsp;<\/p>\n<div class=\"col-sm-offset-1 col-sm-5\">\n<div class=\"appointment__form-wrapper\">\n<form class=\"appointment__form\" role=\"form\" method=\"post\" name=\"express_request_form\"><\/form>\n<\/div>\n<\/div>\n","protected":false},"excerpt":{"rendered":"<p>Volumen 400 l ohne K\u00fchlung mit leistungsstarker, selbstsaugender Kreiselpumpe mit Ein-Aus-Schalter f\u00fcr Pumpe Pumpengeh\u00e4use und Rotor in Edelstahl Motor mit Edelstahlhaube abgedeckt Pumpenleistung 1,85 kW Ansaugleitung: \u00d8 40 mm Druckseite: \u00d8 40 mm Ansaugtrichter mit Strahlpumpensystem (Venturi) mit 3 St\u00fcck druckfesten Schieberventilen zum \u00d6ffnen und Schlie\u00dfen des Ansaugtrichters \u00d6ffnen und Schlie\u00dfen des Mischkreislaufes \u00d6ffnen und &#8230; <a title=\"VERKAUFT Henneken Lakemischer HVM 400 L\" class=\"read-more\" href=\"https:\/\/www.strasser.co.at\/de\/produkt\/henneken-lakemischer-hvm-400-l-2\/\" aria-label=\"Mehr dazu unter VERKAUFT Henneken Lakemischer HVM 400 L\">Weiterlesen<\/a><\/p>\n","protected":false},"featured_media":18904,"comment_status":"open","ping_status":"closed","template":"","meta":{"_acf_changed":false,"_crsspst_to_strasser-maschinench":false,"inline_featured_image":false},"product_cat":[92],"product_tag":[],"class_list":{"0":"post-24780","1":"product","2":"type-product","3":"status-publish","4":"has-post-thumbnail","6":"product_cat-verkauft","8":"first","9":"instock","10":"taxable","11":"shipping-taxable","12":"product-type-simple"},"acf":[],"_links":{"self":[{"href":"https:\/\/www.strasser.co.at\/de\/wp-json\/wp\/v2\/product\/24780","targetHints":{"allow":["GET"]}}],"collection":[{"href":"https:\/\/www.strasser.co.at\/de\/wp-json\/wp\/v2\/product"}],"about":[{"href":"https:\/\/www.strasser.co.at\/de\/wp-json\/wp\/v2\/types\/product"}],"replies":[{"embeddable":true,"href":"https:\/\/www.strasser.co.at\/de\/wp-json\/wp\/v2\/comments?post=24780"}],"wp:featuredmedia":[{"embeddable":true,"href":"https:\/\/www.strasser.co.at\/de\/wp-json\/wp\/v2\/media\/18904"}],"wp:attachment":[{"href":"https:\/\/www.strasser.co.at\/de\/wp-json\/wp\/v2\/media?parent=24780"}],"wp:term":[{"taxonomy":"product_cat","embeddable":true,"href":"https:\/\/www.strasser.co.at\/de\/wp-json\/wp\/v2\/product_cat?post=24780"},{"taxonomy":"product_tag","embeddable":true,"href":"https:\/\/www.strasser.co.at\/de\/wp-json\/wp\/v2\/product_tag?post=24780"}],"curies":[{"name":"wp","href":"https:\/\/api.w.org\/{rel}","templated":true}]}}