{"id":24785,"date":"2023-07-18T12:53:01","date_gmt":"2023-07-18T10:53:01","guid":{"rendered":"https:\/\/www.strasser.co.at\/?post_type=product&#038;p=24785"},"modified":"2024-04-02T15:50:05","modified_gmt":"2024-04-02T13:50:05","slug":"seydelmann-kutter-k60-u-2","status":"publish","type":"product","link":"https:\/\/www.strasser.co.at\/de\/produkt\/seydelmann-kutter-k60-u-2\/","title":{"rendered":"VERKAUFT: Seydelmann Kutter K60 U"},"content":{"rendered":"<p>massiv aus Edelstahl rostfrei<br \/>\n60 L Sch\u00fcssel massiv aus Edelstahl rostfrei<br \/>\n2 Geschwindigkeiten f\u00fcr die Messer<br \/>\n2 Mischg\u00e4nge vorw\u00e4rts<br \/>\n2 Sch\u00fcsselgeschwindigkeiten<br \/>\nDigitalanzeige<br \/>\ndigitale Anzeige<br \/>\nin separatem Geh\u00e4use<br \/>\nSchaltschrank separat<br \/>\ninkl. 6 Kuttermesser, mit Zubeh\u00f6r, gebraucht<\/p>\n","protected":false},"excerpt":{"rendered":"<p>massiv aus Edelstahl rostfrei 60 L Sch\u00fcssel massiv aus Edelstahl rostfrei 2 Geschwindigkeiten f\u00fcr die Messer 2 Mischg\u00e4nge vorw\u00e4rts 2 Sch\u00fcsselgeschwindigkeiten Digitalanzeige digitale Anzeige in separatem Geh\u00e4use Schaltschrank separat inkl. 6 Kuttermesser, mit Zubeh\u00f6r, gebraucht<\/p>\n","protected":false},"featured_media":0,"comment_status":"closed","ping_status":"closed","template":"","meta":{"_acf_changed":false,"_crsspst_to_strasser-maschinench":false,"inline_featured_image":false},"product_cat":[92],"product_tag":[],"class_list":{"0":"post-24785","1":"product","2":"type-product","3":"status-publish","5":"product_cat-verkauft","7":"first","8":"instock","9":"taxable","10":"shipping-taxable","11":"product-type-simple"},"acf":[],"_links":{"self":[{"href":"https:\/\/www.strasser.co.at\/de\/wp-json\/wp\/v2\/product\/24785","targetHints":{"allow":["GET"]}}],"collection":[{"href":"https:\/\/www.strasser.co.at\/de\/wp-json\/wp\/v2\/product"}],"about":[{"href":"https:\/\/www.strasser.co.at\/de\/wp-json\/wp\/v2\/types\/product"}],"replies":[{"embeddable":true,"href":"https:\/\/www.strasser.co.at\/de\/wp-json\/wp\/v2\/comments?post=24785"}],"wp:attachment":[{"href":"https:\/\/www.strasser.co.at\/de\/wp-json\/wp\/v2\/media?parent=24785"}],"wp:term":[{"taxonomy":"product_cat","embeddable":true,"href":"https:\/\/www.strasser.co.at\/de\/wp-json\/wp\/v2\/product_cat?post=24785"},{"taxonomy":"product_tag","embeddable":true,"href":"https:\/\/www.strasser.co.at\/de\/wp-json\/wp\/v2\/product_tag?post=24785"}],"curies":[{"name":"wp","href":"https:\/\/api.w.org\/{rel}","templated":true}]}}