{"id":24850,"date":"2023-07-28T11:05:45","date_gmt":"2023-07-28T09:05:45","guid":{"rendered":"https:\/\/www.strasser.co.at\/?post_type=product&#038;p=24850"},"modified":"2024-04-30T14:13:35","modified_gmt":"2024-04-30T12:13:35","slug":"seydelmann-kutter-k60-dc-8-2","status":"publish","type":"product","link":"https:\/\/www.strasser.co.at\/de\/produkt\/seydelmann-kutter-k60-dc-8-2\/","title":{"rendered":"Seydelmann Kutter K60 DC-6"},"content":{"rendered":"<p>massiv aus Edelstahl rostfrei<br \/>\n60 Liter Sch\u00fcssel massiv aus Edelstahl rostfrei<br \/>\n6 stufenlos vorprogrammierbare Messergeschwindigkeiten<br \/>\n2 Sch\u00fcsselgeschwindigkeiten<br \/>\nAuswerfer<br \/>\nMicro 12<br \/>\ndigitale Anzeige f\u00fcr Temperatur, Laufzeit und Geschwindigkeit<br \/>\nin separatem Edelstahl Geh\u00e4use<br \/>\nL\u00e4rmschutzdeckel<br \/>\n40 kW, 400 V, 50 Hz<br \/>\nEdelstahlschrank separat<br \/>\ninkl. 6 Kuttermesser, mit Zubeh\u00f6r, gebraucht<\/p>\n","protected":false},"excerpt":{"rendered":"<p>massiv aus Edelstahl rostfrei 60 Liter Sch\u00fcssel massiv aus Edelstahl rostfrei 6 stufenlos vorprogrammierbare Messergeschwindigkeiten 2 Sch\u00fcsselgeschwindigkeiten Auswerfer Micro 12 digitale Anzeige f\u00fcr Temperatur, Laufzeit und Geschwindigkeit in separatem Edelstahl Geh\u00e4use L\u00e4rmschutzdeckel 40 kW, 400 V, 50 Hz Edelstahlschrank separat inkl. 6 Kuttermesser, mit Zubeh\u00f6r, gebraucht<\/p>\n","protected":false},"featured_media":25162,"comment_status":"closed","ping_status":"closed","template":"","meta":{"_acf_changed":false,"_crsspst_to_strasser-maschinench":true,"inline_featured_image":false},"product_cat":[98],"product_tag":[],"class_list":{"0":"post-24850","1":"product","2":"type-product","3":"status-publish","4":"has-post-thumbnail","6":"product_cat-kutter","8":"first","9":"instock","10":"taxable","11":"shipping-taxable","12":"product-type-simple"},"acf":[],"_links":{"self":[{"href":"https:\/\/www.strasser.co.at\/de\/wp-json\/wp\/v2\/product\/24850","targetHints":{"allow":["GET"]}}],"collection":[{"href":"https:\/\/www.strasser.co.at\/de\/wp-json\/wp\/v2\/product"}],"about":[{"href":"https:\/\/www.strasser.co.at\/de\/wp-json\/wp\/v2\/types\/product"}],"replies":[{"embeddable":true,"href":"https:\/\/www.strasser.co.at\/de\/wp-json\/wp\/v2\/comments?post=24850"}],"wp:featuredmedia":[{"embeddable":true,"href":"https:\/\/www.strasser.co.at\/de\/wp-json\/wp\/v2\/media\/25162"}],"wp:attachment":[{"href":"https:\/\/www.strasser.co.at\/de\/wp-json\/wp\/v2\/media?parent=24850"}],"wp:term":[{"taxonomy":"product_cat","embeddable":true,"href":"https:\/\/www.strasser.co.at\/de\/wp-json\/wp\/v2\/product_cat?post=24850"},{"taxonomy":"product_tag","embeddable":true,"href":"https:\/\/www.strasser.co.at\/de\/wp-json\/wp\/v2\/product_tag?post=24850"}],"curies":[{"name":"wp","href":"https:\/\/api.w.org\/{rel}","templated":true}]}}