{"id":25041,"date":"2023-09-14T10:59:11","date_gmt":"2023-09-14T08:59:11","guid":{"rendered":"https:\/\/www.strasser.co.at\/?post_type=product&#038;p=25041"},"modified":"2024-07-22T08:17:39","modified_gmt":"2024-07-22T06:17:39","slug":"maja-eiserzeuger-sah-170l","status":"publish","type":"product","link":"https:\/\/www.strasser.co.at\/de\/produkt\/maja-eiserzeuger-sah-170l\/","title":{"rendered":"Verkauft: Maja Eiserzeuger SAH 170L"},"content":{"rendered":"<p>Eisleistung 170 kg \/ 24 h<br \/>\nKompakte, steckerfertige Scherbeneismaschine<br \/>\nmit fahrbarem Eisvorratsbeh\u00e4lter EV 50<br \/>\nzur Bevorratung und dem Transport<br \/>\nvon ca. 50 kg Eis<br \/>\nRahmen und Geh\u00e4use aus Edelstahl<br \/>\ninkl. automatischem Reinigungsprogramm<br \/>\nmit integriertem K\u00e4lteaggregat<br \/>\nK\u00e4ltemittel R449A<\/p>\n","protected":false},"excerpt":{"rendered":"<p>Eisleistung 170 kg \/ 24 h Kompakte, steckerfertige Scherbeneismaschine mit fahrbarem Eisvorratsbeh\u00e4lter EV 50 zur Bevorratung und dem Transport von ca. 50 kg Eis Rahmen und Geh\u00e4use aus Edelstahl inkl. automatischem Reinigungsprogramm mit integriertem K\u00e4lteaggregat K\u00e4ltemittel R449A<\/p>\n","protected":false},"featured_media":26818,"comment_status":"closed","ping_status":"closed","template":"","meta":{"_acf_changed":false,"_crsspst_to_strasser-maschinench":true,"inline_featured_image":false},"product_cat":[92],"product_tag":[],"class_list":{"0":"post-25041","1":"product","2":"type-product","3":"status-publish","4":"has-post-thumbnail","6":"product_cat-verkauft","8":"first","9":"instock","10":"taxable","11":"shipping-taxable","12":"product-type-simple"},"acf":[],"_links":{"self":[{"href":"https:\/\/www.strasser.co.at\/de\/wp-json\/wp\/v2\/product\/25041","targetHints":{"allow":["GET"]}}],"collection":[{"href":"https:\/\/www.strasser.co.at\/de\/wp-json\/wp\/v2\/product"}],"about":[{"href":"https:\/\/www.strasser.co.at\/de\/wp-json\/wp\/v2\/types\/product"}],"replies":[{"embeddable":true,"href":"https:\/\/www.strasser.co.at\/de\/wp-json\/wp\/v2\/comments?post=25041"}],"wp:featuredmedia":[{"embeddable":true,"href":"https:\/\/www.strasser.co.at\/de\/wp-json\/wp\/v2\/media\/26818"}],"wp:attachment":[{"href":"https:\/\/www.strasser.co.at\/de\/wp-json\/wp\/v2\/media?parent=25041"}],"wp:term":[{"taxonomy":"product_cat","embeddable":true,"href":"https:\/\/www.strasser.co.at\/de\/wp-json\/wp\/v2\/product_cat?post=25041"},{"taxonomy":"product_tag","embeddable":true,"href":"https:\/\/www.strasser.co.at\/de\/wp-json\/wp\/v2\/product_tag?post=25041"}],"curies":[{"name":"wp","href":"https:\/\/api.w.org\/{rel}","templated":true}]}}