{"id":25227,"date":"2023-10-18T10:38:11","date_gmt":"2023-10-18T08:38:11","guid":{"rendered":"https:\/\/www.strasser.co.at\/?post_type=product&#038;p=25227"},"modified":"2025-10-22T14:59:58","modified_gmt":"2025-10-22T12:59:58","slug":"kt-slicer-f-19s","status":"publish","type":"product","link":"https:\/\/www.strasser.co.at\/de\/produkt\/kt-slicer-f-19s\/","title":{"rendered":"KT SLICER F-19S"},"content":{"rendered":"<p>Ausstellungsmaschine \/ neuwertig<br \/>\ndie Schneidemaschine eignet sich sich f\u00fcr das in<br \/>\nScheiben- und Streifenschneiden von frischem,<br \/>\nknochenlosem Fleisch<br \/>\n&#8211; komplett aus Edelstahl rostfrei<br \/>\n&#8211; Kreismesser k\u00f6nnen ein St\u00fcck Fleisch mit einem<br \/>\nMaximalgewicht von 1,5 kg zerteilen<br \/>\n&#8211; Fleisch wird automatisch in die Maschine gezogen<br \/>\n&#8211; automatische Zuf\u00fchrung<br \/>\n&#8211; schnell zu Reinigen<br \/>\n&#8211; auch ideal f\u00fcr Gefl\u00fcgel, Fisch und Fr\u00fcchte und<br \/>\nGem\u00fcse geeignet<br \/>\ninkl. 10 Klingen \u00e1 18 mm<br \/>\n400V, 50 Hz, 3 Phasen<br \/>\nMotor: 1,5 kW<br \/>\nAbmessungen: TxBxH 77x50x71cm<br \/>\nGewicht: ca. 90 kg<\/p>\n","protected":false},"excerpt":{"rendered":"<p>Ausstellungsmaschine \/ neuwertig die Schneidemaschine eignet sich sich f\u00fcr das in Scheiben- und Streifenschneiden von frischem, knochenlosem Fleisch &#8211; komplett aus Edelstahl rostfrei &#8211; Kreismesser k\u00f6nnen ein St\u00fcck Fleisch mit einem Maximalgewicht von 1,5 kg zerteilen &#8211; Fleisch wird automatisch in die Maschine gezogen &#8211; automatische Zuf\u00fchrung &#8211; schnell zu Reinigen &#8211; auch ideal f\u00fcr &#8230; <a title=\"KT SLICER F-19S\" class=\"read-more\" href=\"https:\/\/www.strasser.co.at\/de\/produkt\/kt-slicer-f-19s\/\" aria-label=\"Mehr dazu unter KT SLICER F-19S\">Weiterlesen<\/a><\/p>\n","protected":false},"featured_media":25370,"comment_status":"closed","ping_status":"closed","template":"","meta":{"_acf_changed":false,"_crsspst_to_strasser-maschinench":true,"inline_featured_image":false},"product_cat":[417],"product_tag":[],"class_list":{"0":"post-25227","1":"product","2":"type-product","3":"status-publish","4":"has-post-thumbnail","6":"product_cat-schneidemaschinen","8":"first","9":"instock","10":"taxable","11":"shipping-taxable","12":"product-type-simple"},"acf":[],"_links":{"self":[{"href":"https:\/\/www.strasser.co.at\/de\/wp-json\/wp\/v2\/product\/25227","targetHints":{"allow":["GET"]}}],"collection":[{"href":"https:\/\/www.strasser.co.at\/de\/wp-json\/wp\/v2\/product"}],"about":[{"href":"https:\/\/www.strasser.co.at\/de\/wp-json\/wp\/v2\/types\/product"}],"replies":[{"embeddable":true,"href":"https:\/\/www.strasser.co.at\/de\/wp-json\/wp\/v2\/comments?post=25227"}],"wp:featuredmedia":[{"embeddable":true,"href":"https:\/\/www.strasser.co.at\/de\/wp-json\/wp\/v2\/media\/25370"}],"wp:attachment":[{"href":"https:\/\/www.strasser.co.at\/de\/wp-json\/wp\/v2\/media?parent=25227"}],"wp:term":[{"taxonomy":"product_cat","embeddable":true,"href":"https:\/\/www.strasser.co.at\/de\/wp-json\/wp\/v2\/product_cat?post=25227"},{"taxonomy":"product_tag","embeddable":true,"href":"https:\/\/www.strasser.co.at\/de\/wp-json\/wp\/v2\/product_tag?post=25227"}],"curies":[{"name":"wp","href":"https:\/\/api.w.org\/{rel}","templated":true}]}}