{"id":25229,"date":"2023-10-18T10:50:41","date_gmt":"2023-10-18T08:50:41","guid":{"rendered":"https:\/\/www.strasser.co.at\/?post_type=product&#038;p=25229"},"modified":"2023-12-04T14:27:11","modified_gmt":"2023-12-04T13:27:11","slug":"mainca-kutter-cm-14","status":"publish","type":"product","link":"https:\/\/www.strasser.co.at\/de\/produkt\/mainca-kutter-cm-14\/","title":{"rendered":"VERKAUFT: Mainca Kutter CM-14"},"content":{"rendered":"<p>Baujahr 2021<br \/>\nKonstruktion: aus rostfreiem Edelstahl<br \/>\nKapazit\u00e4t in lt.: 14 l<br \/>\nKapazit\u00e4t in kg: ca. 9 kg<br \/>\nMotoren f. Messer u. Sch\u00fcssel kombinierbar<br \/>\nMotorleistung Messer : (III, 400 V, 50 Hz)<br \/>\n1. Geschwindigkeit: 2,5 PS \/ 1,84 kW (1500rpm)<br \/>\n2. Geschwindigkeit: 3,50 PS \/ 2,57 kW (3000rpm)<br \/>\nMotorleistung Sch\u00fcssel:<br \/>\n1. Geschwindigkeit: 0,12 PS \/ 0,09 kW (10rpm)<br \/>\n2. Geschwindigkeit: 0,20 PS \/ 0,15 kW (20rpm)<br \/>\nMesserkopf mit 6 Messern<br \/>\nInkl. Untergestell fahrbar<\/p>\n","protected":false},"excerpt":{"rendered":"<p>Baujahr 2021 Konstruktion: aus rostfreiem Edelstahl Kapazit\u00e4t in lt.: 14 l Kapazit\u00e4t in kg: ca. 9 kg Motoren f. Messer u. Sch\u00fcssel kombinierbar Motorleistung Messer : (III, 400 V, 50 Hz) 1. Geschwindigkeit: 2,5 PS \/ 1,84 kW (1500rpm) 2. Geschwindigkeit: 3,50 PS \/ 2,57 kW (3000rpm) Motorleistung Sch\u00fcssel: 1. Geschwindigkeit: 0,12 PS \/ 0,09 &#8230; <a title=\"VERKAUFT: Mainca Kutter CM-14\" class=\"read-more\" href=\"https:\/\/www.strasser.co.at\/de\/produkt\/mainca-kutter-cm-14\/\" aria-label=\"Mehr dazu unter VERKAUFT: Mainca Kutter CM-14\">Weiterlesen<\/a><\/p>\n","protected":false},"featured_media":25280,"comment_status":"closed","ping_status":"closed","template":"","meta":{"_acf_changed":false,"_crsspst_to_strasser-maschinench":false,"inline_featured_image":false},"product_cat":[92],"product_tag":[],"class_list":{"0":"post-25229","1":"product","2":"type-product","3":"status-publish","4":"has-post-thumbnail","6":"product_cat-verkauft","8":"first","9":"instock","10":"taxable","11":"shipping-taxable","12":"product-type-simple"},"acf":[],"_links":{"self":[{"href":"https:\/\/www.strasser.co.at\/de\/wp-json\/wp\/v2\/product\/25229","targetHints":{"allow":["GET"]}}],"collection":[{"href":"https:\/\/www.strasser.co.at\/de\/wp-json\/wp\/v2\/product"}],"about":[{"href":"https:\/\/www.strasser.co.at\/de\/wp-json\/wp\/v2\/types\/product"}],"replies":[{"embeddable":true,"href":"https:\/\/www.strasser.co.at\/de\/wp-json\/wp\/v2\/comments?post=25229"}],"wp:featuredmedia":[{"embeddable":true,"href":"https:\/\/www.strasser.co.at\/de\/wp-json\/wp\/v2\/media\/25280"}],"wp:attachment":[{"href":"https:\/\/www.strasser.co.at\/de\/wp-json\/wp\/v2\/media?parent=25229"}],"wp:term":[{"taxonomy":"product_cat","embeddable":true,"href":"https:\/\/www.strasser.co.at\/de\/wp-json\/wp\/v2\/product_cat?post=25229"},{"taxonomy":"product_tag","embeddable":true,"href":"https:\/\/www.strasser.co.at\/de\/wp-json\/wp\/v2\/product_tag?post=25229"}],"curies":[{"name":"wp","href":"https:\/\/api.w.org\/{rel}","templated":true}]}}